{"id":13858,"date":"2026-02-27T00:19:34","date_gmt":"2026-02-27T00:19:34","guid":{"rendered":"https:\/\/nordicmart.andreevmaster.com\/product\/vasagle-skrivbord-med-utdragbar-tangentbordsbricka-vit\/"},"modified":"2026-02-27T08:12:26","modified_gmt":"2026-02-27T08:12:26","slug":"vasagle-skrivbord-med-utdragbar-tangentbordsbricka-vit","status":"publish","type":"product","link":"https:\/\/nordicmart.andreevmaster.com\/sv\/produkt\/vasagle-skrivbord-med-utdragbar-tangentbordsbricka-vit\/","title":{"rendered":"VASAGLE skrivbord med utdragbar tangentbordsbricka Vit"},"content":{"rendered":"<p>Detta kompakta skrivbord fr\u00e5n VASAGLE har ett tilltalande utseende och erbjuder b\u00e5de modern elegans och funktionalitet. Rena och eleganta linjer ger ett exklusivt designuttryck. Skrivbordet erbjuder gott om plats f\u00f6r tekniska apparater som dator och skrivare samt dina kontorsartiklar, samtidigt som det skapar ordning och \u00f6versikt med minimalt utrymmesbehov. Det \u00e4r inte bara funktionellt, utan ser ocks\u00e5 snyggt ut. Anm\u00e4rkningar:- Montering m\u00e5ste utf\u00f6ras av vuxna personer. Var t\u00e5lmodig vid montering. &#8211; Vi rekommenderar att du anv\u00e4nder en elektrisk skruvdragare (medf\u00f6ljer ej) f\u00f6r att underl\u00e4tta monteringen. &#8211; Alla tr\u00e4skivor och skruvar \u00e4r numrerade. Innan montering b\u00f6r du kontrollera att du har r\u00e4tt delar enligt instruktionerna. &#8211; F\u00f6lj instruktionerna noggrant vid montering f\u00f6r att undvika att blanda ihop br\u00e4dorna. &#8211; En reservskruv medf\u00f6ljer f\u00f6r varje typ av skruv. Produktdetaljer: &#8211; Material: sp\u00e5nskiva &#8211; M\u00e5tt: 80 x 74 x 45 cm (B x H x D) &#8211; Sp\u00e5nskivans tjocklek: 15 mm &#8211; Nettovikt: 20 kg &#8211; Bruttovikt: 21 kg &#8211; F\u00e4rg: vit Leveransomfattning: &#8211; 1 x datorbord &#8211; 1 x set metalltillbeh\u00f6r &#8211; 1 x instruktioner (DE, UK, FR, IT, ES)<\/p>\n","protected":false},"excerpt":{"rendered":"<p>VASAGLE skrivbord, datorbord, med utdragbar tangentbordsbricka, PC-bord, platsbesparande, enkel montering, 80 x 74 x 45 cm (B x H x D), vitt LCD852W<\/p>\n","protected":false},"featured_media":41949,"comment_status":"open","ping_status":"closed","template":"","meta":[],"product_brand":[],"product_cat":[33],"product_tag":[],"class_list":{"0":"post-13858","1":"product","2":"type-product","3":"status-publish","4":"has-post-thumbnail","6":"product_cat-okategoriserad","8":"first","9":"instock","10":"shipping-taxable","11":"purchasable","12":"product-type-simple"},"_links":{"self":[{"href":"https:\/\/nordicmart.andreevmaster.com\/sv\/wp-json\/wp\/v2\/product\/13858","targetHints":{"allow":["GET"]}}],"collection":[{"href":"https:\/\/nordicmart.andreevmaster.com\/sv\/wp-json\/wp\/v2\/product"}],"about":[{"href":"https:\/\/nordicmart.andreevmaster.com\/sv\/wp-json\/wp\/v2\/types\/product"}],"replies":[{"embeddable":true,"href":"https:\/\/nordicmart.andreevmaster.com\/sv\/wp-json\/wp\/v2\/comments?post=13858"}],"wp:featuredmedia":[{"embeddable":true,"href":"https:\/\/nordicmart.andreevmaster.com\/sv\/wp-json\/wp\/v2\/media\/41949"}],"wp:attachment":[{"href":"https:\/\/nordicmart.andreevmaster.com\/sv\/wp-json\/wp\/v2\/media?parent=13858"}],"wp:term":[{"taxonomy":"product_brand","embeddable":true,"href":"https:\/\/nordicmart.andreevmaster.com\/sv\/wp-json\/wp\/v2\/product_brand?post=13858"},{"taxonomy":"product_cat","embeddable":true,"href":"https:\/\/nordicmart.andreevmaster.com\/sv\/wp-json\/wp\/v2\/product_cat?post=13858"},{"taxonomy":"product_tag","embeddable":true,"href":"https:\/\/nordicmart.andreevmaster.com\/sv\/wp-json\/wp\/v2\/product_tag?post=13858"}],"curies":[{"name":"wp","href":"https:\/\/api.w.org\/{rel}","templated":true}]}}