{"id":13857,"date":"2026-02-27T00:19:33","date_gmt":"2026-02-27T00:19:33","guid":{"rendered":"https:\/\/nordicmart.andreevmaster.com\/product\/vasagle-modern-datorbord-svart\/"},"modified":"2026-02-27T08:12:26","modified_gmt":"2026-02-27T08:12:26","slug":"vasagle-modern-datorbord-svart","status":"publish","type":"product","link":"https:\/\/nordicmart.andreevmaster.com\/sv\/produkt\/vasagle-modern-datorbord-svart\/","title":{"rendered":"VASAGLE Modern datorbord Svart"},"content":{"rendered":"<p>Detta kompakta datorskrivbord fr\u00e5n VASAGLE erbjuder b\u00e5de modern elegans och funktionalitet. Klara och eleganta linjer ger ett exklusivt designuttryck. Med utdragbar tangentbordsbricka, tv\u00e5 upph\u00f6jda hyllplan och 4 sv\u00e4ngbara hjul \u00e4r detta laptopbord mycket praktiskt. Bordet ser snyggt ut och tar liten plats. L\u00e4ttsk\u00f6tt. Anm\u00e4rkningar: &#8211; Montering m\u00e5ste utf\u00f6ras av vuxna personer. Man b\u00f6r ha t\u00e5lamod vid montering. &#8211; Det rekommenderas att man anv\u00e4nder en elektrisk skruvdragare (medf\u00f6ljer ej) f\u00f6r att underl\u00e4tta monteringen. &#8211; Alla tr\u00e4skivor och skruvar \u00e4r numrerade. Innan montering b\u00f6r man ta reda p\u00e5 vilka delar som h\u00f6r ihop enligt instruktionerna. &#8211; F\u00f6lj instruktionerna noggrant vid montering f\u00f6r att inte blanda ihop br\u00e4dorna. &#8211; En reservskruv medf\u00f6ljer f\u00f6r varje typ av skruv. Produktdetaljer: &#8211; Material: Sp\u00e5nskiva, j\u00e4rnstativ &#8211; M\u00e5tt: 120 x 90 x 59 cm (B x H x D) &#8211; Sp\u00e5nskivans tjocklek: 15 mm &#8211; Bruttovikt: 24 kg &#8211; F\u00e4rg: svart Leveransomfattning: &#8211; 1 x datorbord &#8211; 1 x set metalltillbeh\u00f6r &#8211; 1 x instruktioner (DE, UK, FR, IT, ES)<\/p>\n","protected":false},"excerpt":{"rendered":"<p>VASAGLE skrivbord, datorbord med hjul, PC-bord med utdragbar tangentbordshylla, 2 hyllor, 120 x 59 x 90 cm LCD812B<\/p>\n","protected":false},"featured_media":41948,"comment_status":"open","ping_status":"closed","template":"","meta":[],"product_brand":[],"product_cat":[33],"product_tag":[],"class_list":{"0":"post-13857","1":"product","2":"type-product","3":"status-publish","4":"has-post-thumbnail","6":"product_cat-okategoriserad","8":"first","9":"instock","10":"shipping-taxable","11":"purchasable","12":"product-type-simple"},"_links":{"self":[{"href":"https:\/\/nordicmart.andreevmaster.com\/sv\/wp-json\/wp\/v2\/product\/13857","targetHints":{"allow":["GET"]}}],"collection":[{"href":"https:\/\/nordicmart.andreevmaster.com\/sv\/wp-json\/wp\/v2\/product"}],"about":[{"href":"https:\/\/nordicmart.andreevmaster.com\/sv\/wp-json\/wp\/v2\/types\/product"}],"replies":[{"embeddable":true,"href":"https:\/\/nordicmart.andreevmaster.com\/sv\/wp-json\/wp\/v2\/comments?post=13857"}],"wp:featuredmedia":[{"embeddable":true,"href":"https:\/\/nordicmart.andreevmaster.com\/sv\/wp-json\/wp\/v2\/media\/41948"}],"wp:attachment":[{"href":"https:\/\/nordicmart.andreevmaster.com\/sv\/wp-json\/wp\/v2\/media?parent=13857"}],"wp:term":[{"taxonomy":"product_brand","embeddable":true,"href":"https:\/\/nordicmart.andreevmaster.com\/sv\/wp-json\/wp\/v2\/product_brand?post=13857"},{"taxonomy":"product_cat","embeddable":true,"href":"https:\/\/nordicmart.andreevmaster.com\/sv\/wp-json\/wp\/v2\/product_cat?post=13857"},{"taxonomy":"product_tag","embeddable":true,"href":"https:\/\/nordicmart.andreevmaster.com\/sv\/wp-json\/wp\/v2\/product_tag?post=13857"}],"curies":[{"name":"wp","href":"https:\/\/api.w.org\/{rel}","templated":true}]}}