{"id":13854,"date":"2026-02-27T00:19:33","date_gmt":"2026-02-27T00:19:33","guid":{"rendered":"https:\/\/nordicmart.andreevmaster.com\/product\/vasagle-mobilt-skrivbord-z-form-svart\/"},"modified":"2026-02-27T08:12:26","modified_gmt":"2026-02-27T08:12:26","slug":"vasagle-mobilt-skrivbord-z-form-svart","status":"publish","type":"product","link":"https:\/\/nordicmart.andreevmaster.com\/sv\/produkt\/vasagle-mobilt-skrivbord-z-form-svart\/","title":{"rendered":"VASAGLE Mobilt skrivbord Z-form Svart"},"content":{"rendered":"<p>Det superkompakta datorbordet fr\u00e5n VASAGLE erbjuder b\u00e5de modern elegans och funktionalitet.  Klara och eleganta linjer ger ett exklusivt designuttryck. Med utdragbar tangentbordsbricka och 4 sv\u00e4ngbara hjul \u00e4r det h\u00e4r laptopbordet b\u00e5de praktiskt och snyggt och kan flyttas fritt p\u00e5 hjulen. Det ser mycket snyggt ut och tar liten  plats.  L\u00e4ttsk\u00f6tt \u2013 anv\u00e4nd helst en mjuk, luddfri trasa eller en l\u00e4derduk f\u00f6r att sk\u00f6ta dina m\u00f6bler. Torka av ytorna med en l\u00e4tt fuktig trasa.  Anvisningar: &#8211; Montering m\u00e5ste utf\u00f6ras av vuxna personer. Var t\u00e5lmodig vid montering. &#8211; Vi rekommenderar att du anv\u00e4nder en elektrisk skruvdragare (medf\u00f6ljer ej) f\u00f6r att underl\u00e4tta monteringen. &#8211; Alla tr\u00e4skivor och skruvar \u00e4r numrerade. Innan monteringen b\u00f6rjar ska du leta reda p\u00e5 r\u00e4tt  delar enligt instruktionerna.  &#8211; F\u00f6lj instruktionerna noggrant vid monteringen s\u00e5 att du inte blandar ihop skivorna. &#8211; En reservskruv medf\u00f6ljer f\u00f6r varje typ av skruv. Produktdetaljer: &#8211; Material: pulverlackerat j\u00e4rnr\u00f6r + sp\u00e5nskiva + melaminbel\u00e4ggning &#8211; M\u00e5tt: 60 x 73 x 48 cm (B x H x D) &#8211; Sp\u00e5nskivans tjocklek: 15 mm &#8211; Nettovikt: 10 kg &#8211; Bruttovikt: 10,5 kg &#8211; F\u00e4rg: svart\/l\u00f6nnf\u00e4rgad\/bokf\u00e4rgad\/vit Leveransomfattning: &#8211; 1 x datorbord &#8211; 1 x set metalltillbeh\u00f6r &#8211; 1 x instruktioner (DE, UK, FR, IT, ES)<\/p>\n","protected":false},"excerpt":{"rendered":"<p>VASAGLE skrivbord, datorbord med 4 hjul, varav 2 med bromsar, PC-bord med l\u00e4ttr\u00f6rlig tangentbordsutdrag, enkel montering, platsbesparande PC-bord i Z-form, 60 x 73 x 48 cm (B\/H\/D), vitt LCD811W<\/p>\n","protected":false},"featured_media":41945,"comment_status":"open","ping_status":"closed","template":"","meta":[],"product_brand":[],"product_cat":[33],"product_tag":[],"class_list":{"0":"post-13854","1":"product","2":"type-product","3":"status-publish","4":"has-post-thumbnail","6":"product_cat-okategoriserad","8":"first","9":"instock","10":"shipping-taxable","11":"purchasable","12":"product-type-simple"},"_links":{"self":[{"href":"https:\/\/nordicmart.andreevmaster.com\/sv\/wp-json\/wp\/v2\/product\/13854","targetHints":{"allow":["GET"]}}],"collection":[{"href":"https:\/\/nordicmart.andreevmaster.com\/sv\/wp-json\/wp\/v2\/product"}],"about":[{"href":"https:\/\/nordicmart.andreevmaster.com\/sv\/wp-json\/wp\/v2\/types\/product"}],"replies":[{"embeddable":true,"href":"https:\/\/nordicmart.andreevmaster.com\/sv\/wp-json\/wp\/v2\/comments?post=13854"}],"wp:featuredmedia":[{"embeddable":true,"href":"https:\/\/nordicmart.andreevmaster.com\/sv\/wp-json\/wp\/v2\/media\/41945"}],"wp:attachment":[{"href":"https:\/\/nordicmart.andreevmaster.com\/sv\/wp-json\/wp\/v2\/media?parent=13854"}],"wp:term":[{"taxonomy":"product_brand","embeddable":true,"href":"https:\/\/nordicmart.andreevmaster.com\/sv\/wp-json\/wp\/v2\/product_brand?post=13854"},{"taxonomy":"product_cat","embeddable":true,"href":"https:\/\/nordicmart.andreevmaster.com\/sv\/wp-json\/wp\/v2\/product_cat?post=13854"},{"taxonomy":"product_tag","embeddable":true,"href":"https:\/\/nordicmart.andreevmaster.com\/sv\/wp-json\/wp\/v2\/product_tag?post=13854"}],"curies":[{"name":"wp","href":"https:\/\/api.w.org\/{rel}","templated":true}]}}