{"id":13852,"date":"2026-02-27T00:19:32","date_gmt":"2026-02-27T00:19:32","guid":{"rendered":"https:\/\/nordicmart.andreevmaster.com\/product\/vasagle-l-format-skrivbord-vitt\/"},"modified":"2026-02-27T08:12:25","modified_gmt":"2026-02-27T08:12:25","slug":"vasagle-l-format-skrivbord-vitt","status":"publish","type":"product","link":"https:\/\/nordicmart.andreevmaster.com\/sv\/produkt\/vasagle-l-format-skrivbord-vitt\/","title":{"rendered":"VASAGLE L-format skrivbord Vitt"},"content":{"rendered":"<p>Det kompakta datorbordet fr\u00e5n VASAGLE erbjuder b\u00e5de modern elegans och funktionalitet. Rena och eleganta linjer ger ett exklusivt utseende. Trots sina kompakta m\u00e5tt erbjuder detta skrivbord en gener\u00f6s arbetsyta. Dokument eller mappar kan f\u00f6rvaras i de tv\u00e5 \u00f6ppna facken \u2013 alltid inom r\u00e4ckh\u00e5ll. L\u00e4ttsk\u00f6tt \u2013 anv\u00e4nd helst en mjuk, luddfri trasa eller en l\u00e4derduk f\u00f6r att sk\u00f6ta dina m\u00f6bler av skivmaterial. Torka av ytorna med en l\u00e4tt fuktig trasa. Anvisningar: &#8211; Montering m\u00e5ste utf\u00f6ras av vuxna personer. Var t\u00e5lmodig vid montering. &#8211; Vi rekommenderar att du anv\u00e4nder en elektrisk skruvdragare (medf\u00f6ljer ej) f\u00f6r att underl\u00e4tta monteringen. &#8211; Alla tr\u00e4skivor och skruvar \u00e4r numrerade. Innan montering b\u00f6r du kontrollera att du har r\u00e4tt delar enligt anvisningarna. &#8211; F\u00f6lj instruktionerna noggrant vid montering f\u00f6r att undvika att blanda ihop br\u00e4dorna. &#8211; En reservskruv medf\u00f6ljer f\u00f6r varje typ av skruv.<\/p>\n","protected":false},"excerpt":{"rendered":"<p>VASAGLE h\u00f6rnskrivbord, stort datorskrivbord med 2 hyllor och utdragbar tangentbordsbricka, skrivbord, 140 x 120 cm, stabilt PC-bord, h\u00f6rnkombo, kontorsbord, enkel montering, svart LCD810B<\/p>\n","protected":false},"featured_media":41943,"comment_status":"open","ping_status":"closed","template":"","meta":[],"product_brand":[],"product_cat":[33],"product_tag":[],"class_list":{"0":"post-13852","1":"product","2":"type-product","3":"status-publish","4":"has-post-thumbnail","6":"product_cat-okategoriserad","8":"first","9":"instock","10":"shipping-taxable","11":"purchasable","12":"product-type-simple"},"_links":{"self":[{"href":"https:\/\/nordicmart.andreevmaster.com\/sv\/wp-json\/wp\/v2\/product\/13852","targetHints":{"allow":["GET"]}}],"collection":[{"href":"https:\/\/nordicmart.andreevmaster.com\/sv\/wp-json\/wp\/v2\/product"}],"about":[{"href":"https:\/\/nordicmart.andreevmaster.com\/sv\/wp-json\/wp\/v2\/types\/product"}],"replies":[{"embeddable":true,"href":"https:\/\/nordicmart.andreevmaster.com\/sv\/wp-json\/wp\/v2\/comments?post=13852"}],"wp:featuredmedia":[{"embeddable":true,"href":"https:\/\/nordicmart.andreevmaster.com\/sv\/wp-json\/wp\/v2\/media\/41943"}],"wp:attachment":[{"href":"https:\/\/nordicmart.andreevmaster.com\/sv\/wp-json\/wp\/v2\/media?parent=13852"}],"wp:term":[{"taxonomy":"product_brand","embeddable":true,"href":"https:\/\/nordicmart.andreevmaster.com\/sv\/wp-json\/wp\/v2\/product_brand?post=13852"},{"taxonomy":"product_cat","embeddable":true,"href":"https:\/\/nordicmart.andreevmaster.com\/sv\/wp-json\/wp\/v2\/product_cat?post=13852"},{"taxonomy":"product_tag","embeddable":true,"href":"https:\/\/nordicmart.andreevmaster.com\/sv\/wp-json\/wp\/v2\/product_tag?post=13852"}],"curies":[{"name":"wp","href":"https:\/\/api.w.org\/{rel}","templated":true}]}}