{"id":13851,"date":"2026-02-27T00:19:32","date_gmt":"2026-02-27T00:19:32","guid":{"rendered":"https:\/\/nordicmart.andreevmaster.com\/product\/vasagle-datorbord-i-l-form-ekfargat\/"},"modified":"2026-02-27T08:12:25","modified_gmt":"2026-02-27T08:12:25","slug":"vasagle-datorbord-i-l-form-ekfargat","status":"publish","type":"product","link":"https:\/\/nordicmart.andreevmaster.com\/sv\/produkt\/vasagle-datorbord-i-l-form-ekfargat\/","title":{"rendered":"VASAGLE datorbord i L-form, ekf\u00e4rgat"},"content":{"rendered":"<p>Produktdetaljer: &#8211; F\u00e4rg: ekf\u00e4rgad &#8211; Material: sp\u00e5nskiva med melaminfan\u00e9r &#8211; Storlek: 140 x 120 x 75 cm (L x B x H) &#8211; Skivtjocklek: 15 mm &#8211; Vikt: 31,15 kg- Max. statisk belastningskapacitet bordsskiva: 50 kg- Max. statisk belastningskapacitet per hylla i nedre delen: 5 kg Leveransomfattning:- 1 x skrivbord i L-form- 1 x tillbeh\u00f6rspaket- 1 x bruksanvisning (DE, EN, FR, ES, IT)VASAGLE Anm\u00e4rkningar:- Av s\u00e4kerhetssk\u00e4l \u00e4r det f\u00f6rbjudet f\u00f6r barn att kl\u00e4ttra p\u00e5 eller leka med produkten. &#8211; Den maximala statiska belastningskapaciteten f\u00f6r bordsskivan \u00e4r 50 kg. \u00d6verskrid inte denna maximala vikt.<\/p>\n","protected":false},"excerpt":{"rendered":"<p>VASAGLE h\u00f6rnskrivbord, stort datorskrivbord med 2 hyllor och utdragbar tangentbordsbricka, skrivbord, 140 x 120 cm, stabilt PC-bord, h\u00f6rnkombo, kontorsbord, enkel montering, svart LCD810B<\/p>\n","protected":false},"featured_media":41942,"comment_status":"open","ping_status":"closed","template":"","meta":[],"product_brand":[],"product_cat":[33],"product_tag":[],"class_list":{"0":"post-13851","1":"product","2":"type-product","3":"status-publish","4":"has-post-thumbnail","6":"product_cat-okategoriserad","8":"first","9":"instock","10":"shipping-taxable","11":"purchasable","12":"product-type-simple"},"_links":{"self":[{"href":"https:\/\/nordicmart.andreevmaster.com\/sv\/wp-json\/wp\/v2\/product\/13851","targetHints":{"allow":["GET"]}}],"collection":[{"href":"https:\/\/nordicmart.andreevmaster.com\/sv\/wp-json\/wp\/v2\/product"}],"about":[{"href":"https:\/\/nordicmart.andreevmaster.com\/sv\/wp-json\/wp\/v2\/types\/product"}],"replies":[{"embeddable":true,"href":"https:\/\/nordicmart.andreevmaster.com\/sv\/wp-json\/wp\/v2\/comments?post=13851"}],"wp:featuredmedia":[{"embeddable":true,"href":"https:\/\/nordicmart.andreevmaster.com\/sv\/wp-json\/wp\/v2\/media\/41942"}],"wp:attachment":[{"href":"https:\/\/nordicmart.andreevmaster.com\/sv\/wp-json\/wp\/v2\/media?parent=13851"}],"wp:term":[{"taxonomy":"product_brand","embeddable":true,"href":"https:\/\/nordicmart.andreevmaster.com\/sv\/wp-json\/wp\/v2\/product_brand?post=13851"},{"taxonomy":"product_cat","embeddable":true,"href":"https:\/\/nordicmart.andreevmaster.com\/sv\/wp-json\/wp\/v2\/product_cat?post=13851"},{"taxonomy":"product_tag","embeddable":true,"href":"https:\/\/nordicmart.andreevmaster.com\/sv\/wp-json\/wp\/v2\/product_tag?post=13851"}],"curies":[{"name":"wp","href":"https:\/\/api.w.org\/{rel}","templated":true}]}}