{"id":13848,"date":"2026-02-27T00:19:31","date_gmt":"2026-02-27T00:19:31","guid":{"rendered":"https:\/\/nordicmart.andreevmaster.com\/product\/vasagle-modernt-hornskrivbord-svart\/"},"modified":"2026-02-27T08:12:25","modified_gmt":"2026-02-27T08:12:25","slug":"vasagle-modernt-hornskrivbord-svart","status":"publish","type":"product","link":"https:\/\/nordicmart.andreevmaster.com\/sv\/produkt\/vasagle-modernt-hornskrivbord-svart\/","title":{"rendered":"VASAGLE Modernt h\u00f6rnskrivbord Svart"},"content":{"rendered":"<p>F\u00e5 ut det mesta av ditt hemmakontor \u00c4ven om detta h\u00f6rnskrivbord \u00e4r utrymmesbesparande saknar det definitivt inte f\u00f6rvaringsutrymme. St\u00e4ll till exempel en bildsk\u00e4rm p\u00e5 ena sidan och din b\u00e4rbara dator p\u00e5 den andra. Dessutom finns ett tangentbordsfack och en separat h\u00e5llare som g\u00f6r att du kan placera din CPU-torn praktiskt under skrivbordet.Inget mer skakandeS\u00e4g adj\u00f6 till livets sm\u00e5 irritationsmoment. De justerbara f\u00f6tterna ser till att detta h\u00f6rnskrivbord st\u00e5r stadigt och inte skakar vid varje tangenttryckning. Produktdetaljer: &#8211; F\u00e4rg: Svart &#8211; Material: J\u00e4rn, sp\u00e5nskiva, melaminbel\u00e4ggning &#8211; Storlek: 150 x 138 x 75 cm (L x B x H) &#8211; Tjocklek p\u00e5 bordsskivan: 1,5 cm &#8211; Vikt: 26,8 kg Leveransomfattning:- 1 x h\u00f6rnskrivbord &#8211; 1 x tillbeh\u00f6rspaket &#8211; 1 x bruksanvisning (DE, ES, EN, FR, IT) SONGMICS Anm\u00e4rkningar: &#8211; Detta skrivbord \u00e4r endast avsett f\u00f6r arbete eller studier. V\u00e4nligen sitt eller st\u00e4ll dig inte p\u00e5 bordet.<\/p>\n","protected":false},"excerpt":{"rendered":"<p>VASAGLE skrivbord, stort datorbord, L-format h\u00f6rnskrivbord, kontorsbord, PC-bord, hemmakontor, kontor, l\u00e4xor, platsbesparande, enkel montering, 150 x 138 x 75 cm, svart LCD402B<\/p>\n","protected":false},"featured_media":41939,"comment_status":"open","ping_status":"closed","template":"","meta":[],"product_brand":[],"product_cat":[33],"product_tag":[],"class_list":{"0":"post-13848","1":"product","2":"type-product","3":"status-publish","4":"has-post-thumbnail","6":"product_cat-okategoriserad","8":"first","9":"instock","10":"shipping-taxable","11":"purchasable","12":"product-type-simple"},"_links":{"self":[{"href":"https:\/\/nordicmart.andreevmaster.com\/sv\/wp-json\/wp\/v2\/product\/13848","targetHints":{"allow":["GET"]}}],"collection":[{"href":"https:\/\/nordicmart.andreevmaster.com\/sv\/wp-json\/wp\/v2\/product"}],"about":[{"href":"https:\/\/nordicmart.andreevmaster.com\/sv\/wp-json\/wp\/v2\/types\/product"}],"replies":[{"embeddable":true,"href":"https:\/\/nordicmart.andreevmaster.com\/sv\/wp-json\/wp\/v2\/comments?post=13848"}],"wp:featuredmedia":[{"embeddable":true,"href":"https:\/\/nordicmart.andreevmaster.com\/sv\/wp-json\/wp\/v2\/media\/41939"}],"wp:attachment":[{"href":"https:\/\/nordicmart.andreevmaster.com\/sv\/wp-json\/wp\/v2\/media?parent=13848"}],"wp:term":[{"taxonomy":"product_brand","embeddable":true,"href":"https:\/\/nordicmart.andreevmaster.com\/sv\/wp-json\/wp\/v2\/product_brand?post=13848"},{"taxonomy":"product_cat","embeddable":true,"href":"https:\/\/nordicmart.andreevmaster.com\/sv\/wp-json\/wp\/v2\/product_cat?post=13848"},{"taxonomy":"product_tag","embeddable":true,"href":"https:\/\/nordicmart.andreevmaster.com\/sv\/wp-json\/wp\/v2\/product_tag?post=13848"}],"curies":[{"name":"wp","href":"https:\/\/api.w.org\/{rel}","templated":true}]}}