{"id":13847,"date":"2026-02-27T00:19:31","date_gmt":"2026-02-27T00:19:31","guid":{"rendered":"https:\/\/nordicmart.andreevmaster.com\/product\/vasagle-rullcontainer-i-bokfarg\/"},"modified":"2026-02-27T08:12:24","modified_gmt":"2026-02-27T08:12:24","slug":"vasagle-rullcontainer-i-bokfarg","status":"publish","type":"product","link":"https:\/\/nordicmart.andreevmaster.com\/sv\/produkt\/vasagle-rullcontainer-i-bokfarg\/","title":{"rendered":"VASAGLE rullcontainer i bokf\u00e4rg"},"content":{"rendered":"<p>Ordning \u00e4r halva livet; det g\u00e4ller \u00e4ven f\u00f6r din arbetsplats. Med denna rullcontainer (l\u00e4mplig f\u00f6r A4- eller Letter-formatiga p\u00e4rmar med etikett) kan du f\u00e5 bort pappersh\u00f6gar och snabbt rensa upp det vanliga kaoset p\u00e5 skrivbordet.En praktisk hj\u00e4lpreda i arbetsrummet Om du arbetar hemifr\u00e5n kan du placera rullcontainern bredvid skrivbordet f\u00f6r att f\u00f6rvara dina dokument d\u00e4r. P\u00e5 hyllan finns dessutom plats f\u00f6r din skrivare. En m\u00f6bel f\u00f6r alla tillf\u00e4llen Vid s\u00e4ngens huvud\u00e4nda fungerar rullcontainern som nattduksbord d\u00e4r du kan placera en nattlampa, till exempel. bredvid soffan f\u00f6rvandlas den till ett sidobord d\u00e4r du kan ha sk\u00e5lar med snacks, tidningar etc. inom r\u00e4ckh\u00e5ll. Tysta hjul f\u00f6r din bekv\u00e4mlighet Tack vare de 5 hjulen kan containern enkelt flyttas. Eller placera sk\u00e5pet p\u00e5 en plats med hj\u00e4lp av de tv\u00e5 l\u00e5sbara hjulen. Rullen p\u00e5 den nedre l\u00e5dan ger den dessutom ett bra grepp och s\u00e4kerst\u00e4ller en h\u00f6g belastningskapacitet.Produktdetaljer: &#8211; F\u00e4rg: bokf\u00e4rgad &#8211; Material: E1-klass MDF (medeldensitetsfiberplatta), PVC &#8211; Storlek: 43 x 45 x 72 cm (L x B x H) &#8211; Vikt: 20,5 kg &#8211; Max. statisk belastningskapacitet: 50 kg Leveransomfattning:- 1 x rullcontainer &#8211; 1 x tillbeh\u00f6rsp\u00e5se &#8211; 1 x p\u00e5se med reservdelar &#8211; 1 x monteringsverktyg &#8211; 1 x bruksanvisning (DE, EN, FR, IT, ES) VASAGLE Anvisningar: &#8211; H\u00e5ll produkten borta fr\u00e5n vassa f\u00f6rem\u00e5l och v\u00e4rmek\u00e4llor.- Produkten b\u00f6r inte komma i kontakt med vatten under l\u00e4ngre tid. &#8211; Montera de medf\u00f6ljande hjulen f\u00f6re anv\u00e4ndning; produkten b\u00f6r inte anv\u00e4ndas utan hjul.<\/p>\n","protected":false},"excerpt":{"rendered":"<p>VASAGLE rullcontainer med l\u00e5s och l\u00e5dor, l\u00e5sbar arkivsk\u00e5p med justerbara h\u00e4ngmappar, granitsvart LCD27BKV1<\/p>\n","protected":false},"featured_media":41938,"comment_status":"open","ping_status":"closed","template":"","meta":[],"product_brand":[],"product_cat":[33],"product_tag":[],"class_list":{"0":"post-13847","1":"product","2":"type-product","3":"status-publish","4":"has-post-thumbnail","6":"product_cat-okategoriserad","8":"first","9":"instock","10":"shipping-taxable","11":"purchasable","12":"product-type-simple"},"_links":{"self":[{"href":"https:\/\/nordicmart.andreevmaster.com\/sv\/wp-json\/wp\/v2\/product\/13847","targetHints":{"allow":["GET"]}}],"collection":[{"href":"https:\/\/nordicmart.andreevmaster.com\/sv\/wp-json\/wp\/v2\/product"}],"about":[{"href":"https:\/\/nordicmart.andreevmaster.com\/sv\/wp-json\/wp\/v2\/types\/product"}],"replies":[{"embeddable":true,"href":"https:\/\/nordicmart.andreevmaster.com\/sv\/wp-json\/wp\/v2\/comments?post=13847"}],"wp:featuredmedia":[{"embeddable":true,"href":"https:\/\/nordicmart.andreevmaster.com\/sv\/wp-json\/wp\/v2\/media\/41938"}],"wp:attachment":[{"href":"https:\/\/nordicmart.andreevmaster.com\/sv\/wp-json\/wp\/v2\/media?parent=13847"}],"wp:term":[{"taxonomy":"product_brand","embeddable":true,"href":"https:\/\/nordicmart.andreevmaster.com\/sv\/wp-json\/wp\/v2\/product_brand?post=13847"},{"taxonomy":"product_cat","embeddable":true,"href":"https:\/\/nordicmart.andreevmaster.com\/sv\/wp-json\/wp\/v2\/product_cat?post=13847"},{"taxonomy":"product_tag","embeddable":true,"href":"https:\/\/nordicmart.andreevmaster.com\/sv\/wp-json\/wp\/v2\/product_tag?post=13847"}],"curies":[{"name":"wp","href":"https:\/\/api.w.org\/{rel}","templated":true}]}}