{"id":13844,"date":"2026-02-27T00:19:30","date_gmt":"2026-02-27T00:19:30","guid":{"rendered":"https:\/\/nordicmart.andreevmaster.com\/product\/mobil-piedestal-granit-sort-2\/"},"modified":"2026-02-27T08:12:24","modified_gmt":"2026-02-27T08:12:24","slug":"mobil-piedestal-granit-sort-2","status":"publish","type":"product","link":"https:\/\/nordicmart.andreevmaster.com\/sv\/produkt\/mobil-piedestal-granit-sort-2\/","title":{"rendered":"Mobil piedestal granit sort"},"content":{"rendered":"<p>Ordning \u00e4r halva arbetet, och det g\u00e4ller \u00e4ven p\u00e5 din arbetsplats. Med denna mobila piedestal (l\u00e4mplig f\u00f6r A4- eller brevordnere med etikett) kan du f\u00e5 bort pappersh\u00f6garna och det vanliga kaoset p\u00e5 skrivbordet elimineras snabbt.En praktisk hj\u00e4lpreda i arbetsrummet Om du arbetar hemifr\u00e5n kan du placera den mobila piedestalen bredvid skrivbordet f\u00f6r att f\u00f6rvara dina dokument d\u00e4r. Din skrivare har ocks\u00e5 sin egen plats p\u00e5 hyllan. Ett m\u00f6bel f\u00f6r alla tillf\u00e4llen Vid s\u00e4ngens huvud\u00e4nda fungerar den mobila piedestalen som ett nattbord d\u00e4r du t.ex. kan placera en nattlampa; bredvid soffan f\u00f6rvandlas den till ett sidobord d\u00e4r sk\u00e5lar med snacks, tidningar osv. v\u00e4ntar p\u00e5 dig inom r\u00e4ckh\u00e5ll.Tysta hjul f\u00f6r din bekv\u00e4mlighet Tack vare de 5 hjulen kan piedestalen enkelt flyttas. Eller anv\u00e4nd de tv\u00e5 l\u00e5sbara hjulen f\u00f6r att f\u00e4sta sk\u00e5pet p\u00e5 ett st\u00e4lle. Hjulet p\u00e5 den nedre l\u00e5dan ger ocks\u00e5 ett bra grepp och s\u00e4kerst\u00e4ller en h\u00f6g belastningskapacitet. Produktdetaljer: &#8211; F\u00e4rg: Granit-svart- Material: E1-klass MDF (medium density fibreboard), PVC- Storlek: 43 x 45 x 72 cm (L x B x H)- Vikt: 20,5 kg- Max. statisk belastningskapacitet: 50 kgLeveransomfattning:- 1 x mobil sockel- 1 x tillbeh\u00f6rsv\u00e4ska- 1 x v\u00e4ska med extra tillbeh\u00f6r- 1 x monteringsverktyg- 1 x manual (DE, EN, FR, IT, ES)VASAGLE instruktioner:- H\u00e5ll produkten borta fr\u00e5n vassa f\u00f6rem\u00e5l och v\u00e4rmek\u00e4llor. Produkten b\u00f6r inte komma i kontakt med vatten under l\u00e4ngre tid &#8211; Montera de medf\u00f6ljande hjulen f\u00f6re anv\u00e4ndning; produkten b\u00f6r inte anv\u00e4ndas utan hjul.<\/p>\n","protected":false},"excerpt":{"rendered":"<p>Ordning \u00e4r halva arbetet, och det g\u00e4ller \u00e4ven p\u00e5 din arbetsplats. Med denna mobila piedestal (l\u00e4mplig f\u00f6r A4- eller brevordnere med etikett) kan du f\u00e5 bort pappersh\u00f6garna och det vanliga kaoset p\u00e5 skrivbordet elimineras snabbt.En praktisk hj\u00e4lpreda i arbetsrummet Om du arbetar hemifr\u00e5n kan du placera den mobila piedestalen bredvid skrivbordet f\u00f6r att f\u00f6rvara dina [&hellip;]<\/p>\n","protected":false},"featured_media":0,"comment_status":"open","ping_status":"closed","template":"","meta":[],"product_brand":[],"product_cat":[33],"product_tag":[],"class_list":{"0":"post-13844","1":"product","2":"type-product","3":"status-publish","5":"product_cat-okategoriserad","7":"first","8":"instock","9":"shipping-taxable","10":"product-type-simple"},"_links":{"self":[{"href":"https:\/\/nordicmart.andreevmaster.com\/sv\/wp-json\/wp\/v2\/product\/13844","targetHints":{"allow":["GET"]}}],"collection":[{"href":"https:\/\/nordicmart.andreevmaster.com\/sv\/wp-json\/wp\/v2\/product"}],"about":[{"href":"https:\/\/nordicmart.andreevmaster.com\/sv\/wp-json\/wp\/v2\/types\/product"}],"replies":[{"embeddable":true,"href":"https:\/\/nordicmart.andreevmaster.com\/sv\/wp-json\/wp\/v2\/comments?post=13844"}],"wp:attachment":[{"href":"https:\/\/nordicmart.andreevmaster.com\/sv\/wp-json\/wp\/v2\/media?parent=13844"}],"wp:term":[{"taxonomy":"product_brand","embeddable":true,"href":"https:\/\/nordicmart.andreevmaster.com\/sv\/wp-json\/wp\/v2\/product_brand?post=13844"},{"taxonomy":"product_cat","embeddable":true,"href":"https:\/\/nordicmart.andreevmaster.com\/sv\/wp-json\/wp\/v2\/product_cat?post=13844"},{"taxonomy":"product_tag","embeddable":true,"href":"https:\/\/nordicmart.andreevmaster.com\/sv\/wp-json\/wp\/v2\/product_tag?post=13844"}],"curies":[{"name":"wp","href":"https:\/\/api.w.org\/{rel}","templated":true}]}}