{"id":13842,"date":"2026-02-27T00:19:30","date_gmt":"2026-02-27T00:19:30","guid":{"rendered":"https:\/\/nordicmart.andreevmaster.com\/product\/mobil-piedestal-2-lase-hvid-2\/"},"modified":"2026-02-27T08:12:23","modified_gmt":"2026-02-27T08:12:23","slug":"mobil-piedestal-2-lase-hvid-2","status":"publish","type":"product","link":"https:\/\/nordicmart.andreevmaster.com\/sv\/produkt\/mobil-piedestal-2-lase-hvid-2\/","title":{"rendered":"Mobil piedestal 2 l\u00e5se Hvid"},"content":{"rendered":"<p>En praktisk hj\u00e6lper p\u00e5 arbejdspladsenMangler du opbevaringsplads p\u00e5 kontoret? S\u00e5 b\u00f8r du pr\u00f8ve denne afl\u00e5selige mobile piedestal fra VASAGLE! Alt, hvad du har brug for, n\u00e5r du arbejder, kan opbevares i dette skab. Din skrivare har ocks\u00e5 sin egen plats p\u00e5 hyllan. Ett m\u00f6bel f\u00f6r alla tillf\u00e4llen Vid s\u00e4ngens huvud\u00e4nda fungerar den mobila piedestalen som ett nattbord d\u00e4r du t.ex. kan placera en nattlampa; bredvid soffan f\u00f6rvandlas den till ett sidobord d\u00e4r sk\u00e5lar med snacks, koppar osv. finns n\u00e4ra till hands.Praktiska hjul Detta arkivsk\u00e5p \u00e4r utrustat med 5 hjul s\u00e5 att du enkelt kan flytta det. Eller f\u00e4st sk\u00e5pet p\u00e5 ett st\u00e4lle med de 2 l\u00e5sbara hjulen. Hjulet p\u00e5 den nedersta l\u00e5dan ger ocks\u00e5 ett bra grepp och s\u00e4kerst\u00e4ller en h\u00f6g belastningskapacitet. Produktdetaljer: &#8211; F\u00e4rg: Vit &#8211; Material: E1-klass MDF (medium density fibreboard), PVC &#8211; Storlek: 44 x 40 x 54,5 cm (L x B x H) &#8211; Vikt: 17 kg &#8211; Max. statisk belastningskapacitet: 50 kg Leveransomfattning: -1 x mobil sockel -1 x beholder med tilbeh\u00f8r -1 x vejledning (DE, EN, FR, ES, IT) VASAGLE Bem\u00e6rkninger: &#8211; Vi anbefaler ikke, at b\u00f8rn under 3 \u00e5r bruger produktet; hvis de g\u00f8r det, m\u00e5 det kun ske under opsyn af en voksen. L\u00e5t inte barn kl\u00e4ttra p\u00e5 eller leka med produkten f\u00f6r att undvika skador till f\u00f6ljd av att den v\u00e4lter.<\/p>\n","protected":false},"excerpt":{"rendered":"<p>En praktisk hj\u00e6lper p\u00e5 arbejdspladsenMangler du opbevaringsplads p\u00e5 kontoret? S\u00e5 b\u00f8r du pr\u00f8ve denne afl\u00e5selige mobile piedestal fra VASAGLE! Alt, hvad du har brug for, n\u00e5r du arbejder, kan opbevares i dette skab. Din skrivare har ocks\u00e5 sin egen plats p\u00e5 hyllan. Ett m\u00f6bel f\u00f6r alla tillf\u00e4llen Vid s\u00e4ngens huvud\u00e4nda fungerar den mobila piedestalen som [&hellip;]<\/p>\n","protected":false},"featured_media":0,"comment_status":"open","ping_status":"closed","template":"","meta":[],"product_brand":[],"product_cat":[33],"product_tag":[],"class_list":{"0":"post-13842","1":"product","2":"type-product","3":"status-publish","5":"product_cat-okategoriserad","7":"first","8":"instock","9":"shipping-taxable","10":"product-type-simple"},"_links":{"self":[{"href":"https:\/\/nordicmart.andreevmaster.com\/sv\/wp-json\/wp\/v2\/product\/13842","targetHints":{"allow":["GET"]}}],"collection":[{"href":"https:\/\/nordicmart.andreevmaster.com\/sv\/wp-json\/wp\/v2\/product"}],"about":[{"href":"https:\/\/nordicmart.andreevmaster.com\/sv\/wp-json\/wp\/v2\/types\/product"}],"replies":[{"embeddable":true,"href":"https:\/\/nordicmart.andreevmaster.com\/sv\/wp-json\/wp\/v2\/comments?post=13842"}],"wp:attachment":[{"href":"https:\/\/nordicmart.andreevmaster.com\/sv\/wp-json\/wp\/v2\/media?parent=13842"}],"wp:term":[{"taxonomy":"product_brand","embeddable":true,"href":"https:\/\/nordicmart.andreevmaster.com\/sv\/wp-json\/wp\/v2\/product_brand?post=13842"},{"taxonomy":"product_cat","embeddable":true,"href":"https:\/\/nordicmart.andreevmaster.com\/sv\/wp-json\/wp\/v2\/product_cat?post=13842"},{"taxonomy":"product_tag","embeddable":true,"href":"https:\/\/nordicmart.andreevmaster.com\/sv\/wp-json\/wp\/v2\/product_tag?post=13842"}],"curies":[{"name":"wp","href":"https:\/\/api.w.org\/{rel}","templated":true}]}}