{"id":13841,"date":"2026-02-27T00:19:30","date_gmt":"2026-02-27T00:19:30","guid":{"rendered":"https:\/\/nordicmart.andreevmaster.com\/product\/vasagle-lasbar-rullcontainer-svart\/"},"modified":"2026-02-27T08:12:23","modified_gmt":"2026-02-27T08:12:23","slug":"vasagle-lasbar-rullcontainer-svart","status":"publish","type":"product","link":"https:\/\/nordicmart.andreevmaster.com\/sv\/produkt\/vasagle-lasbar-rullcontainer-svart\/","title":{"rendered":"VASAGLE L\u00e5sbar rullcontainer Svart"},"content":{"rendered":"<p>En praktisk hj\u00e4lpreda p\u00e5 jobbet Saknar du f\u00f6rvaringsutrymme p\u00e5 kontoret? D\u00e5 b\u00f6r du prova denna l\u00e5sbara rullcontainer fr\u00e5n VASAGLE! Allt du beh\u00f6ver p\u00e5 jobbet kan f\u00f6rvaras i detta sk\u00e5p. P\u00e5 hyllan finns dessutom plats f\u00f6r din skrivare.En m\u00f6bel f\u00f6r alla tillf\u00e4llen Vid s\u00e4ngens huvud\u00e4nda fungerar rullcontainern som nattduksbord d\u00e4r du kan placera en nattlampa, bredvid soffan f\u00f6rvandlas den till ett sidobord d\u00e4r sk\u00e5lar med snacks, koppar etc. st\u00e5r till hands. Praktiska hjul Detta arkivsk\u00e5p \u00e4r utrustat med 5 hjul s\u00e5 att du enkelt kan flytta det. Eller l\u00e5s sk\u00e5pet p\u00e5 plats med de 2 l\u00e5sbara hjulen. Rullen p\u00e5 den nedre l\u00e5dan ger den dessutom ett bra grepp och s\u00e4kerst\u00e4ller en h\u00f6g belastningskapacitet. Produktdetaljer: &#8211; F\u00e4rg: Svart &#8211; Material: E1-klass MDF (medeldensitetsfiberplatta), PVC &#8211; Storlek: 40 x 44 x 54,5 cm (L x B x H) &#8211; Vikt: 17 kg &#8211; Max. statisk belastningskapacitet: 50 kg Leveransomfattning: -1 x rullcontainer -1 x beh\u00e5llare med tillbeh\u00f6r -1 x bruksanvisning (DE, EN, FR, ES, IT) VASAGLE Anm\u00e4rkningar:- Vi avr\u00e5der fr\u00e5n att barn under 3 \u00e5r anv\u00e4nder produkten; om s\u00e5 \u00e4nd\u00e5 sker, endast under uppsikt av en vuxen. &#8211; L\u00e5t inte barn kl\u00e4ttra p\u00e5 eller leka med produkten f\u00f6r att undvika skador orsakade av v\u00e4lte.<\/p>\n","protected":false},"excerpt":{"rendered":"<p>VASAGLE Rullcontainer, l\u00e5sbar, arkivsk\u00e5p med 2 l\u00e5dor, 5 hjul och justerbar h\u00e4ngmapp, f\u00f6r dokument i A4- och Letter-format, hemmakontor, svart LCD22BV1<\/p>\n","protected":false},"featured_media":41935,"comment_status":"open","ping_status":"closed","template":"","meta":[],"product_brand":[],"product_cat":[33],"product_tag":[],"class_list":{"0":"post-13841","1":"product","2":"type-product","3":"status-publish","4":"has-post-thumbnail","6":"product_cat-okategoriserad","8":"first","9":"instock","10":"shipping-taxable","11":"purchasable","12":"product-type-simple"},"_links":{"self":[{"href":"https:\/\/nordicmart.andreevmaster.com\/sv\/wp-json\/wp\/v2\/product\/13841","targetHints":{"allow":["GET"]}}],"collection":[{"href":"https:\/\/nordicmart.andreevmaster.com\/sv\/wp-json\/wp\/v2\/product"}],"about":[{"href":"https:\/\/nordicmart.andreevmaster.com\/sv\/wp-json\/wp\/v2\/types\/product"}],"replies":[{"embeddable":true,"href":"https:\/\/nordicmart.andreevmaster.com\/sv\/wp-json\/wp\/v2\/comments?post=13841"}],"wp:featuredmedia":[{"embeddable":true,"href":"https:\/\/nordicmart.andreevmaster.com\/sv\/wp-json\/wp\/v2\/media\/41935"}],"wp:attachment":[{"href":"https:\/\/nordicmart.andreevmaster.com\/sv\/wp-json\/wp\/v2\/media?parent=13841"}],"wp:term":[{"taxonomy":"product_brand","embeddable":true,"href":"https:\/\/nordicmart.andreevmaster.com\/sv\/wp-json\/wp\/v2\/product_brand?post=13841"},{"taxonomy":"product_cat","embeddable":true,"href":"https:\/\/nordicmart.andreevmaster.com\/sv\/wp-json\/wp\/v2\/product_cat?post=13841"},{"taxonomy":"product_tag","embeddable":true,"href":"https:\/\/nordicmart.andreevmaster.com\/sv\/wp-json\/wp\/v2\/product_tag?post=13841"}],"curies":[{"name":"wp","href":"https:\/\/api.w.org\/{rel}","templated":true}]}}