{"id":13839,"date":"2026-02-27T00:19:29","date_gmt":"2026-02-27T00:19:29","guid":{"rendered":"https:\/\/nordicmart.andreevmaster.com\/product\/vasagle-rullcontainer-med-2-stora-lador\/"},"modified":"2026-02-27T08:12:23","modified_gmt":"2026-02-27T08:12:23","slug":"vasagle-rullcontainer-med-2-stora-lador","status":"publish","type":"product","link":"https:\/\/nordicmart.andreevmaster.com\/sv\/produkt\/vasagle-rullcontainer-med-2-stora-lador\/","title":{"rendered":"VASAGLE rullcontainer med 2 stora l\u00e5dor"},"content":{"rendered":"<p>Produktdetaljer: F\u00e4rg: Vit Material: MDF (medeldensitetsfiberplatta), PVC Storlek: 44,5 x 43 x 72 cm (D x B x H) Vikt: 20 kg Max. statisk belastningskapacitet: 50 kg Leveransomfattning: 1 x rullcontainer 1 x tillbeh\u00f6rspaket 1 x bruksanvisning VASAGLE Anm\u00e4rkningar:Produkten b\u00f6r inte uts\u00e4ttas f\u00f6r vatten under l\u00e4ngre tid. Montera de medf\u00f6ljande hjulen f\u00f6re anv\u00e4ndning; produkten b\u00f6r inte anv\u00e4ndas utan hjul.<\/p>\n","protected":false},"excerpt":{"rendered":"<p>VASAGLE rullcontainer med l\u00e5s och l\u00e5dor, l\u00e5sbar arkivsk\u00e5p med justerbar h\u00e4ngmapp, vit LCD027W46<\/p>\n","protected":false},"featured_media":41934,"comment_status":"open","ping_status":"closed","template":"","meta":[],"product_brand":[],"product_cat":[33],"product_tag":[],"class_list":{"0":"post-13839","1":"product","2":"type-product","3":"status-publish","4":"has-post-thumbnail","6":"product_cat-okategoriserad","8":"first","9":"instock","10":"shipping-taxable","11":"purchasable","12":"product-type-simple"},"_links":{"self":[{"href":"https:\/\/nordicmart.andreevmaster.com\/sv\/wp-json\/wp\/v2\/product\/13839","targetHints":{"allow":["GET"]}}],"collection":[{"href":"https:\/\/nordicmart.andreevmaster.com\/sv\/wp-json\/wp\/v2\/product"}],"about":[{"href":"https:\/\/nordicmart.andreevmaster.com\/sv\/wp-json\/wp\/v2\/types\/product"}],"replies":[{"embeddable":true,"href":"https:\/\/nordicmart.andreevmaster.com\/sv\/wp-json\/wp\/v2\/comments?post=13839"}],"wp:featuredmedia":[{"embeddable":true,"href":"https:\/\/nordicmart.andreevmaster.com\/sv\/wp-json\/wp\/v2\/media\/41934"}],"wp:attachment":[{"href":"https:\/\/nordicmart.andreevmaster.com\/sv\/wp-json\/wp\/v2\/media?parent=13839"}],"wp:term":[{"taxonomy":"product_brand","embeddable":true,"href":"https:\/\/nordicmart.andreevmaster.com\/sv\/wp-json\/wp\/v2\/product_brand?post=13839"},{"taxonomy":"product_cat","embeddable":true,"href":"https:\/\/nordicmart.andreevmaster.com\/sv\/wp-json\/wp\/v2\/product_cat?post=13839"},{"taxonomy":"product_tag","embeddable":true,"href":"https:\/\/nordicmart.andreevmaster.com\/sv\/wp-json\/wp\/v2\/product_tag?post=13839"}],"curies":[{"name":"wp","href":"https:\/\/api.w.org\/{rel}","templated":true}]}}