{"id":13838,"date":"2026-02-27T00:19:29","date_gmt":"2026-02-27T00:19:29","guid":{"rendered":"https:\/\/nordicmart.andreevmaster.com\/product\/vasagle-rullcontainer-lasbar-med-2-lador-och-5-hjul\/"},"modified":"2026-02-27T08:12:23","modified_gmt":"2026-02-27T08:12:23","slug":"vasagle-rullcontainer-lasbar-med-2-lador-och-5-hjul","status":"publish","type":"product","link":"https:\/\/nordicmart.andreevmaster.com\/sv\/produkt\/vasagle-rullcontainer-lasbar-med-2-lador-och-5-hjul\/","title":{"rendered":"VASAGLE rullcontainer, l\u00e5sbar, med 2 l\u00e5dor och 5 hjul"},"content":{"rendered":"<p>VASAGLE rullcontainer, l\u00e5sbar, arkivsk\u00e5p med 2 l\u00e5dor, 5 hjul, justerbara h\u00e4ngst\u00e4nger, f\u00f6r h\u00e4ngmappar i A4- och Letter-format, vintagebrun-bl\u00e4ck svart LCD022K01<br \/>\nF\u00e4rg: Vintagebrun-bl\u00e4ck svart<br \/>\nMaterial: MDF (medeldensitetsfiberplatta), sp\u00e5nskiva<br \/>\nStorlek: 43,8 x 40 x 54,4 cm (D x B x H)<br \/>\nVikt: 15,2 kg<br \/>\nMax. statisk belastningskapacitet f\u00f6r den lilla l\u00e5dan: 5 kg<br \/>\nMax. statisk belastningskapacitet f\u00f6r den stora l\u00e5dan: 10 kg<br \/>\nMax. statisk belastningskapacitet f\u00f6r den \u00f6vre plattan: 15 kg<br \/>\nMax. statisk belastningskapacitet totalt: 30 kg<\/p>\n","protected":false},"excerpt":{"rendered":"<p>VASAGLE rullcontainer, l\u00e5sbar, arkivsk\u00e5p med 2 l\u00e5dor, 5 hjul, justerbara h\u00e4ngst\u00e4nger, f\u00f6r h\u00e4ngmappar i A4- och Letter-format, vintagebrun-bl\u00e4ck svart LCD022K01<\/p>\n","protected":false},"featured_media":41933,"comment_status":"open","ping_status":"closed","template":"","meta":[],"product_brand":[],"product_cat":[33],"product_tag":[],"class_list":{"0":"post-13838","1":"product","2":"type-product","3":"status-publish","4":"has-post-thumbnail","6":"product_cat-okategoriserad","8":"first","9":"instock","10":"shipping-taxable","11":"purchasable","12":"product-type-simple"},"_links":{"self":[{"href":"https:\/\/nordicmart.andreevmaster.com\/sv\/wp-json\/wp\/v2\/product\/13838","targetHints":{"allow":["GET"]}}],"collection":[{"href":"https:\/\/nordicmart.andreevmaster.com\/sv\/wp-json\/wp\/v2\/product"}],"about":[{"href":"https:\/\/nordicmart.andreevmaster.com\/sv\/wp-json\/wp\/v2\/types\/product"}],"replies":[{"embeddable":true,"href":"https:\/\/nordicmart.andreevmaster.com\/sv\/wp-json\/wp\/v2\/comments?post=13838"}],"wp:featuredmedia":[{"embeddable":true,"href":"https:\/\/nordicmart.andreevmaster.com\/sv\/wp-json\/wp\/v2\/media\/41933"}],"wp:attachment":[{"href":"https:\/\/nordicmart.andreevmaster.com\/sv\/wp-json\/wp\/v2\/media?parent=13838"}],"wp:term":[{"taxonomy":"product_brand","embeddable":true,"href":"https:\/\/nordicmart.andreevmaster.com\/sv\/wp-json\/wp\/v2\/product_brand?post=13838"},{"taxonomy":"product_cat","embeddable":true,"href":"https:\/\/nordicmart.andreevmaster.com\/sv\/wp-json\/wp\/v2\/product_cat?post=13838"},{"taxonomy":"product_tag","embeddable":true,"href":"https:\/\/nordicmart.andreevmaster.com\/sv\/wp-json\/wp\/v2\/product_tag?post=13838"}],"curies":[{"name":"wp","href":"https:\/\/api.w.org\/{rel}","templated":true}]}}