{"id":13836,"date":"2026-02-27T00:19:28","date_gmt":"2026-02-27T00:19:28","guid":{"rendered":"https:\/\/nordicmart.andreevmaster.com\/product\/songmics-tvattkorg-bambu-100-l\/"},"modified":"2026-02-27T08:12:22","modified_gmt":"2026-02-27T08:12:22","slug":"songmics-tvattkorg-bambu-100-l","status":"publish","type":"product","link":"https:\/\/nordicmart.andreevmaster.com\/sv\/produkt\/songmics-tvattkorg-bambu-100-l\/","title":{"rendered":"SONGMICS tv\u00e4ttkorg bambu 100 L"},"content":{"rendered":"<p>Det d\u00e4r lilla hush\u00e5llsarbetet&#8230; Att tv\u00e4tta kl\u00e4der \u00e4r inte direkt en av de mest popul\u00e4ra sysslorna i hush\u00e5llet. Om det dessutom ligger smutsig tv\u00e4tt \u00f6verallt och du m\u00e5ste samla ihop den innan du kan ta den till tv\u00e4ttmaskinen, s\u00e5 f\u00f6rsvinner nog lusten hos alla. Skaffa d\u00e4rf\u00f6r denna tv\u00e4ttkorg fr\u00e5n SONGMICS och s\u00e4g adj\u00f6 till det h\u00e4r problemet! Oavsett om du vill ta alla kl\u00e4der till tv\u00e4ttmaskinen p\u00e5 en g\u00e5ng eller bara beh\u00f6ver ett f\u00f6rvaringsst\u00e4lle f\u00f6r dina smutsiga strumpor, s\u00e5 finns denna tv\u00e4ttkorg alltid till hands. Dessutom ser ytan av bambu unik och charmig ut \u2013 s\u00e5 visa upp den charmiga korgen ist\u00e4llet f\u00f6r att g\u00f6mma den i garderoben. Svart och vitt L\u00e4gg m\u00f6rka kl\u00e4der i det ena facket i denna kista (m\u00f6rka) och ljusa i det andra (ljusa). S\u00e5 blir tv\u00e4tten en barnlek. \u00c4ven 25 kg smutsig tv\u00e4tt \u00e4r inget problem f\u00f6r den stabila tv\u00e4ttkorgen, som st\u00f6ds optimalt av en inl\u00e4ggning av plywood. En veckas anv\u00e4nda kl\u00e4der? B\u00e4r g\u00e4rna denna kista fr\u00e5n rum till rum. Du beh\u00f6ver inte oroa dig f\u00f6r att den ska kollapsa under tyngden! Produktdetaljer: &#8211; F\u00e4rg: Naturf\u00e4rgad &#8211; Material: Bambu, tv\u00e4ttp\u00e5se av bomull &#8211; M\u00e5tt: 52 x 63 x 32 cm (B x H x D) &#8211; Vikt: 2,7 kg Leveransomfattning: &#8211; 1 x tv\u00e4ttkorg &#8211; 1 x bruksanvisning (DE, EN, FR, IT, ES) SONGMICS Anm\u00e4rkningar: &#8211; Anv\u00e4nd inte<br \/>\ntv\u00e4ttkorgen i fuktiga milj\u00f6er f\u00f6r att undvika m\u00f6gel. Lufta dessutom produkten regelbundet. &#8211; Fyll inte korgen med f\u00f6r mycket tv\u00e4tt. \u00d6verbelastning kan leda till deformationer. &#8211; Dra inte is\u00e4r metallringarna f\u00f6r mycket n\u00e4r du \u00f6ppnar korgen. &#8211; Anv\u00e4nd en fuktig trasa f\u00f6r att reng\u00f6ra produkten. &#8211; Tv\u00e4ttkorgen \u00e4r tv\u00e4ttbar i 30 \u00b0C.<\/p>\n","protected":false},"excerpt":{"rendered":"<p>SONGMICS tv\u00e4ttkorg i bambu, 100 l tv\u00e4ttsorterare med 2 fack, hopf\u00e4llbar tv\u00e4ttkorg med avtagbar tv\u00e4ttp\u00e5se, tv\u00e4ttl\u00e5da med handtag, 52 x 63 x 32 cm, naturf\u00e4rgad LCB64Y<\/p>\n","protected":false},"featured_media":41931,"comment_status":"open","ping_status":"closed","template":"","meta":[],"product_brand":[],"product_cat":[33],"product_tag":[],"class_list":{"0":"post-13836","1":"product","2":"type-product","3":"status-publish","4":"has-post-thumbnail","6":"product_cat-okategoriserad","8":"first","9":"instock","10":"shipping-taxable","11":"purchasable","12":"product-type-simple"},"_links":{"self":[{"href":"https:\/\/nordicmart.andreevmaster.com\/sv\/wp-json\/wp\/v2\/product\/13836","targetHints":{"allow":["GET"]}}],"collection":[{"href":"https:\/\/nordicmart.andreevmaster.com\/sv\/wp-json\/wp\/v2\/product"}],"about":[{"href":"https:\/\/nordicmart.andreevmaster.com\/sv\/wp-json\/wp\/v2\/types\/product"}],"replies":[{"embeddable":true,"href":"https:\/\/nordicmart.andreevmaster.com\/sv\/wp-json\/wp\/v2\/comments?post=13836"}],"wp:featuredmedia":[{"embeddable":true,"href":"https:\/\/nordicmart.andreevmaster.com\/sv\/wp-json\/wp\/v2\/media\/41931"}],"wp:attachment":[{"href":"https:\/\/nordicmart.andreevmaster.com\/sv\/wp-json\/wp\/v2\/media?parent=13836"}],"wp:term":[{"taxonomy":"product_brand","embeddable":true,"href":"https:\/\/nordicmart.andreevmaster.com\/sv\/wp-json\/wp\/v2\/product_brand?post=13836"},{"taxonomy":"product_cat","embeddable":true,"href":"https:\/\/nordicmart.andreevmaster.com\/sv\/wp-json\/wp\/v2\/product_cat?post=13836"},{"taxonomy":"product_tag","embeddable":true,"href":"https:\/\/nordicmart.andreevmaster.com\/sv\/wp-json\/wp\/v2\/product_tag?post=13836"}],"curies":[{"name":"wp","href":"https:\/\/api.w.org\/{rel}","templated":true}]}}