{"id":13835,"date":"2026-02-27T00:19:28","date_gmt":"2026-02-27T00:19:28","guid":{"rendered":"https:\/\/nordicmart.andreevmaster.com\/product\/songmics-tvattkorg-100-l-bambu-vit\/"},"modified":"2026-02-27T08:12:22","modified_gmt":"2026-02-27T08:12:22","slug":"songmics-tvattkorg-100-l-bambu-vit","status":"publish","type":"product","link":"https:\/\/nordicmart.andreevmaster.com\/sv\/produkt\/songmics-tvattkorg-100-l-bambu-vit\/","title":{"rendered":"SONGMICS tv\u00e4ttkorg 100 L bambu vit"},"content":{"rendered":"<p>XXL-f\u00f6rvaring Den stora kapaciteten p\u00e5 100 liter g\u00f6r att du kan f\u00f6rvara all din tv\u00e4tt, s\u00e4ngkl\u00e4der etc. i denna korg, s\u00e5 att din tv\u00e4tt \u00e4ntligen inte ligger och skr\u00e4par i rummet.Avtagbar tv\u00e4ttp\u00e5se i bomullTv\u00e4ttkorgen \u00e4r utrustad med en andningsbar och tv\u00e4ttbar tv\u00e4ttp\u00e5se, s\u00e5 att du inte l\u00e4ngre beh\u00f6ver sl\u00e4pa hela tv\u00e4ttkorgen till tv\u00e4ttmaskinen. Ist\u00e4llet kan du ta ut tv\u00e4ttp\u00e5sarna en och en och b\u00e4ra dem till tv\u00e4ttstugan med bara en hand. Med denna tv\u00e4ttkorg fr\u00e5n SONGMICS blir tv\u00e4ttdagen en barnlek! Produktdetaljer:F\u00e4rg: vit Material: bambu, bomull M\u00e5tt: 52 x 63 x 32 cm (B x H x D) Vikt: 2,7 kg Max. belastningskapacitet: 22 kg Leveransomfattning: 1 x tv\u00e4ttkorg 1 x bruksanvisning (DE, EN, FR, ES, IT) SONGMICS Anm\u00e4rkningar:Anv\u00e4nd inte produkten i en mycket fuktig milj\u00f6. St\u00e4ll korgen regelbundet i ett v\u00e4l ventilerat rum f\u00f6r att h\u00e5lla den torr och undvika m\u00f6gelbildning. Maximal belastningskapacitet \u00e4r 22 kg. L\u00e4gg inte tyngre f\u00f6rem\u00e5l i produkten.<\/p>\n","protected":false},"excerpt":{"rendered":"<p>SONGMICS tv\u00e4ttkorg i bambu, 100 l tv\u00e4ttsorterare med 2 fack, hopf\u00e4llbar tv\u00e4ttkorg med avtagbar tv\u00e4ttp\u00e5se, tv\u00e4ttl\u00e5da med handtag, 52 x 63 x 32 cm, naturf\u00e4rgad LCB64Y<\/p>\n","protected":false},"featured_media":41930,"comment_status":"open","ping_status":"closed","template":"","meta":[],"product_brand":[],"product_cat":[33],"product_tag":[],"class_list":{"0":"post-13835","1":"product","2":"type-product","3":"status-publish","4":"has-post-thumbnail","6":"product_cat-okategoriserad","8":"first","9":"instock","10":"shipping-taxable","11":"purchasable","12":"product-type-simple"},"_links":{"self":[{"href":"https:\/\/nordicmart.andreevmaster.com\/sv\/wp-json\/wp\/v2\/product\/13835","targetHints":{"allow":["GET"]}}],"collection":[{"href":"https:\/\/nordicmart.andreevmaster.com\/sv\/wp-json\/wp\/v2\/product"}],"about":[{"href":"https:\/\/nordicmart.andreevmaster.com\/sv\/wp-json\/wp\/v2\/types\/product"}],"replies":[{"embeddable":true,"href":"https:\/\/nordicmart.andreevmaster.com\/sv\/wp-json\/wp\/v2\/comments?post=13835"}],"wp:featuredmedia":[{"embeddable":true,"href":"https:\/\/nordicmart.andreevmaster.com\/sv\/wp-json\/wp\/v2\/media\/41930"}],"wp:attachment":[{"href":"https:\/\/nordicmart.andreevmaster.com\/sv\/wp-json\/wp\/v2\/media?parent=13835"}],"wp:term":[{"taxonomy":"product_brand","embeddable":true,"href":"https:\/\/nordicmart.andreevmaster.com\/sv\/wp-json\/wp\/v2\/product_brand?post=13835"},{"taxonomy":"product_cat","embeddable":true,"href":"https:\/\/nordicmart.andreevmaster.com\/sv\/wp-json\/wp\/v2\/product_cat?post=13835"},{"taxonomy":"product_tag","embeddable":true,"href":"https:\/\/nordicmart.andreevmaster.com\/sv\/wp-json\/wp\/v2\/product_tag?post=13835"}],"curies":[{"name":"wp","href":"https:\/\/api.w.org\/{rel}","templated":true}]}}