{"id":13829,"date":"2026-02-27T00:19:27","date_gmt":"2026-02-27T00:19:27","guid":{"rendered":"https:\/\/nordicmart.andreevmaster.com\/product\/songmics-tvattkorg-med-3-fack-tvattsamlare-med-lock-150-l\/"},"modified":"2026-02-27T08:12:21","modified_gmt":"2026-02-27T08:12:21","slug":"songmics-tvattkorg-med-3-fack-tvattsamlare-med-lock-150-l","status":"publish","type":"product","link":"https:\/\/nordicmart.andreevmaster.com\/sv\/produkt\/songmics-tvattkorg-med-3-fack-tvattsamlare-med-lock-150-l\/","title":{"rendered":"SONGMICS tv\u00e4ttkorg med 3 fack, tv\u00e4ttsamlare med lock, 150 l"},"content":{"rendered":"<p>Tv\u00e4ttkorg med 3 fack, tv\u00e4ttsamlare med lock, 150 l, avtagbar tv\u00e4ttp\u00e5se, Oxford-tyg, hopf\u00e4llbar, bl\u00e4ck svart<br \/>\nProduktdetaljer:<br \/>\n&#8211; F\u00e4rg: bl\u00e4ck svart<br \/>\n&#8211; Material: 600D Oxford-tyg, bambu, glasfiberst\u00e4nger, kartong<br \/>\n&#8211; Storlek: 60 x 38,5 x 70,5 cm (L x B x H)<br \/>\n&#8211; Vikt: 2,4 kg<br \/>\n&#8211; Max. statisk belastningskapacitet: 20 kg<\/p>\n<p>Leveransomfattning:<br \/>\n&#8211; 1 x tv\u00e4ttkorg<br \/>\n&#8211; 1 x tillbeh\u00f6rspaket<br \/>\n&#8211; 1 x bruksanvisning<\/p>\n<p>Anm\u00e4rkningar:<br \/>\n&#8211; F\u00f6r att undvika skador rekommenderas det inte att f\u00f6rvara tv\u00e4ttkorgen i en fuktig milj\u00f6 under l\u00e4ngre tid.<br \/>\n&#8211; Undvik att placera tunga f\u00f6rem\u00e5l p\u00e5 locket f\u00f6r att undvika skador.<br \/>\n&#8211; F\u00f6rvara inga vassa f\u00f6rem\u00e5l i denna tv\u00e4ttkorg f\u00f6r att undvika skador eller personskador.<\/p>\n","protected":false},"excerpt":{"rendered":"<p>Tv\u00e4ttkorg med 3 fack, tv\u00e4ttsamlare med lock, 150 l, avtagbar tv\u00e4ttp\u00e5se, Oxford-tyg, hopf\u00e4llbar, bl\u00e4ck svart<\/p>\n","protected":false},"featured_media":41924,"comment_status":"open","ping_status":"closed","template":"","meta":[],"product_brand":[],"product_cat":[33],"product_tag":[],"class_list":{"0":"post-13829","1":"product","2":"type-product","3":"status-publish","4":"has-post-thumbnail","6":"product_cat-okategoriserad","8":"first","9":"instock","10":"shipping-taxable","11":"purchasable","12":"product-type-simple"},"_links":{"self":[{"href":"https:\/\/nordicmart.andreevmaster.com\/sv\/wp-json\/wp\/v2\/product\/13829","targetHints":{"allow":["GET"]}}],"collection":[{"href":"https:\/\/nordicmart.andreevmaster.com\/sv\/wp-json\/wp\/v2\/product"}],"about":[{"href":"https:\/\/nordicmart.andreevmaster.com\/sv\/wp-json\/wp\/v2\/types\/product"}],"replies":[{"embeddable":true,"href":"https:\/\/nordicmart.andreevmaster.com\/sv\/wp-json\/wp\/v2\/comments?post=13829"}],"wp:featuredmedia":[{"embeddable":true,"href":"https:\/\/nordicmart.andreevmaster.com\/sv\/wp-json\/wp\/v2\/media\/41924"}],"wp:attachment":[{"href":"https:\/\/nordicmart.andreevmaster.com\/sv\/wp-json\/wp\/v2\/media?parent=13829"}],"wp:term":[{"taxonomy":"product_brand","embeddable":true,"href":"https:\/\/nordicmart.andreevmaster.com\/sv\/wp-json\/wp\/v2\/product_brand?post=13829"},{"taxonomy":"product_cat","embeddable":true,"href":"https:\/\/nordicmart.andreevmaster.com\/sv\/wp-json\/wp\/v2\/product_cat?post=13829"},{"taxonomy":"product_tag","embeddable":true,"href":"https:\/\/nordicmart.andreevmaster.com\/sv\/wp-json\/wp\/v2\/product_tag?post=13829"}],"curies":[{"name":"wp","href":"https:\/\/api.w.org\/{rel}","templated":true}]}}