{"id":13824,"date":"2026-02-27T00:19:25","date_gmt":"2026-02-27T00:19:25","guid":{"rendered":"https:\/\/nordicmart.andreevmaster.com\/product\/songmics-tvattkorg-tvattsamlare-med-lock-90-l\/"},"modified":"2026-02-27T08:12:20","modified_gmt":"2026-02-27T08:12:20","slug":"songmics-tvattkorg-tvattsamlare-med-lock-90-l","status":"publish","type":"product","link":"https:\/\/nordicmart.andreevmaster.com\/sv\/produkt\/songmics-tvattkorg-tvattsamlare-med-lock-90-l\/","title":{"rendered":"SONGMICS tv\u00e4ttkorg, tv\u00e4ttsamlare med lock, 90 L"},"content":{"rendered":"<p>Tv\u00e4ttkorg med 3 fack, tv\u00e4ttsamlare med lock, 150 l, avtagbar tv\u00e4ttp\u00e5se, Oxford-tyg, hopf\u00e4llbar, bl\u00e4ck svart<br \/>\nSpecifikationer:<\/p>\n<p>&#8211; M\u00e5tt: 42 x 32 x 70,5 cm (L x B x H)<br \/>\n&#8211; Vikt: 1,5 kg<br \/>\n&#8211; Max. statisk b\u00e4rf\u00f6rm\u00e5ga: 10 kg<br \/>\n&#8211; Material: 600D Oxford-tyg, bambu, glasfiberst\u00e4nger, kartong<br \/>\n&#8211; F\u00e4rg: svart<\/p>\n","protected":false},"excerpt":{"rendered":"<p>Tv\u00e4ttkorg med 3 fack, tv\u00e4ttsamlare med lock, 150 l, avtagbar tv\u00e4ttp\u00e5se, Oxford-tyg, hopf\u00e4llbar, bl\u00e4ck svart<\/p>\n","protected":false},"featured_media":41919,"comment_status":"open","ping_status":"closed","template":"","meta":[],"product_brand":[],"product_cat":[33],"product_tag":[],"class_list":{"0":"post-13824","1":"product","2":"type-product","3":"status-publish","4":"has-post-thumbnail","6":"product_cat-okategoriserad","8":"first","9":"instock","10":"shipping-taxable","11":"purchasable","12":"product-type-simple"},"_links":{"self":[{"href":"https:\/\/nordicmart.andreevmaster.com\/sv\/wp-json\/wp\/v2\/product\/13824","targetHints":{"allow":["GET"]}}],"collection":[{"href":"https:\/\/nordicmart.andreevmaster.com\/sv\/wp-json\/wp\/v2\/product"}],"about":[{"href":"https:\/\/nordicmart.andreevmaster.com\/sv\/wp-json\/wp\/v2\/types\/product"}],"replies":[{"embeddable":true,"href":"https:\/\/nordicmart.andreevmaster.com\/sv\/wp-json\/wp\/v2\/comments?post=13824"}],"wp:featuredmedia":[{"embeddable":true,"href":"https:\/\/nordicmart.andreevmaster.com\/sv\/wp-json\/wp\/v2\/media\/41919"}],"wp:attachment":[{"href":"https:\/\/nordicmart.andreevmaster.com\/sv\/wp-json\/wp\/v2\/media?parent=13824"}],"wp:term":[{"taxonomy":"product_brand","embeddable":true,"href":"https:\/\/nordicmart.andreevmaster.com\/sv\/wp-json\/wp\/v2\/product_brand?post=13824"},{"taxonomy":"product_cat","embeddable":true,"href":"https:\/\/nordicmart.andreevmaster.com\/sv\/wp-json\/wp\/v2\/product_cat?post=13824"},{"taxonomy":"product_tag","embeddable":true,"href":"https:\/\/nordicmart.andreevmaster.com\/sv\/wp-json\/wp\/v2\/product_tag?post=13824"}],"curies":[{"name":"wp","href":"https:\/\/api.w.org\/{rel}","templated":true}]}}