{"id":13817,"date":"2026-02-27T00:19:24","date_gmt":"2026-02-27T00:19:24","guid":{"rendered":"https:\/\/nordicmart.andreevmaster.com\/product\/songmics-tvattkorg-med-lock-140-l-tvattsorterare-med-hjul\/"},"modified":"2026-02-27T08:12:19","modified_gmt":"2026-02-27T08:12:19","slug":"songmics-tvattkorg-med-lock-140-l-tvattsorterare-med-hjul","status":"publish","type":"product","link":"https:\/\/nordicmart.andreevmaster.com\/sv\/produkt\/songmics-tvattkorg-med-lock-140-l-tvattsorterare-med-hjul\/","title":{"rendered":"SONGMICS tv\u00e4ttkorg med lock, 140 l, tv\u00e4ttsorterare med hjul"},"content":{"rendered":"<p>Ett snyggt hem \u00e4r ett lyckligt hem: Det \u00e4r f\u00f6rst\u00e5s v\u00e4ldigt bekv\u00e4mt att bara sl\u00e4nga smutsig tv\u00e4tt p\u00e5 golvet n\u00e4r man har tagit av sig kl\u00e4derna. Men det g\u00f6r inte bara ditt hem mer st\u00f6kigt, du m\u00e5ste ocks\u00e5 samla ihop din smutsiga tv\u00e4tt p\u00e5 tv\u00e4ttdagen, vilket \u00e4r jobbigt. Varf\u00f6r inte prova denna tv\u00e4ttkorg? Den har tre fack och \u00e4r dessutom f\u00f6rsedd med ett lock. P\u00e5 s\u00e5 s\u00e4tt kan du inte bara sortera din smutsiga tv\u00e4tt, utan ocks\u00e5 h\u00e5lla den g\u00f6md. Du kan f\u00f6rv\u00e4nta dig f\u00f6ljande f\u00f6rdelar: &#8211; Den handfl\u00e4tade ytan ger denna kista ett speciellt utseende. &#8211; Tack vare ett robust metallstativ kommer denna tv\u00e4ttkorg att h\u00e5lla i m\u00e5nga \u00e5r. &#8211; N\u00e4r du inte anv\u00e4nder korgen kan du f\u00e4lla ihop den och f\u00f6rvara den p\u00e5 ett utrymmesbesparande s\u00e4tt.- Du kan tv\u00e4tta p\u00e5sarna i tv\u00e4ttmaskinen. &#8211; Den enkla strukturen p\u00e5 denna kista g\u00f6r monteringen till en barnlek. &#8211; Denna tv\u00e4ttkorg passar perfekt i tv\u00e4ttstugan, sovrummet, badrummet eller vardagsrummet. Produktdetaljer: &#8211; F\u00e4rg: Gr\u00e5 &#8211; Material: PP-plast (polypropen), metallstomme, bomull &#8211; Storlek: 66 x 33 x 60 cm (L x B x H) &#8211; Vikt: 3,5 kg &#8211; Max. statisk belastningskapacitet: 30 kg Leveransomfattning: &#8211; 1 x tv\u00e4ttkorg &#8211; 1 x bruksanvisning SONGMICS Anm\u00e4rkningar: &#8211; F\u00f6rvara inte vassa f\u00f6rem\u00e5l i denna produkt f\u00f6r att undvika skador eller personskador.- Den maximala statiska belastningskapaciteten \u00e4r 30 kg. F\u00f6rvara inte tyngre f\u00f6rem\u00e5l i denna tv\u00e4ttkorg. &#8211; Detta \u00e4r en handfl\u00e4tad produkt. Ibland kan det d\u00e4rf\u00f6r f\u00f6rekomma oj\u00e4mnheter i enskilda fl\u00e4tband och deras fogar, vilket dock inte p\u00e5verkar produktens anv\u00e4ndning.<\/p>\n","protected":false},"excerpt":{"rendered":"<p>SONGMICS tv\u00e4ttkorg, handfl\u00e4tad, tv\u00e4ttsamlare, 140 l, av polyrotting, med 3 fack, avtagbar tv\u00e4ttp\u00e5se, lock, handtag, f\u00f6r vardagsrum, badrum, 66 x 33 x 60 cm, naturf\u00e4rgad LCB363N01<\/p>\n","protected":false},"featured_media":41913,"comment_status":"open","ping_status":"closed","template":"","meta":[],"product_brand":[],"product_cat":[33],"product_tag":[],"class_list":{"0":"post-13817","1":"product","2":"type-product","3":"status-publish","4":"has-post-thumbnail","6":"product_cat-okategoriserad","8":"first","9":"instock","10":"shipping-taxable","11":"purchasable","12":"product-type-simple"},"_links":{"self":[{"href":"https:\/\/nordicmart.andreevmaster.com\/sv\/wp-json\/wp\/v2\/product\/13817","targetHints":{"allow":["GET"]}}],"collection":[{"href":"https:\/\/nordicmart.andreevmaster.com\/sv\/wp-json\/wp\/v2\/product"}],"about":[{"href":"https:\/\/nordicmart.andreevmaster.com\/sv\/wp-json\/wp\/v2\/types\/product"}],"replies":[{"embeddable":true,"href":"https:\/\/nordicmart.andreevmaster.com\/sv\/wp-json\/wp\/v2\/comments?post=13817"}],"wp:featuredmedia":[{"embeddable":true,"href":"https:\/\/nordicmart.andreevmaster.com\/sv\/wp-json\/wp\/v2\/media\/41913"}],"wp:attachment":[{"href":"https:\/\/nordicmart.andreevmaster.com\/sv\/wp-json\/wp\/v2\/media?parent=13817"}],"wp:term":[{"taxonomy":"product_brand","embeddable":true,"href":"https:\/\/nordicmart.andreevmaster.com\/sv\/wp-json\/wp\/v2\/product_brand?post=13817"},{"taxonomy":"product_cat","embeddable":true,"href":"https:\/\/nordicmart.andreevmaster.com\/sv\/wp-json\/wp\/v2\/product_cat?post=13817"},{"taxonomy":"product_tag","embeddable":true,"href":"https:\/\/nordicmart.andreevmaster.com\/sv\/wp-json\/wp\/v2\/product_tag?post=13817"}],"curies":[{"name":"wp","href":"https:\/\/api.w.org\/{rel}","templated":true}]}}