{"id":13791,"date":"2026-02-27T00:19:18","date_gmt":"2026-02-27T00:19:18","guid":{"rendered":"https:\/\/nordicmart.andreevmaster.com\/product\/songmics-tvattkorg-med-lock-72-l-tvattkorg-i-bambu\/"},"modified":"2026-02-27T08:12:15","modified_gmt":"2026-02-27T08:12:15","slug":"songmics-tvattkorg-med-lock-72-l-tvattkorg-i-bambu","status":"publish","type":"product","link":"https:\/\/nordicmart.andreevmaster.com\/sv\/produkt\/songmics-tvattkorg-med-lock-72-l-tvattkorg-i-bambu\/","title":{"rendered":"SONGMICS tv\u00e4ttkorg med lock, 72 L, tv\u00e4ttkorg i bambu"},"content":{"rendered":"<p>Denna tv\u00e4ttkorg i bambu ger ditt hem en naturlig k\u00e4nsla och passar perfekt i olika rum. Den erbjuder mycket f\u00f6rvaringsutrymme (72 liter) f\u00f6r din tv\u00e4tt.  Med denna f\u00f6rvaringsl\u00e5da kan du d\u00f6lja det dagliga tv\u00e4ttkaoset under det avtagbara locket och skapa ordning i ditt hem. Dessutom har denna kista en avtagbar tv\u00e4ttp\u00e5se. Produktdetaljer: &#8211; F\u00e4rg: Gr\u00e5 &#8211; Material: Bambu, tv\u00e4ttp\u00e5se av bomull &#8211; Storlek: 40 x 30 x 60 cm (L x B x H) &#8211; Storlek p\u00e5 locket: 42 x 32 cm (L x B) &#8211; Vikt: 2,2 kg &#8211; Max. statisk belastningskapacitet: 20 kg Leveransomfattning: &#8211; 1 x tv\u00e4ttkorg &#8211; 1 x bruksanvisning SONGMICS Anm\u00e4rkningar: &#8211; Anv\u00e4nd inte produkten i fuktiga milj\u00f6er. Den ska placeras i ett v\u00e4l ventilerat rum. &#8211; F\u00f6rvara inte tunga f\u00f6rem\u00e5l i denna tv\u00e4ttkorg. &#8211; \u00d6ppna inte metallringarna flera g\u00e5nger f\u00f6r att s\u00e4kerst\u00e4lla en l\u00e5ng livsl\u00e4ngd. &#8211; Tv\u00e4ttp\u00e5sen \u00e4r tv\u00e4ttbar i 30 \u00b0C. &#8211; Torka av produkten med en fuktig trasa f\u00f6r reng\u00f6ring.<\/p>\n","protected":false},"excerpt":{"rendered":"<p>SONGMICS tv\u00e4ttkorg i bambu, hopf\u00e4llbar tv\u00e4ttkorg med lock och avtagbar tv\u00e4ttp\u00e5se i bomull, 72 L tv\u00e4ttkorg, tv\u00e4ttkorg, 40 x 30 x 60 cm, vit LCB010W01<\/p>\n","protected":false},"featured_media":41887,"comment_status":"open","ping_status":"closed","template":"","meta":[],"product_brand":[],"product_cat":[33],"product_tag":[],"class_list":{"0":"post-13791","1":"product","2":"type-product","3":"status-publish","4":"has-post-thumbnail","6":"product_cat-okategoriserad","8":"first","9":"instock","10":"shipping-taxable","11":"purchasable","12":"product-type-simple"},"_links":{"self":[{"href":"https:\/\/nordicmart.andreevmaster.com\/sv\/wp-json\/wp\/v2\/product\/13791","targetHints":{"allow":["GET"]}}],"collection":[{"href":"https:\/\/nordicmart.andreevmaster.com\/sv\/wp-json\/wp\/v2\/product"}],"about":[{"href":"https:\/\/nordicmart.andreevmaster.com\/sv\/wp-json\/wp\/v2\/types\/product"}],"replies":[{"embeddable":true,"href":"https:\/\/nordicmart.andreevmaster.com\/sv\/wp-json\/wp\/v2\/comments?post=13791"}],"wp:featuredmedia":[{"embeddable":true,"href":"https:\/\/nordicmart.andreevmaster.com\/sv\/wp-json\/wp\/v2\/media\/41887"}],"wp:attachment":[{"href":"https:\/\/nordicmart.andreevmaster.com\/sv\/wp-json\/wp\/v2\/media?parent=13791"}],"wp:term":[{"taxonomy":"product_brand","embeddable":true,"href":"https:\/\/nordicmart.andreevmaster.com\/sv\/wp-json\/wp\/v2\/product_brand?post=13791"},{"taxonomy":"product_cat","embeddable":true,"href":"https:\/\/nordicmart.andreevmaster.com\/sv\/wp-json\/wp\/v2\/product_cat?post=13791"},{"taxonomy":"product_tag","embeddable":true,"href":"https:\/\/nordicmart.andreevmaster.com\/sv\/wp-json\/wp\/v2\/product_tag?post=13791"}],"curies":[{"name":"wp","href":"https:\/\/api.w.org\/{rel}","templated":true}]}}