{"id":13788,"date":"2026-02-27T00:19:17","date_gmt":"2026-02-27T00:19:17","guid":{"rendered":"https:\/\/nordicmart.andreevmaster.com\/product\/songmics-tvattkorg-170-l-med-2-fack-56-x-40-x-75-cm-duvgra\/"},"modified":"2026-02-27T08:12:14","modified_gmt":"2026-02-27T08:12:14","slug":"songmics-tvattkorg-170-l-med-2-fack-56-x-40-x-75-cm-duvgra","status":"publish","type":"product","link":"https:\/\/nordicmart.andreevmaster.com\/sv\/produkt\/songmics-tvattkorg-170-l-med-2-fack-56-x-40-x-75-cm-duvgra\/","title":{"rendered":"SONGMICS tv\u00e4ttkorg 170 L med 2 fack 56 x 40 x 75 cm duvgr\u00e5"},"content":{"rendered":"<p>SONGMICS tv\u00e4ttkorg, 170 l tv\u00e4ttsamlare 2 fack, tv\u00e4ttsorterare, enkel montering, med lock och handtag, avtagbar tv\u00e4ttp\u00e5se, 56 x 40 x 75 cm, bl\u00e4ck svart LCB813B01<br \/>\nF\u00e4rg: duvgr\u00e5<br \/>\nMaterial: 150 g\/m\u00b2 polyestertyg, PP-plast, glasfiber<br \/>\nStorlek: 56 x 40 x 75 cm (L x B x H)<br \/>\nVikt: 2,5 kg<br \/>\nMax. statisk belastningskapacitet f\u00f6r varje innerficka: 10 kg<br \/>\nMax. statisk belastningskapacitet totalt: 20 kg<\/p>\n","protected":false},"excerpt":{"rendered":"<p>SONGMICS tv\u00e4ttkorg, 170 l tv\u00e4ttsamlare 2 fack, tv\u00e4ttsorterare, enkel montering, med lock och handtag, avtagbar tv\u00e4ttp\u00e5se, 56 x 40 x 75 cm, bl\u00e4ck svart LCB813B01<\/p>\n","protected":false},"featured_media":41884,"comment_status":"open","ping_status":"closed","template":"","meta":[],"product_brand":[],"product_cat":[33],"product_tag":[],"class_list":{"0":"post-13788","1":"product","2":"type-product","3":"status-publish","4":"has-post-thumbnail","6":"product_cat-okategoriserad","8":"first","9":"instock","10":"shipping-taxable","11":"purchasable","12":"product-type-simple"},"_links":{"self":[{"href":"https:\/\/nordicmart.andreevmaster.com\/sv\/wp-json\/wp\/v2\/product\/13788","targetHints":{"allow":["GET"]}}],"collection":[{"href":"https:\/\/nordicmart.andreevmaster.com\/sv\/wp-json\/wp\/v2\/product"}],"about":[{"href":"https:\/\/nordicmart.andreevmaster.com\/sv\/wp-json\/wp\/v2\/types\/product"}],"replies":[{"embeddable":true,"href":"https:\/\/nordicmart.andreevmaster.com\/sv\/wp-json\/wp\/v2\/comments?post=13788"}],"wp:featuredmedia":[{"embeddable":true,"href":"https:\/\/nordicmart.andreevmaster.com\/sv\/wp-json\/wp\/v2\/media\/41884"}],"wp:attachment":[{"href":"https:\/\/nordicmart.andreevmaster.com\/sv\/wp-json\/wp\/v2\/media?parent=13788"}],"wp:term":[{"taxonomy":"product_brand","embeddable":true,"href":"https:\/\/nordicmart.andreevmaster.com\/sv\/wp-json\/wp\/v2\/product_brand?post=13788"},{"taxonomy":"product_cat","embeddable":true,"href":"https:\/\/nordicmart.andreevmaster.com\/sv\/wp-json\/wp\/v2\/product_cat?post=13788"},{"taxonomy":"product_tag","embeddable":true,"href":"https:\/\/nordicmart.andreevmaster.com\/sv\/wp-json\/wp\/v2\/product_tag?post=13788"}],"curies":[{"name":"wp","href":"https:\/\/api.w.org\/{rel}","templated":true}]}}