{"id":13783,"date":"2026-02-27T00:19:16","date_gmt":"2026-02-27T00:19:16","guid":{"rendered":"https:\/\/nordicmart.andreevmaster.com\/product\/songmics-tvattkorg-i-bambu-100-l-gra\/"},"modified":"2026-02-27T08:12:13","modified_gmt":"2026-02-27T08:12:13","slug":"songmics-tvattkorg-i-bambu-100-l-gra","status":"publish","type":"product","link":"https:\/\/nordicmart.andreevmaster.com\/sv\/produkt\/songmics-tvattkorg-i-bambu-100-l-gra\/","title":{"rendered":"SONGMICS tv\u00e4ttkorg i bambu 100 L  gr\u00e5"},"content":{"rendered":"<p>F\u00f6r en smidig tv\u00e4ttdag: Ligger din smutsiga tv\u00e4tt utspridd \u00f6ver hela rummet s\u00e5 att du m\u00e5ste samla ihop den innan du kan ta den till tv\u00e4ttmaskinen? Eller uppt\u00e4cker du regelbundet fler kl\u00e4desplagg efter att din tv\u00e4tt redan snurrar glatt i tv\u00e4ttrumman?Om ja, \u00e4r denna tv\u00e4ttkorg fr\u00e5n SONGMICS precis r\u00e4tt f\u00f6r dig! V\u00e4lkomna bambu i ditt hem: Naturligt material? F\u00f6rnybart? Detta \u00e4r bara n\u00e5gra av f\u00f6rdelarna med bambu. Detta material k\u00e4nnetecknas ocks\u00e5 av sin h\u00f6ga stabilitet och sitt vackra, fr\u00e4scha utseende. S\u00e5 du beh\u00f6ver inte avst\u00e5 fr\u00e5n stil n\u00e4r du vill k\u00f6pa ett robust m\u00f6bel. F\u00f6ljer dig under m\u00e5nga \u00e5r: Metallramen och bottenplattan ger korgen ett stabilt st\u00f6d. Detta g\u00f6r att denna tv\u00e4ttkorg \u00e4r motst\u00e5ndskraftig mot deformationer och lovar god belastningsf\u00f6rm\u00e5ga (upp till 25 kg) samt l\u00e5ng livsl\u00e4ngd. Produktdetaljer: F\u00e4rg: Gr\u00e5\/Vintage Material: Bambu, bomull, plywood, j\u00e4rnram, ABS-kl\u00e4mma Storlek: 51,5 x 31,5 x 60,5 cm (L x B x H) Vikt: 2,7 kg Max. statisk belastningsf\u00f6rm\u00e5ga: 25 kg Leveransomfattning: 1 x tv\u00e4ttkorg 1 x bruksanvisning (DE, EN, FR, ES, IT)<\/p>\n","protected":false},"excerpt":{"rendered":"<p>SONGMICS tv\u00e4ttkorg 100 L, tv\u00e4ttkorg i bambu, tv\u00e4ttkista med handtag, lock med clips, hopf\u00e4llbar, tv\u00e4ttp\u00e5se avtagbar, naturf\u00e4rgad LCB71Y<\/p>\n","protected":false},"featured_media":0,"comment_status":"open","ping_status":"closed","template":"","meta":[],"product_brand":[],"product_cat":[33],"product_tag":[],"class_list":{"0":"post-13783","1":"product","2":"type-product","3":"status-publish","5":"product_cat-okategoriserad","7":"first","8":"instock","9":"shipping-taxable","10":"purchasable","11":"product-type-simple"},"_links":{"self":[{"href":"https:\/\/nordicmart.andreevmaster.com\/sv\/wp-json\/wp\/v2\/product\/13783","targetHints":{"allow":["GET"]}}],"collection":[{"href":"https:\/\/nordicmart.andreevmaster.com\/sv\/wp-json\/wp\/v2\/product"}],"about":[{"href":"https:\/\/nordicmart.andreevmaster.com\/sv\/wp-json\/wp\/v2\/types\/product"}],"replies":[{"embeddable":true,"href":"https:\/\/nordicmart.andreevmaster.com\/sv\/wp-json\/wp\/v2\/comments?post=13783"}],"wp:attachment":[{"href":"https:\/\/nordicmart.andreevmaster.com\/sv\/wp-json\/wp\/v2\/media?parent=13783"}],"wp:term":[{"taxonomy":"product_brand","embeddable":true,"href":"https:\/\/nordicmart.andreevmaster.com\/sv\/wp-json\/wp\/v2\/product_brand?post=13783"},{"taxonomy":"product_cat","embeddable":true,"href":"https:\/\/nordicmart.andreevmaster.com\/sv\/wp-json\/wp\/v2\/product_cat?post=13783"},{"taxonomy":"product_tag","embeddable":true,"href":"https:\/\/nordicmart.andreevmaster.com\/sv\/wp-json\/wp\/v2\/product_tag?post=13783"}],"curies":[{"name":"wp","href":"https:\/\/api.w.org\/{rel}","templated":true}]}}