{"id":13776,"date":"2026-02-27T00:19:14","date_gmt":"2026-02-27T00:19:14","guid":{"rendered":"https:\/\/nordicmart.andreevmaster.com\/product\/songmics-tvattkorg-bambu-100-l-brun-1-fack\/"},"modified":"2026-02-27T08:12:12","modified_gmt":"2026-02-27T08:12:12","slug":"songmics-tvattkorg-bambu-100-l-brun-1-fack","status":"publish","type":"product","link":"https:\/\/nordicmart.andreevmaster.com\/sv\/produkt\/songmics-tvattkorg-bambu-100-l-brun-1-fack\/","title":{"rendered":"SONGMICS tv\u00e4ttkorg bambu 100 L brun 1 fack"},"content":{"rendered":"<p>Produktbeskrivning:  Songmics tv\u00e4ttkorg \u00e4r tillverkad av h\u00f6gkvalitativ bambu. Denna enkla och naturliga tv\u00e4ttkorg passar perfekt i alla rum. Med en volym p\u00e5 100 liter erbjuder den ett stort f\u00f6rvaringsutrymme och rymmer mer smutsig tv\u00e4tt. Tv\u00e4ttp\u00e5sarna, som \u00e4r avtagbara och tv\u00e4ttbara, och locket, som kan f\u00e4stas p\u00e5 bambukorgen, ger dig en bekv\u00e4mare l\u00f6sning f\u00f6r smutsig tv\u00e4tt s\u00e5 att du kan h\u00e5lla ditt hem snyggt.  Anvisningar:  &#8211; F\u00f6r att undvika m\u00f6gel ska du inte anv\u00e4nda tv\u00e4ttkorgen i fuktiga milj\u00f6er, utan se till att den ventileras regelbundet. &#8211; F\u00f6r att undvika att h\u00f6ljet deformeras, l\u00e4gg inte f\u00f6r mycket tv\u00e4tt i tv\u00e4ttkorgen. &#8211; F\u00f6r att f\u00f6rl\u00e4nga livsl\u00e4ngden, \u00f6ppna inte metallringarna f\u00f6r mycket. &#8211; Anv\u00e4nd en fuktig trasa n\u00e4r du reng\u00f6r bambuh\u00f6ljet. &#8211; Tv\u00e4ttp\u00e5sen \u00e4r tv\u00e4ttbar i 30 \u00b0C. Produktdetaljer:  &#8211; M\u00e5tt: 52 x 63 x 32 cm (B x H x D) &#8211; Material: bambu, tv\u00e4ttp\u00e5se av bomull &#8211; F\u00e4rg: brun &#8211; Vikt: 3 kg Leveransomfattning:  &#8211; 1 x tv\u00e4ttkorg &#8211; 1 x bruksanvisning (DE, EN, FR, IT, ES)<\/p>\n","protected":false},"excerpt":{"rendered":"<p>SONGMICS tv\u00e4ttkorg i bambu, hopf\u00e4llbar tv\u00e4ttkista, tv\u00e4ttl\u00e5da, tv\u00e4ttbeh\u00e5llare med lock, 100 l tv\u00e4ttsamlare 62,5 x 52 x 32 cm, tv\u00e4ttl\u00e5da med avtagbar tv\u00e4ttp\u00e5se, brun LCB61Z<\/p>\n","protected":false},"featured_media":41876,"comment_status":"open","ping_status":"closed","template":"","meta":[],"product_brand":[],"product_cat":[33],"product_tag":[],"class_list":{"0":"post-13776","1":"product","2":"type-product","3":"status-publish","4":"has-post-thumbnail","6":"product_cat-okategoriserad","8":"first","9":"instock","10":"shipping-taxable","11":"purchasable","12":"product-type-simple"},"_links":{"self":[{"href":"https:\/\/nordicmart.andreevmaster.com\/sv\/wp-json\/wp\/v2\/product\/13776","targetHints":{"allow":["GET"]}}],"collection":[{"href":"https:\/\/nordicmart.andreevmaster.com\/sv\/wp-json\/wp\/v2\/product"}],"about":[{"href":"https:\/\/nordicmart.andreevmaster.com\/sv\/wp-json\/wp\/v2\/types\/product"}],"replies":[{"embeddable":true,"href":"https:\/\/nordicmart.andreevmaster.com\/sv\/wp-json\/wp\/v2\/comments?post=13776"}],"wp:featuredmedia":[{"embeddable":true,"href":"https:\/\/nordicmart.andreevmaster.com\/sv\/wp-json\/wp\/v2\/media\/41876"}],"wp:attachment":[{"href":"https:\/\/nordicmart.andreevmaster.com\/sv\/wp-json\/wp\/v2\/media?parent=13776"}],"wp:term":[{"taxonomy":"product_brand","embeddable":true,"href":"https:\/\/nordicmart.andreevmaster.com\/sv\/wp-json\/wp\/v2\/product_brand?post=13776"},{"taxonomy":"product_cat","embeddable":true,"href":"https:\/\/nordicmart.andreevmaster.com\/sv\/wp-json\/wp\/v2\/product_cat?post=13776"},{"taxonomy":"product_tag","embeddable":true,"href":"https:\/\/nordicmart.andreevmaster.com\/sv\/wp-json\/wp\/v2\/product_tag?post=13776"}],"curies":[{"name":"wp","href":"https:\/\/api.w.org\/{rel}","templated":true}]}}