{"id":13774,"date":"2026-02-27T00:19:13","date_gmt":"2026-02-27T00:19:13","guid":{"rendered":"https:\/\/nordicmart.andreevmaster.com\/product\/songmics-home-tvattkorg-100-l-med-2-fack-och-hjul-naturbeige-mattvit\/"},"modified":"2026-02-27T08:12:11","modified_gmt":"2026-02-27T08:12:11","slug":"songmics-home-tvattkorg-100-l-med-2-fack-och-hjul-naturbeige-mattvit","status":"publish","type":"product","link":"https:\/\/nordicmart.andreevmaster.com\/sv\/produkt\/songmics-home-tvattkorg-100-l-med-2-fack-och-hjul-naturbeige-mattvit\/","title":{"rendered":"SONGMICS HOME tv\u00e4ttkorg 100 L med 2 fack och hjul naturbeige-mattvit"},"content":{"rendered":"<p>SONGMICS HOME Tv\u00e4ttkorg 2 fack, tv\u00e4ttsamlare 100 L, tv\u00e4ttsorterare p\u00e5 hjul, med lock, tv\u00e4ttp\u00e5se med handtag, rottinglook, f\u00f6r tv\u00e4ttstuga, badrum, naturbeige-mattvit LCB601N01<br \/>\nF\u00e4rg: Naturbeige-mattvit<br \/>\nMaterial: st\u00e5l, syntetfiberv\u00e4v, polyester-bomullsv\u00e4v<br \/>\nStorlek: 46,5 x 37,5 x 65 cm (L x B x H)<br \/>\nVikt: 3,7 kg<br \/>\nMax. statisk belastningskapacitet f\u00f6r korgen: 10 kg<br \/>\nMax. statisk belastningskapacitet f\u00f6r locket: 5 kg<\/p>\n","protected":false},"excerpt":{"rendered":"<p>SONGMICS HOME Tv\u00e4ttkorg 2 fack, tv\u00e4ttsamlare 100 L, tv\u00e4ttsorterare p\u00e5 hjul, med lock, tv\u00e4ttp\u00e5se med handtag, rottinglook, f\u00f6r tv\u00e4ttstuga, badrum, naturbeige-mattvit LCB601N01<\/p>\n","protected":false},"featured_media":41874,"comment_status":"open","ping_status":"closed","template":"","meta":[],"product_brand":[],"product_cat":[33],"product_tag":[],"class_list":{"0":"post-13774","1":"product","2":"type-product","3":"status-publish","4":"has-post-thumbnail","6":"product_cat-okategoriserad","8":"first","9":"instock","10":"shipping-taxable","11":"purchasable","12":"product-type-simple"},"_links":{"self":[{"href":"https:\/\/nordicmart.andreevmaster.com\/sv\/wp-json\/wp\/v2\/product\/13774","targetHints":{"allow":["GET"]}}],"collection":[{"href":"https:\/\/nordicmart.andreevmaster.com\/sv\/wp-json\/wp\/v2\/product"}],"about":[{"href":"https:\/\/nordicmart.andreevmaster.com\/sv\/wp-json\/wp\/v2\/types\/product"}],"replies":[{"embeddable":true,"href":"https:\/\/nordicmart.andreevmaster.com\/sv\/wp-json\/wp\/v2\/comments?post=13774"}],"wp:featuredmedia":[{"embeddable":true,"href":"https:\/\/nordicmart.andreevmaster.com\/sv\/wp-json\/wp\/v2\/media\/41874"}],"wp:attachment":[{"href":"https:\/\/nordicmart.andreevmaster.com\/sv\/wp-json\/wp\/v2\/media?parent=13774"}],"wp:term":[{"taxonomy":"product_brand","embeddable":true,"href":"https:\/\/nordicmart.andreevmaster.com\/sv\/wp-json\/wp\/v2\/product_brand?post=13774"},{"taxonomy":"product_cat","embeddable":true,"href":"https:\/\/nordicmart.andreevmaster.com\/sv\/wp-json\/wp\/v2\/product_cat?post=13774"},{"taxonomy":"product_tag","embeddable":true,"href":"https:\/\/nordicmart.andreevmaster.com\/sv\/wp-json\/wp\/v2\/product_tag?post=13774"}],"curies":[{"name":"wp","href":"https:\/\/api.w.org\/{rel}","templated":true}]}}