{"id":13764,"date":"2026-02-27T00:19:11","date_gmt":"2026-02-27T00:19:11","guid":{"rendered":"https:\/\/nordicmart.andreevmaster.com\/product\/songmics-tvattkorg-med-tva-fack-och-lock\/"},"modified":"2026-02-27T08:12:10","modified_gmt":"2026-02-27T08:12:10","slug":"songmics-tvattkorg-med-tva-fack-och-lock","status":"publish","type":"product","link":"https:\/\/nordicmart.andreevmaster.com\/sv\/produkt\/songmics-tvattkorg-med-tva-fack-och-lock\/","title":{"rendered":"SONGMICS tv\u00e4ttkorg med tv\u00e5 fack och lock"},"content":{"rendered":"<p>SONGMICS tv\u00e4ttkorg med 2 fack, tv\u00e4ttsamlare, 150 liter, tv\u00e4ttsorterare med lock, tv\u00e4ttbeh\u00e5llare, tv\u00e4tts\u00e4ckar som kan tas ut, f\u00f6r tv\u00e4ttstuga, sovrum, vardagsrum, skiffergr\u00e5-naturbeige LCB523G01<br \/>\nF\u00e4rg: skiffergr\u00e5-naturbeige<br \/>\nMaterial: Oxford-tyg, bambu, polyester, metalltr\u00e5dsram, polyamid (nylon), PU-konstl\u00e4der, kartong, glasfiberstavar<br \/>\nStorlek: 52 x 38,5 x 75 cm (L x B x H)<br \/>\nVikt: 2 kg<br \/>\nMax. total statisk belastningskapacitet: 20 kg<\/p>\n","protected":false},"excerpt":{"rendered":"<p>SONGMICS tv\u00e4ttkorg med 2 fack, tv\u00e4ttsamlare, 150 liter, tv\u00e4ttsorterare med lock, tv\u00e4ttbeh\u00e5llare, tv\u00e4tts\u00e4ckar som kan tas ut, f\u00f6r tv\u00e4ttstuga, sovrum, vardagsrum, skiffergr\u00e5-naturbeige LCB523G01<\/p>\n","protected":false},"featured_media":41864,"comment_status":"open","ping_status":"closed","template":"","meta":[],"product_brand":[],"product_cat":[33],"product_tag":[],"class_list":{"0":"post-13764","1":"product","2":"type-product","3":"status-publish","4":"has-post-thumbnail","6":"product_cat-okategoriserad","8":"first","9":"instock","10":"shipping-taxable","11":"purchasable","12":"product-type-simple"},"_links":{"self":[{"href":"https:\/\/nordicmart.andreevmaster.com\/sv\/wp-json\/wp\/v2\/product\/13764","targetHints":{"allow":["GET"]}}],"collection":[{"href":"https:\/\/nordicmart.andreevmaster.com\/sv\/wp-json\/wp\/v2\/product"}],"about":[{"href":"https:\/\/nordicmart.andreevmaster.com\/sv\/wp-json\/wp\/v2\/types\/product"}],"replies":[{"embeddable":true,"href":"https:\/\/nordicmart.andreevmaster.com\/sv\/wp-json\/wp\/v2\/comments?post=13764"}],"wp:featuredmedia":[{"embeddable":true,"href":"https:\/\/nordicmart.andreevmaster.com\/sv\/wp-json\/wp\/v2\/media\/41864"}],"wp:attachment":[{"href":"https:\/\/nordicmart.andreevmaster.com\/sv\/wp-json\/wp\/v2\/media?parent=13764"}],"wp:term":[{"taxonomy":"product_brand","embeddable":true,"href":"https:\/\/nordicmart.andreevmaster.com\/sv\/wp-json\/wp\/v2\/product_brand?post=13764"},{"taxonomy":"product_cat","embeddable":true,"href":"https:\/\/nordicmart.andreevmaster.com\/sv\/wp-json\/wp\/v2\/product_cat?post=13764"},{"taxonomy":"product_tag","embeddable":true,"href":"https:\/\/nordicmart.andreevmaster.com\/sv\/wp-json\/wp\/v2\/product_tag?post=13764"}],"curies":[{"name":"wp","href":"https:\/\/api.w.org\/{rel}","templated":true}]}}