{"id":13762,"date":"2026-02-27T00:19:11","date_gmt":"2026-02-27T00:19:11","guid":{"rendered":"https:\/\/nordicmart.andreevmaster.com\/product\/songmics-tvattkorg-i-polyrotting-vit\/"},"modified":"2026-02-27T08:12:09","modified_gmt":"2026-02-27T08:12:09","slug":"songmics-tvattkorg-i-polyrotting-vit","status":"publish","type":"product","link":"https:\/\/nordicmart.andreevmaster.com\/sv\/produkt\/songmics-tvattkorg-i-polyrotting-vit\/","title":{"rendered":"SONGMICS tv\u00e4ttkorg i polyrotting, vit"},"content":{"rendered":"<p>Ett st\u00e4dat hem \u00e4r ett lyckligt hem: Det \u00e4r f\u00f6rst\u00e5s mycket bekv\u00e4mt att bara sl\u00e4nga smutsig tv\u00e4tt p\u00e5 golvet n\u00e4r man har tagit av sig kl\u00e4derna. Men det g\u00f6r inte bara ditt hem mer st\u00f6kigt, utan du m\u00e5ste ocks\u00e5 samla ihop din smutsiga tv\u00e4tt p\u00e5 tv\u00e4ttdagen, vilket \u00e4r besv\u00e4rligt. Med denna tv\u00e4ttkorg kan du \u00e4ntligen s\u00e4ga adj\u00f6 till ditt st\u00f6kiga sovrum. Med denna tv\u00e4ttkorg i storleken 46 x 33 x 60 cm (L x B x H) kan du enkelt f\u00f6rvara din smutsiga tv\u00e4tt p\u00e5 ett st\u00e4lle. Tv\u00e4ttp\u00e5sen f\u00e4sts p\u00e5 korgen s\u00e5 att den inte kan glida ner. Dessutom \u00e4r den l\u00e4tt att ta ut och b\u00e4ra till tv\u00e4ttmaskinen. Handfl\u00e4tade m\u00f6bler med charm: Den handfl\u00e4tade korgen ger ditt hem en touch av klass. Tack vare den h\u00f6gkvalitativa syntetiska rottingen och j\u00e4rnramen beh\u00f6ver du inte oroa dig f\u00f6r att rost eller vatten ska skada din tv\u00e4ttkorg eller kl\u00e4derna som f\u00f6rvaras inuti \u2013 inte ens i ett fuktigt rum som badrummet. Korgen \u00e4r ocks\u00e5 perfekt f\u00f6r f\u00f6rvaring av leksaker i barnrummet eller redskap i ditt verkstad och t\u00e5l en belastning p\u00e5 upp till 25 kg. Produktdetaljer:F\u00e4rg: Naturf\u00e4rger Material: PP-plastrotting, j\u00e4rnram, bomull Storlek: 46 x 33 x 60 cm (L x B x H) Vikt: 4 kg Max. statisk belastningskapacitet: 25 kg Leveransomfattning: 1 x tv\u00e4ttkorg 1 x beh\u00e5llare med tillbeh\u00f6r 1 x bruksanvisning (DE, EN, FR, ES, IT)<\/p>\n","protected":false},"excerpt":{"rendered":"<p>SONGMICS tv\u00e4ttkorg handfl\u00e4tad, 90 L, tv\u00e4ttkorg i syntetrotting, med lock och handtag, hopf\u00e4llbar, tv\u00e4ttp\u00e5se avtagbar, naturf\u00e4rgad LCB51NL<\/p>\n","protected":false},"featured_media":41862,"comment_status":"open","ping_status":"closed","template":"","meta":[],"product_brand":[],"product_cat":[33],"product_tag":[],"class_list":{"0":"post-13762","1":"product","2":"type-product","3":"status-publish","4":"has-post-thumbnail","6":"product_cat-okategoriserad","8":"first","9":"instock","10":"shipping-taxable","11":"purchasable","12":"product-type-simple"},"_links":{"self":[{"href":"https:\/\/nordicmart.andreevmaster.com\/sv\/wp-json\/wp\/v2\/product\/13762","targetHints":{"allow":["GET"]}}],"collection":[{"href":"https:\/\/nordicmart.andreevmaster.com\/sv\/wp-json\/wp\/v2\/product"}],"about":[{"href":"https:\/\/nordicmart.andreevmaster.com\/sv\/wp-json\/wp\/v2\/types\/product"}],"replies":[{"embeddable":true,"href":"https:\/\/nordicmart.andreevmaster.com\/sv\/wp-json\/wp\/v2\/comments?post=13762"}],"wp:featuredmedia":[{"embeddable":true,"href":"https:\/\/nordicmart.andreevmaster.com\/sv\/wp-json\/wp\/v2\/media\/41862"}],"wp:attachment":[{"href":"https:\/\/nordicmart.andreevmaster.com\/sv\/wp-json\/wp\/v2\/media?parent=13762"}],"wp:term":[{"taxonomy":"product_brand","embeddable":true,"href":"https:\/\/nordicmart.andreevmaster.com\/sv\/wp-json\/wp\/v2\/product_brand?post=13762"},{"taxonomy":"product_cat","embeddable":true,"href":"https:\/\/nordicmart.andreevmaster.com\/sv\/wp-json\/wp\/v2\/product_cat?post=13762"},{"taxonomy":"product_tag","embeddable":true,"href":"https:\/\/nordicmart.andreevmaster.com\/sv\/wp-json\/wp\/v2\/product_tag?post=13762"}],"curies":[{"name":"wp","href":"https:\/\/api.w.org\/{rel}","templated":true}]}}