{"id":13760,"date":"2026-02-27T00:19:10","date_gmt":"2026-02-27T00:19:10","guid":{"rendered":"https:\/\/nordicmart.andreevmaster.com\/product\/songmics-tvattkorg-i-polyrotting-90-l-naturfargad\/"},"modified":"2026-02-27T08:12:09","modified_gmt":"2026-02-27T08:12:09","slug":"songmics-tvattkorg-i-polyrotting-90-l-naturfargad","status":"publish","type":"product","link":"https:\/\/nordicmart.andreevmaster.com\/sv\/produkt\/songmics-tvattkorg-i-polyrotting-90-l-naturfargad\/","title":{"rendered":"SONGMICS tv\u00e4ttkorg i polyrotting 90 L naturf\u00e4rgad"},"content":{"rendered":"<p>Produktdetaljer: F\u00e4rg: Natur Material: PP-plastrotting, j\u00e4rnram, bomull Storlek: 46 x 33 x 60 cm (L x B x H) Vikt: 4 kg Max. statisk belastningskapacitet: 25 kg Leveransomfattning: 1 x tv\u00e4ttkorg 1 x beh\u00e5llare med tillbeh\u00f6r 1 x bruksanvisning (DE, EN, FR, ES, IT) SONGMICS Anm\u00e4rkningar: Produkten f\u00e5r inte komma i kontakt med vassa f\u00f6rem\u00e5l f\u00f6r att undvika skador.Produktens max. statiska belastningskapacitet \u00e4r 25 kg. F\u00f6rvara inte tyngre f\u00f6rem\u00e5l i kistan. Detta \u00e4r en handfl\u00e4tad produkt. Ibland kan det d\u00e4rf\u00f6r f\u00f6rekomma oj\u00e4mnheter i enskilda fl\u00e4tband och deras fogar, vilket dock inte p\u00e5verkar produktens anv\u00e4ndning.<\/p>\n","protected":false},"excerpt":{"rendered":"<p>SONGMICS tv\u00e4ttkorg handfl\u00e4tad, 90 L, tv\u00e4ttkorg i syntetrotting, med lock och handtag, hopf\u00e4llbar, tv\u00e4ttp\u00e5se avtagbar, naturf\u00e4rgad LCB51NL<\/p>\n","protected":false},"featured_media":41860,"comment_status":"open","ping_status":"closed","template":"","meta":[],"product_brand":[],"product_cat":[33],"product_tag":[],"class_list":{"0":"post-13760","1":"product","2":"type-product","3":"status-publish","4":"has-post-thumbnail","6":"product_cat-okategoriserad","8":"first","9":"instock","10":"shipping-taxable","11":"purchasable","12":"product-type-simple"},"_links":{"self":[{"href":"https:\/\/nordicmart.andreevmaster.com\/sv\/wp-json\/wp\/v2\/product\/13760","targetHints":{"allow":["GET"]}}],"collection":[{"href":"https:\/\/nordicmart.andreevmaster.com\/sv\/wp-json\/wp\/v2\/product"}],"about":[{"href":"https:\/\/nordicmart.andreevmaster.com\/sv\/wp-json\/wp\/v2\/types\/product"}],"replies":[{"embeddable":true,"href":"https:\/\/nordicmart.andreevmaster.com\/sv\/wp-json\/wp\/v2\/comments?post=13760"}],"wp:featuredmedia":[{"embeddable":true,"href":"https:\/\/nordicmart.andreevmaster.com\/sv\/wp-json\/wp\/v2\/media\/41860"}],"wp:attachment":[{"href":"https:\/\/nordicmart.andreevmaster.com\/sv\/wp-json\/wp\/v2\/media?parent=13760"}],"wp:term":[{"taxonomy":"product_brand","embeddable":true,"href":"https:\/\/nordicmart.andreevmaster.com\/sv\/wp-json\/wp\/v2\/product_brand?post=13760"},{"taxonomy":"product_cat","embeddable":true,"href":"https:\/\/nordicmart.andreevmaster.com\/sv\/wp-json\/wp\/v2\/product_cat?post=13760"},{"taxonomy":"product_tag","embeddable":true,"href":"https:\/\/nordicmart.andreevmaster.com\/sv\/wp-json\/wp\/v2\/product_tag?post=13760"}],"curies":[{"name":"wp","href":"https:\/\/api.w.org\/{rel}","templated":true}]}}