{"id":13756,"date":"2026-02-27T00:19:09","date_gmt":"2026-02-27T00:19:09","guid":{"rendered":"https:\/\/nordicmart.andreevmaster.com\/product\/songmics-tvattkorg-150-l-med-lock-och-3-fack-60-x-385-x-705-cm-kamelbrun\/"},"modified":"2026-02-27T08:12:08","modified_gmt":"2026-02-27T08:12:08","slug":"songmics-tvattkorg-150-l-med-lock-och-3-fack-60-x-385-x-705-cm-kamelbrun","status":"publish","type":"product","link":"https:\/\/nordicmart.andreevmaster.com\/sv\/produkt\/songmics-tvattkorg-150-l-med-lock-och-3-fack-60-x-385-x-705-cm-kamelbrun\/","title":{"rendered":"SONGMICS tv\u00e4ttkorg 150 L med lock och 3 fack 60 x 38,5 x 70,5 cm kamelbrun"},"content":{"rendered":"<p>SONGMICS tv\u00e4ttkorg, tv\u00e4ttsamlare med lock, hopf\u00e4llbar, avtagbar tv\u00e4ttp\u00e5se, Oxford-tyg, handtag av bambu, hopf\u00e4llbar<br \/>\nF\u00e4rg: Kamelbrun<br \/>\nMaterial: 600D Oxford-tyg, bambu, glasfiberst\u00e4nger, kartong<br \/>\nStorlek: 60 x 38,5 x 70,5 cm (L x B x H)<br \/>\nVikt: 2,4 kg<br \/>\nMax. statisk belastningskapacitet: 20 kg<\/p>\n","protected":false},"excerpt":{"rendered":"<p>SONGMICS tv\u00e4ttkorg, tv\u00e4ttsamlare med lock, hopf\u00e4llbar, avtagbar tv\u00e4ttp\u00e5se, Oxford-tyg, handtag av bambu, hopf\u00e4llbar<\/p>\n","protected":false},"featured_media":41856,"comment_status":"open","ping_status":"closed","template":"","meta":[],"product_brand":[],"product_cat":[33],"product_tag":[],"class_list":{"0":"post-13756","1":"product","2":"type-product","3":"status-publish","4":"has-post-thumbnail","6":"product_cat-okategoriserad","8":"first","9":"instock","10":"shipping-taxable","11":"purchasable","12":"product-type-simple"},"_links":{"self":[{"href":"https:\/\/nordicmart.andreevmaster.com\/sv\/wp-json\/wp\/v2\/product\/13756","targetHints":{"allow":["GET"]}}],"collection":[{"href":"https:\/\/nordicmart.andreevmaster.com\/sv\/wp-json\/wp\/v2\/product"}],"about":[{"href":"https:\/\/nordicmart.andreevmaster.com\/sv\/wp-json\/wp\/v2\/types\/product"}],"replies":[{"embeddable":true,"href":"https:\/\/nordicmart.andreevmaster.com\/sv\/wp-json\/wp\/v2\/comments?post=13756"}],"wp:featuredmedia":[{"embeddable":true,"href":"https:\/\/nordicmart.andreevmaster.com\/sv\/wp-json\/wp\/v2\/media\/41856"}],"wp:attachment":[{"href":"https:\/\/nordicmart.andreevmaster.com\/sv\/wp-json\/wp\/v2\/media?parent=13756"}],"wp:term":[{"taxonomy":"product_brand","embeddable":true,"href":"https:\/\/nordicmart.andreevmaster.com\/sv\/wp-json\/wp\/v2\/product_brand?post=13756"},{"taxonomy":"product_cat","embeddable":true,"href":"https:\/\/nordicmart.andreevmaster.com\/sv\/wp-json\/wp\/v2\/product_cat?post=13756"},{"taxonomy":"product_tag","embeddable":true,"href":"https:\/\/nordicmart.andreevmaster.com\/sv\/wp-json\/wp\/v2\/product_tag?post=13756"}],"curies":[{"name":"wp","href":"https:\/\/api.w.org\/{rel}","templated":true}]}}