{"id":13740,"date":"2026-02-27T00:19:05","date_gmt":"2026-02-27T00:19:05","guid":{"rendered":"https:\/\/nordicmart.andreevmaster.com\/product\/songmics-tvattkorg-65-l-med-lock-42-x-225-x-705-cm-black-svart\/"},"modified":"2026-02-27T08:12:05","modified_gmt":"2026-02-27T08:12:05","slug":"songmics-tvattkorg-65-l-med-lock-42-x-225-x-705-cm-black-svart","status":"publish","type":"product","link":"https:\/\/nordicmart.andreevmaster.com\/sv\/produkt\/songmics-tvattkorg-65-l-med-lock-42-x-225-x-705-cm-black-svart\/","title":{"rendered":"SONGMICS tv\u00e4ttkorg 65 L med lock 42 x 22,5 x 70,5 cm bl\u00e4ck svart"},"content":{"rendered":"<p>SONGMICS tv\u00e4ttkorg, tv\u00e4ttsamlare med lock, hopf\u00e4llbar, avtagbar tv\u00e4ttp\u00e5se, Oxford-tyg, handtag av bambu, hopf\u00e4llbar<br \/>\nF\u00e4rg: bl\u00e4ck svart<br \/>\nMaterial: 600D Oxford-tyg, bambu, glasfiberst\u00e4nger, kartong<br \/>\nStorlek: 42 x 22,5 x 70,5 cm (L x B x H)<br \/>\nVikt: 1,3 kg<br \/>\nMax. statisk belastningskapacitet: 5 kg<\/p>\n","protected":false},"excerpt":{"rendered":"<p>SONGMICS tv\u00e4ttkorg, tv\u00e4ttsamlare med lock, hopf\u00e4llbar, avtagbar tv\u00e4ttp\u00e5se, Oxford-tyg, handtag av bambu, hopf\u00e4llbar<\/p>\n","protected":false},"featured_media":41841,"comment_status":"open","ping_status":"closed","template":"","meta":[],"product_brand":[],"product_cat":[33],"product_tag":[],"class_list":{"0":"post-13740","1":"product","2":"type-product","3":"status-publish","4":"has-post-thumbnail","6":"product_cat-okategoriserad","8":"first","9":"instock","10":"shipping-taxable","11":"purchasable","12":"product-type-simple"},"_links":{"self":[{"href":"https:\/\/nordicmart.andreevmaster.com\/sv\/wp-json\/wp\/v2\/product\/13740","targetHints":{"allow":["GET"]}}],"collection":[{"href":"https:\/\/nordicmart.andreevmaster.com\/sv\/wp-json\/wp\/v2\/product"}],"about":[{"href":"https:\/\/nordicmart.andreevmaster.com\/sv\/wp-json\/wp\/v2\/types\/product"}],"replies":[{"embeddable":true,"href":"https:\/\/nordicmart.andreevmaster.com\/sv\/wp-json\/wp\/v2\/comments?post=13740"}],"wp:featuredmedia":[{"embeddable":true,"href":"https:\/\/nordicmart.andreevmaster.com\/sv\/wp-json\/wp\/v2\/media\/41841"}],"wp:attachment":[{"href":"https:\/\/nordicmart.andreevmaster.com\/sv\/wp-json\/wp\/v2\/media?parent=13740"}],"wp:term":[{"taxonomy":"product_brand","embeddable":true,"href":"https:\/\/nordicmart.andreevmaster.com\/sv\/wp-json\/wp\/v2\/product_brand?post=13740"},{"taxonomy":"product_cat","embeddable":true,"href":"https:\/\/nordicmart.andreevmaster.com\/sv\/wp-json\/wp\/v2\/product_cat?post=13740"},{"taxonomy":"product_tag","embeddable":true,"href":"https:\/\/nordicmart.andreevmaster.com\/sv\/wp-json\/wp\/v2\/product_tag?post=13740"}],"curies":[{"name":"wp","href":"https:\/\/api.w.org\/{rel}","templated":true}]}}