{"id":13739,"date":"2026-02-27T00:19:05","date_gmt":"2026-02-27T00:19:05","guid":{"rendered":"https:\/\/nordicmart.andreevmaster.com\/product\/songmics-bomullskorg-gra-beige\/"},"modified":"2026-02-27T08:12:05","modified_gmt":"2026-02-27T08:12:05","slug":"songmics-bomullskorg-gra-beige","status":"publish","type":"product","link":"https:\/\/nordicmart.andreevmaster.com\/sv\/produkt\/songmics-bomullskorg-gra-beige\/","title":{"rendered":"SONGMICS bomullskorg gr\u00e5-beige"},"content":{"rendered":"<p>Ordning ist\u00e4llet f\u00f6r kaos Dominera kl\u00e4der som ligger och skr\u00e4par din vardag och skapar st\u00e4ndig kaos? Varf\u00f6r inte sl\u00e4nga dem i denna rymliga tv\u00e4ttkorg med en kapacitet p\u00e5 125 liter f\u00f6r att \u00e5terst\u00e4lla den inre lugnet? Korgen \u00e4r fl\u00e4tad av bomullssn\u00f6re i lugnande neutrala f\u00e4rger och f\u00f6rsedd med handtag som \u00e4r f\u00f6rst\u00e4rkta med gl\u00e4nsande nitar. Den kommer att l\u00f6sa dina problem \u00e5t dig. Det enda problemet du kommer att ha \u00e4r att best\u00e4mma var du ska placera denna 50 x 65 cm (\u00d8 x H) stora tv\u00e4ttkorg: i sovrummet f\u00f6r att samla smutsiga kl\u00e4der under veckan, i arbetsrummet f\u00f6r att f\u00f6rvara tidningar och tidskrifter, eller i hallen f\u00f6r halsdukar, handskar och andra accessoarer f\u00f6r hela familjen? Lyft nu upp sidohandtagen och f\u00f6rverkliga dina id\u00e9er! Produktdetaljer: &#8211; F\u00e4rg: gr\u00e5beige &#8211; Material: bomullsrep &#8211; Storlek: 50 x 65 cm (\u00d8 x H) &#8211; Totalvikt: 2,1 kg &#8211; Max. statisk belastningskapacitet: 20 kg Leveransomfattning: &#8211; 1 x bomullsrepskorg SONGMICS Anm\u00e4rkningar: &#8211; Placera inte produkten i fuktiga milj\u00f6er. &#8211; Torka av produkten med en ren trasa f\u00f6r daglig reng\u00f6ring. &#8211; Du kan tv\u00e4tta och torka produkten i tv\u00e4ttmaskinen.<\/p>\n","protected":false},"excerpt":{"rendered":"<p>SONGMICS bomullskorg, tv\u00e4ttkorg med handtag, 125 l, f\u00f6r leksaker, kl\u00e4der, filtar, vardagsrum och sovrum, gr\u00e5beige<\/p>\n","protected":false},"featured_media":41840,"comment_status":"open","ping_status":"closed","template":"","meta":[],"product_brand":[],"product_cat":[33],"product_tag":[],"class_list":{"0":"post-13739","1":"product","2":"type-product","3":"status-publish","4":"has-post-thumbnail","6":"product_cat-okategoriserad","8":"first","9":"instock","10":"shipping-taxable","11":"purchasable","12":"product-type-simple"},"_links":{"self":[{"href":"https:\/\/nordicmart.andreevmaster.com\/sv\/wp-json\/wp\/v2\/product\/13739","targetHints":{"allow":["GET"]}}],"collection":[{"href":"https:\/\/nordicmart.andreevmaster.com\/sv\/wp-json\/wp\/v2\/product"}],"about":[{"href":"https:\/\/nordicmart.andreevmaster.com\/sv\/wp-json\/wp\/v2\/types\/product"}],"replies":[{"embeddable":true,"href":"https:\/\/nordicmart.andreevmaster.com\/sv\/wp-json\/wp\/v2\/comments?post=13739"}],"wp:featuredmedia":[{"embeddable":true,"href":"https:\/\/nordicmart.andreevmaster.com\/sv\/wp-json\/wp\/v2\/media\/41840"}],"wp:attachment":[{"href":"https:\/\/nordicmart.andreevmaster.com\/sv\/wp-json\/wp\/v2\/media?parent=13739"}],"wp:term":[{"taxonomy":"product_brand","embeddable":true,"href":"https:\/\/nordicmart.andreevmaster.com\/sv\/wp-json\/wp\/v2\/product_brand?post=13739"},{"taxonomy":"product_cat","embeddable":true,"href":"https:\/\/nordicmart.andreevmaster.com\/sv\/wp-json\/wp\/v2\/product_cat?post=13739"},{"taxonomy":"product_tag","embeddable":true,"href":"https:\/\/nordicmart.andreevmaster.com\/sv\/wp-json\/wp\/v2\/product_tag?post=13739"}],"curies":[{"name":"wp","href":"https:\/\/api.w.org\/{rel}","templated":true}]}}