{"id":13738,"date":"2026-02-27T00:19:05","date_gmt":"2026-02-27T00:19:05","guid":{"rendered":"https:\/\/nordicmart.andreevmaster.com\/product\/songmics-tvattkorg-90-l-naturfargad\/"},"modified":"2026-02-27T08:12:05","modified_gmt":"2026-02-27T08:12:05","slug":"songmics-tvattkorg-90-l-naturfargad","status":"publish","type":"product","link":"https:\/\/nordicmart.andreevmaster.com\/sv\/produkt\/songmics-tvattkorg-90-l-naturfargad\/","title":{"rendered":"SONGMICS tv\u00e4ttkorg 90 L naturf\u00e4rgad"},"content":{"rendered":"<p>F\u00f6r en smidig tv\u00e4ttdag Ligger din smutsiga tv\u00e4tt utspridd \u00f6ver hela rummet s\u00e5 att du m\u00e5ste samla ihop den innan du kan ta den till tv\u00e4ttmaskinen? Om s\u00e5 \u00e4r fallet \u00e4r denna tv\u00e4ttkorg fr\u00e5n SONGMICS precis r\u00e4tt f\u00f6r dig!Denna 46 x 33 x 60 cm stora tv\u00e4ttkorg med en volym p\u00e5 90 liter erbjuder gott om f\u00f6rvaringsutrymme f\u00f6r din tv\u00e4tt. N\u00e4r det \u00e4r tv\u00e4ttdag beh\u00f6ver du bara transportera tv\u00e4ttkorgen till tv\u00e4ttmaskinen med hj\u00e4lp av handtagen. Naturligtvis kan du ocks\u00e5 ta ut innerp\u00e5sen och ta med tv\u00e4tten till tv\u00e4ttstugan \u2013 mycket praktiskt! \u00c4nnu b\u00e4ttre \u00e4r att denna korg levereras med 3 tv\u00e4ttn\u00e4t som skyddar dina \u00f6mt\u00e5liga kl\u00e4der under tv\u00e4tten. Produktdetaljer: F\u00e4rg: Naturf\u00e4rger Material: St\u00e5l, PP-plast (polypropen), polyester-bomullsblandning Storlek: 46 x 33 x 60 cm (L x B x H) Storlek p\u00e5 handtagen: 9,5 x 6 cm (B x H) Storlek p\u00e5 tv\u00e4ttn\u00e4t: 50 x 60 cm (stort), 40 x 50 cm (medelstort), 30 x 40 cm (litet) Vikt: 2,9 kg Volym: 90 liter Max. statisk belastningskapacitet f\u00f6r tv\u00e4ttkorgen: 25 kg Leveransomfattning: 1 x tv\u00e4ttkorg 2 x innerp\u00e5se 3 x tv\u00e4ttn\u00e4t 1 x tillbeh\u00f6rspaket 1 x bruksanvisning SONGMICS Anm\u00e4rkningar: Den maximala statiska belastningskapaciteten f\u00f6r tv\u00e4ttkorgen \u00e4r 25 kg. \u00d6verskrid inte denna maximala vikt.<\/p>\n","protected":false},"excerpt":{"rendered":"<p>SONGMICS tv\u00e4ttkorg 90 L, tv\u00e4ttsamlare, avtagbar innerp\u00e5se, 2 tv\u00e4ttp\u00e5sar av tyg, 3 tv\u00e4ttn\u00e4t, handtag, rottinglook, leksaksf\u00f6rvaring, f\u00f6r badrum, sovrum, gr\u00e5 LCB390G01<\/p>\n","protected":false},"featured_media":0,"comment_status":"open","ping_status":"closed","template":"","meta":[],"product_brand":[],"product_cat":[33],"product_tag":[],"class_list":{"0":"post-13738","1":"product","2":"type-product","3":"status-publish","5":"product_cat-okategoriserad","7":"first","8":"instock","9":"shipping-taxable","10":"purchasable","11":"product-type-simple"},"_links":{"self":[{"href":"https:\/\/nordicmart.andreevmaster.com\/sv\/wp-json\/wp\/v2\/product\/13738","targetHints":{"allow":["GET"]}}],"collection":[{"href":"https:\/\/nordicmart.andreevmaster.com\/sv\/wp-json\/wp\/v2\/product"}],"about":[{"href":"https:\/\/nordicmart.andreevmaster.com\/sv\/wp-json\/wp\/v2\/types\/product"}],"replies":[{"embeddable":true,"href":"https:\/\/nordicmart.andreevmaster.com\/sv\/wp-json\/wp\/v2\/comments?post=13738"}],"wp:attachment":[{"href":"https:\/\/nordicmart.andreevmaster.com\/sv\/wp-json\/wp\/v2\/media?parent=13738"}],"wp:term":[{"taxonomy":"product_brand","embeddable":true,"href":"https:\/\/nordicmart.andreevmaster.com\/sv\/wp-json\/wp\/v2\/product_brand?post=13738"},{"taxonomy":"product_cat","embeddable":true,"href":"https:\/\/nordicmart.andreevmaster.com\/sv\/wp-json\/wp\/v2\/product_cat?post=13738"},{"taxonomy":"product_tag","embeddable":true,"href":"https:\/\/nordicmart.andreevmaster.com\/sv\/wp-json\/wp\/v2\/product_tag?post=13738"}],"curies":[{"name":"wp","href":"https:\/\/api.w.org\/{rel}","templated":true}]}}