{"id":13735,"date":"2026-02-27T00:19:04","date_gmt":"2026-02-27T00:19:04","guid":{"rendered":"https:\/\/nordicmart.andreevmaster.com\/product\/songmics-tvattkorg-70-l-gra\/"},"modified":"2026-02-27T08:12:05","modified_gmt":"2026-02-27T08:12:05","slug":"songmics-tvattkorg-70-l-gra","status":"publish","type":"product","link":"https:\/\/nordicmart.andreevmaster.com\/sv\/produkt\/songmics-tvattkorg-70-l-gra\/","title":{"rendered":"SONGMICS tv\u00e4ttkorg 70 L gr\u00e5"},"content":{"rendered":"<p>SONGMICS tv\u00e4ttkorg 90 L, tv\u00e4ttsamlare, avtagbar innerp\u00e5se, 2 tv\u00e4ttp\u00e5sar av tyg, 3 tv\u00e4ttn\u00e4t, handtag, rottinglook, leksaksf\u00f6rvaring, f\u00f6r badrum, sovrum, gr\u00e5 LCB390G01<\/p>\n","protected":false},"excerpt":{"rendered":"<p>SONGMICS tv\u00e4ttkorg 90 L, tv\u00e4ttsamlare, avtagbar innerp\u00e5se, 2 tv\u00e4ttp\u00e5sar av tyg, 3 tv\u00e4ttn\u00e4t, handtag, rottinglook, leksaksf\u00f6rvaring, f\u00f6r badrum, sovrum, gr\u00e5 LCB390G01<\/p>\n","protected":false},"featured_media":0,"comment_status":"open","ping_status":"closed","template":"","meta":[],"product_brand":[],"product_cat":[33],"product_tag":[],"class_list":{"0":"post-13735","1":"product","2":"type-product","3":"status-publish","5":"product_cat-okategoriserad","7":"first","8":"instock","9":"shipping-taxable","10":"purchasable","11":"product-type-simple"},"_links":{"self":[{"href":"https:\/\/nordicmart.andreevmaster.com\/sv\/wp-json\/wp\/v2\/product\/13735","targetHints":{"allow":["GET"]}}],"collection":[{"href":"https:\/\/nordicmart.andreevmaster.com\/sv\/wp-json\/wp\/v2\/product"}],"about":[{"href":"https:\/\/nordicmart.andreevmaster.com\/sv\/wp-json\/wp\/v2\/types\/product"}],"replies":[{"embeddable":true,"href":"https:\/\/nordicmart.andreevmaster.com\/sv\/wp-json\/wp\/v2\/comments?post=13735"}],"wp:attachment":[{"href":"https:\/\/nordicmart.andreevmaster.com\/sv\/wp-json\/wp\/v2\/media?parent=13735"}],"wp:term":[{"taxonomy":"product_brand","embeddable":true,"href":"https:\/\/nordicmart.andreevmaster.com\/sv\/wp-json\/wp\/v2\/product_brand?post=13735"},{"taxonomy":"product_cat","embeddable":true,"href":"https:\/\/nordicmart.andreevmaster.com\/sv\/wp-json\/wp\/v2\/product_cat?post=13735"},{"taxonomy":"product_tag","embeddable":true,"href":"https:\/\/nordicmart.andreevmaster.com\/sv\/wp-json\/wp\/v2\/product_tag?post=13735"}],"curies":[{"name":"wp","href":"https:\/\/api.w.org\/{rel}","templated":true}]}}