{"id":13732,"date":"2026-02-27T00:19:03","date_gmt":"2026-02-27T00:19:03","guid":{"rendered":"https:\/\/nordicmart.andreevmaster.com\/product\/songmics-tvattkorg-med-3-fack-naturfarger\/"},"modified":"2026-02-27T08:12:04","modified_gmt":"2026-02-27T08:12:04","slug":"songmics-tvattkorg-med-3-fack-naturfarger","status":"publish","type":"product","link":"https:\/\/nordicmart.andreevmaster.com\/sv\/produkt\/songmics-tvattkorg-med-3-fack-naturfarger\/","title":{"rendered":"SONGMICS tv\u00e4ttkorg med 3 fack naturf\u00e4rger"},"content":{"rendered":"<p>Du kan f\u00f6rv\u00e4nta dig f\u00f6ljande f\u00f6rdelar: Den handfl\u00e4tade ytan ger denna kista ett speciellt utseende. Tack vare det robusta metallstativet kommer denna tv\u00e4ttkorg att h\u00e5lla i m\u00e5nga \u00e5r. N\u00e4r du inte anv\u00e4nder korgen kan du f\u00e4lla ihop den och f\u00f6rvara den p\u00e5 ett utrymmesbesparande s\u00e4tt. Du kan tv\u00e4tta p\u00e5sarna i tv\u00e4ttmaskinen.Den enkla strukturen p\u00e5 denna kista g\u00f6r monteringen till en barnlek. Denna tv\u00e4ttkorg passar perfekt i tv\u00e4ttstugan, sovrummet, badrummet eller vardagsrummet. Produktdetaljer: F\u00e4rg: Naturf\u00e4rger Material: PP-plast (polypropen), metallstomme, bomull Storlek: 66 x 33 x 60 cm (L x B x H) Vikt: 3,5 kg Max. statisk belastningskapacitet: 30 kg Leveransomfattning: 1 x tv\u00e4ttkorg 1 x instruktioner SONGMICS Anm\u00e4rkningar: F\u00f6rvara inte vassa f\u00f6rem\u00e5l i denna produkt f\u00f6r att undvika skador eller personskador.Den maximala statiska belastningskapaciteten \u00e4r 30 kg. F\u00f6rvara inte tyngre f\u00f6rem\u00e5l i denna tv\u00e4ttkorg. Detta \u00e4r en handfl\u00e4tad produkt. Ibland kan det d\u00e4rf\u00f6r f\u00f6rekomma oj\u00e4mnheter i enskilda fl\u00e4tband och deras fogar, vilket dock inte p\u00e5verkar produktens anv\u00e4ndning.<\/p>\n","protected":false},"excerpt":{"rendered":"<p>SONGMICS tv\u00e4ttkorg, handfl\u00e4tad, tv\u00e4ttsamlare, 140 l, av polyrotting, med 3 fack, avtagbar tv\u00e4ttp\u00e5se, lock, handtag, f\u00f6r vardagsrum, badrum, 66 x 33 x 60 cm, naturf\u00e4rgad LCB363N01<\/p>\n","protected":false},"featured_media":41835,"comment_status":"open","ping_status":"closed","template":"","meta":[],"product_brand":[],"product_cat":[33],"product_tag":[],"class_list":{"0":"post-13732","1":"product","2":"type-product","3":"status-publish","4":"has-post-thumbnail","6":"product_cat-okategoriserad","8":"first","9":"instock","10":"shipping-taxable","11":"purchasable","12":"product-type-simple"},"_links":{"self":[{"href":"https:\/\/nordicmart.andreevmaster.com\/sv\/wp-json\/wp\/v2\/product\/13732","targetHints":{"allow":["GET"]}}],"collection":[{"href":"https:\/\/nordicmart.andreevmaster.com\/sv\/wp-json\/wp\/v2\/product"}],"about":[{"href":"https:\/\/nordicmart.andreevmaster.com\/sv\/wp-json\/wp\/v2\/types\/product"}],"replies":[{"embeddable":true,"href":"https:\/\/nordicmart.andreevmaster.com\/sv\/wp-json\/wp\/v2\/comments?post=13732"}],"wp:featuredmedia":[{"embeddable":true,"href":"https:\/\/nordicmart.andreevmaster.com\/sv\/wp-json\/wp\/v2\/media\/41835"}],"wp:attachment":[{"href":"https:\/\/nordicmart.andreevmaster.com\/sv\/wp-json\/wp\/v2\/media?parent=13732"}],"wp:term":[{"taxonomy":"product_brand","embeddable":true,"href":"https:\/\/nordicmart.andreevmaster.com\/sv\/wp-json\/wp\/v2\/product_brand?post=13732"},{"taxonomy":"product_cat","embeddable":true,"href":"https:\/\/nordicmart.andreevmaster.com\/sv\/wp-json\/wp\/v2\/product_cat?post=13732"},{"taxonomy":"product_tag","embeddable":true,"href":"https:\/\/nordicmart.andreevmaster.com\/sv\/wp-json\/wp\/v2\/product_tag?post=13732"}],"curies":[{"name":"wp","href":"https:\/\/api.w.org\/{rel}","templated":true}]}}