{"id":13725,"date":"2026-02-27T00:19:02","date_gmt":"2026-02-27T00:19:02","guid":{"rendered":"https:\/\/nordicmart.andreevmaster.com\/product\/songmics-tvattkorg-med-hjul-och-tvattpase-naturbeige-kramvit\/"},"modified":"2026-02-27T08:12:03","modified_gmt":"2026-02-27T08:12:03","slug":"songmics-tvattkorg-med-hjul-och-tvattpase-naturbeige-kramvit","status":"publish","type":"product","link":"https:\/\/nordicmart.andreevmaster.com\/sv\/produkt\/songmics-tvattkorg-med-hjul-och-tvattpase-naturbeige-kramvit\/","title":{"rendered":"SONGMICS tv\u00e4ttkorg med hjul och tv\u00e4ttp\u00e5se naturbeige-kr\u00e4mvit"},"content":{"rendered":"<p>SONGMICS tv\u00e4ttkorg 110 L, tv\u00e4ttsamlare med hjul, avtagbar tv\u00e4ttp\u00e5se, 2 innerp\u00e5sar, tv\u00e4ttvagn med lock, 57 x 33 x 65 cm, f\u00f6r tv\u00e4ttstuga<br \/>\n&#8211; F\u00e4rg: Naturbeige-kr\u00e4mvit<br \/>\n&#8211; Material: st\u00e5l, oxfordtyg, PE (polyeten)<br \/>\n&#8211; Storlek: 46 x 33 x 65 cm (L x B x H)<br \/>\n&#8211; Vikt: 3,6 kg<br \/>\n&#8211; Max. statisk belastningskapacitet f\u00f6r locket: 5 kg<br \/>\n&#8211; Max. statisk belastningskapacitet totalt: 20 kg<\/p>\n","protected":false},"excerpt":{"rendered":"<p>SONGMICS tv\u00e4ttkorg 110 L, tv\u00e4ttsamlare med hjul, avtagbar tv\u00e4ttp\u00e5se, 2 innerp\u00e5sar, tv\u00e4ttvagn med lock, 57 x 33 x 65 cm, f\u00f6r tv\u00e4ttstuga<\/p>\n","protected":false},"featured_media":41828,"comment_status":"open","ping_status":"closed","template":"","meta":[],"product_brand":[],"product_cat":[33],"product_tag":[],"class_list":{"0":"post-13725","1":"product","2":"type-product","3":"status-publish","4":"has-post-thumbnail","6":"product_cat-okategoriserad","8":"first","9":"instock","10":"shipping-taxable","11":"purchasable","12":"product-type-simple"},"_links":{"self":[{"href":"https:\/\/nordicmart.andreevmaster.com\/sv\/wp-json\/wp\/v2\/product\/13725","targetHints":{"allow":["GET"]}}],"collection":[{"href":"https:\/\/nordicmart.andreevmaster.com\/sv\/wp-json\/wp\/v2\/product"}],"about":[{"href":"https:\/\/nordicmart.andreevmaster.com\/sv\/wp-json\/wp\/v2\/types\/product"}],"replies":[{"embeddable":true,"href":"https:\/\/nordicmart.andreevmaster.com\/sv\/wp-json\/wp\/v2\/comments?post=13725"}],"wp:featuredmedia":[{"embeddable":true,"href":"https:\/\/nordicmart.andreevmaster.com\/sv\/wp-json\/wp\/v2\/media\/41828"}],"wp:attachment":[{"href":"https:\/\/nordicmart.andreevmaster.com\/sv\/wp-json\/wp\/v2\/media?parent=13725"}],"wp:term":[{"taxonomy":"product_brand","embeddable":true,"href":"https:\/\/nordicmart.andreevmaster.com\/sv\/wp-json\/wp\/v2\/product_brand?post=13725"},{"taxonomy":"product_cat","embeddable":true,"href":"https:\/\/nordicmart.andreevmaster.com\/sv\/wp-json\/wp\/v2\/product_cat?post=13725"},{"taxonomy":"product_tag","embeddable":true,"href":"https:\/\/nordicmart.andreevmaster.com\/sv\/wp-json\/wp\/v2\/product_tag?post=13725"}],"curies":[{"name":"wp","href":"https:\/\/api.w.org\/{rel}","templated":true}]}}