{"id":13721,"date":"2026-02-27T00:19:01","date_gmt":"2026-02-27T00:19:01","guid":{"rendered":"https:\/\/nordicmart.andreevmaster.com\/product\/songmics-tvattkorg-i-polyrotting-110-l-naturfargad\/"},"modified":"2026-02-27T08:12:02","modified_gmt":"2026-02-27T08:12:02","slug":"songmics-tvattkorg-i-polyrotting-110-l-naturfargad","status":"publish","type":"product","link":"https:\/\/nordicmart.andreevmaster.com\/sv\/produkt\/songmics-tvattkorg-i-polyrotting-110-l-naturfargad\/","title":{"rendered":"SONGMICS tv\u00e4ttkorg i polyrotting 110 L naturf\u00e4rgad"},"content":{"rendered":"<p>Ett snyggt hem \u00e4r ett lyckligt hem Det \u00e4r naturligtvis mycket bekv\u00e4mt att bara kasta smutsig tv\u00e4tt p\u00e5 golvet efter att man tagit av sig den. Detta g\u00f6r dock inte bara ditt hem mer kaotiskt, utan du m\u00e5ste ocks\u00e5 l\u00e4gga mycket tid p\u00e5 att sortera ljusa och m\u00f6rka kl\u00e4der n\u00e4r du vill l\u00e4gga dem i tv\u00e4ttmaskinen. Med denna tv\u00e4ttkorg kan du \u00e4ntligen s\u00e4ga adj\u00f6 till ditt st\u00f6kiga sovrum. Med denna tv\u00e4ttkorg som m\u00e4ter 57 x 33 x 60 cm (L x B x H) kan du sortera din smutsiga tv\u00e4tt efter f\u00e4rg eller material. Tv\u00e4ttp\u00e5sen f\u00e4sts p\u00e5 korgen s\u00e5 att den inte kan glida ner. Dessutom \u00e4r den l\u00e4tt att ta ut och b\u00e4ra till tv\u00e4ttmaskinen. Handfl\u00e4tade m\u00f6bler med charm Den handfl\u00e4tade tv\u00e4ttkorgen ger ditt hem en touch av klass, oavsett var du placerar den. Tack vare den h\u00f6gkvalitativa syntetiska rottingen och j\u00e4rnramen beh\u00f6ver du inte oroa dig f\u00f6r att rost eller vatten ska skada din tv\u00e4ttkorg eller kl\u00e4derna som f\u00f6rvaras i den \u2013 inte ens i ett fuktigt rum som badrummet. Korgen \u00e4r ocks\u00e5 perfekt f\u00f6r f\u00f6rvaring av leksaker i barnrummet eller verktyg i din verkstad. Produktdetaljer: F\u00e4rg: Vit Material: PP-plastrotting, j\u00e4rnram, bomull M\u00e5tt: 57 x 33 x 60 cm (L x B x H) Vikt: 4,2 kg Max. statisk belastningskapacitet: 25 kg Leveransomfattning: 1 x tv\u00e4ttkorg 1 x beh\u00e5llare med tillbeh\u00f6r 1 x instruktioner (DE, EN, FR, ES, IT) SONGMICS Anm\u00e4rkningar:Produkten f\u00e5r inte komma i kontakt med vassa f\u00f6rem\u00e5l f\u00f6r att undvika skador. Produktens max. statiska belastningskapacitet \u00e4r 25 kg. F\u00f6rvara inte tyngre f\u00f6rem\u00e5l i kistan. Detta \u00e4r en handfl\u00e4tad produkt. Ibland kan det d\u00e4rf\u00f6r f\u00f6rekomma oj\u00e4mnheter i enskilda fl\u00e4tband och deras fogar, vilket dock inte p\u00e5verkar produktens anv\u00e4ndning.<\/p>\n","protected":false},"excerpt":{"rendered":"<p>SONGMICS handfl\u00e4tad tv\u00e4ttkorg, tv\u00e4ttkorg i syntetrotting, med lock och handtag, tv\u00e4ttsorterare, hopf\u00e4llbar, tv\u00e4ttp\u00e5se avtagbar, naturf\u00e4rgad LCB52NL<\/p>\n","protected":false},"featured_media":41824,"comment_status":"open","ping_status":"closed","template":"","meta":[],"product_brand":[],"product_cat":[33],"product_tag":[],"class_list":{"0":"post-13721","1":"product","2":"type-product","3":"status-publish","4":"has-post-thumbnail","6":"product_cat-okategoriserad","8":"first","9":"instock","10":"shipping-taxable","11":"purchasable","12":"product-type-simple"},"_links":{"self":[{"href":"https:\/\/nordicmart.andreevmaster.com\/sv\/wp-json\/wp\/v2\/product\/13721","targetHints":{"allow":["GET"]}}],"collection":[{"href":"https:\/\/nordicmart.andreevmaster.com\/sv\/wp-json\/wp\/v2\/product"}],"about":[{"href":"https:\/\/nordicmart.andreevmaster.com\/sv\/wp-json\/wp\/v2\/types\/product"}],"replies":[{"embeddable":true,"href":"https:\/\/nordicmart.andreevmaster.com\/sv\/wp-json\/wp\/v2\/comments?post=13721"}],"wp:featuredmedia":[{"embeddable":true,"href":"https:\/\/nordicmart.andreevmaster.com\/sv\/wp-json\/wp\/v2\/media\/41824"}],"wp:attachment":[{"href":"https:\/\/nordicmart.andreevmaster.com\/sv\/wp-json\/wp\/v2\/media?parent=13721"}],"wp:term":[{"taxonomy":"product_brand","embeddable":true,"href":"https:\/\/nordicmart.andreevmaster.com\/sv\/wp-json\/wp\/v2\/product_brand?post=13721"},{"taxonomy":"product_cat","embeddable":true,"href":"https:\/\/nordicmart.andreevmaster.com\/sv\/wp-json\/wp\/v2\/product_cat?post=13721"},{"taxonomy":"product_tag","embeddable":true,"href":"https:\/\/nordicmart.andreevmaster.com\/sv\/wp-json\/wp\/v2\/product_tag?post=13721"}],"curies":[{"name":"wp","href":"https:\/\/api.w.org\/{rel}","templated":true}]}}