{"id":13717,"date":"2026-02-27T00:19:00","date_gmt":"2026-02-27T00:19:00","guid":{"rendered":"https:\/\/nordicmart.andreevmaster.com\/product\/songmics-tvattkorg-110-l-svart-vit\/"},"modified":"2026-02-27T08:12:01","modified_gmt":"2026-02-27T08:12:01","slug":"songmics-tvattkorg-110-l-svart-vit","status":"publish","type":"product","link":"https:\/\/nordicmart.andreevmaster.com\/sv\/produkt\/songmics-tvattkorg-110-l-svart-vit\/","title":{"rendered":"SONGMICS tv\u00e4ttkorg 110 l svart-vit"},"content":{"rendered":"<p>SONGMICS tv\u00e4ttkorg 110 L, tv\u00e4ttsamlare med hjul, avtagbar tv\u00e4ttp\u00e5se, 2 innerp\u00e5sar, tv\u00e4ttvagn med lock, 57 x 33 x 65 cm, f\u00f6r tv\u00e4ttstuga<\/p>\n","protected":false},"excerpt":{"rendered":"<p>SONGMICS tv\u00e4ttkorg 110 L, tv\u00e4ttsamlare med hjul, avtagbar tv\u00e4ttp\u00e5se, 2 innerp\u00e5sar, tv\u00e4ttvagn med lock, 57 x 33 x 65 cm, f\u00f6r tv\u00e4ttstuga<\/p>\n","protected":false},"featured_media":41820,"comment_status":"open","ping_status":"closed","template":"","meta":[],"product_brand":[],"product_cat":[33],"product_tag":[],"class_list":{"0":"post-13717","1":"product","2":"type-product","3":"status-publish","4":"has-post-thumbnail","6":"product_cat-okategoriserad","8":"first","9":"instock","10":"shipping-taxable","11":"purchasable","12":"product-type-simple"},"_links":{"self":[{"href":"https:\/\/nordicmart.andreevmaster.com\/sv\/wp-json\/wp\/v2\/product\/13717","targetHints":{"allow":["GET"]}}],"collection":[{"href":"https:\/\/nordicmart.andreevmaster.com\/sv\/wp-json\/wp\/v2\/product"}],"about":[{"href":"https:\/\/nordicmart.andreevmaster.com\/sv\/wp-json\/wp\/v2\/types\/product"}],"replies":[{"embeddable":true,"href":"https:\/\/nordicmart.andreevmaster.com\/sv\/wp-json\/wp\/v2\/comments?post=13717"}],"wp:featuredmedia":[{"embeddable":true,"href":"https:\/\/nordicmart.andreevmaster.com\/sv\/wp-json\/wp\/v2\/media\/41820"}],"wp:attachment":[{"href":"https:\/\/nordicmart.andreevmaster.com\/sv\/wp-json\/wp\/v2\/media?parent=13717"}],"wp:term":[{"taxonomy":"product_brand","embeddable":true,"href":"https:\/\/nordicmart.andreevmaster.com\/sv\/wp-json\/wp\/v2\/product_brand?post=13717"},{"taxonomy":"product_cat","embeddable":true,"href":"https:\/\/nordicmart.andreevmaster.com\/sv\/wp-json\/wp\/v2\/product_cat?post=13717"},{"taxonomy":"product_tag","embeddable":true,"href":"https:\/\/nordicmart.andreevmaster.com\/sv\/wp-json\/wp\/v2\/product_tag?post=13717"}],"curies":[{"name":"wp","href":"https:\/\/api.w.org\/{rel}","templated":true}]}}