{"id":13716,"date":"2026-02-27T00:19:00","date_gmt":"2026-02-27T00:19:00","guid":{"rendered":"https:\/\/nordicmart.andreevmaster.com\/product\/songmics-tvattkorg-110-l-med-lock-black-svart-skiffergra\/"},"modified":"2026-02-27T08:12:01","modified_gmt":"2026-02-27T08:12:01","slug":"songmics-tvattkorg-110-l-med-lock-black-svart-skiffergra","status":"publish","type":"product","link":"https:\/\/nordicmart.andreevmaster.com\/sv\/produkt\/songmics-tvattkorg-110-l-med-lock-black-svart-skiffergra\/","title":{"rendered":"SONGMICS tv\u00e4ttkorg 110 L med lock bl\u00e4ck svart-skiffergr\u00e5"},"content":{"rendered":"<p>SONGMICS tv\u00e4ttkorg 110 L, tv\u00e4ttsamlare med hjul, avtagbar tv\u00e4ttp\u00e5se, 2 innerp\u00e5sar, tv\u00e4ttvagn med lock, 57 x 33 x 65 cm, f\u00f6r tv\u00e4ttstuga<br \/>\nF\u00e4rg: Guldf\u00e4rgad-vit<br \/>\nMaterial: Metallram<br \/>\nStorlek: 18 x 20,5 x 36 cm (D x B x H)<br \/>\nVikt: 0,5 kg<\/p>\n","protected":false},"excerpt":{"rendered":"<p>SONGMICS tv\u00e4ttkorg 110 L, tv\u00e4ttsamlare med hjul, avtagbar tv\u00e4ttp\u00e5se, 2 innerp\u00e5sar, tv\u00e4ttvagn med lock, 57 x 33 x 65 cm, f\u00f6r tv\u00e4ttstuga<\/p>\n","protected":false},"featured_media":41819,"comment_status":"open","ping_status":"closed","template":"","meta":[],"product_brand":[],"product_cat":[33],"product_tag":[],"class_list":{"0":"post-13716","1":"product","2":"type-product","3":"status-publish","4":"has-post-thumbnail","6":"product_cat-okategoriserad","8":"first","9":"instock","10":"shipping-taxable","11":"purchasable","12":"product-type-simple"},"_links":{"self":[{"href":"https:\/\/nordicmart.andreevmaster.com\/sv\/wp-json\/wp\/v2\/product\/13716","targetHints":{"allow":["GET"]}}],"collection":[{"href":"https:\/\/nordicmart.andreevmaster.com\/sv\/wp-json\/wp\/v2\/product"}],"about":[{"href":"https:\/\/nordicmart.andreevmaster.com\/sv\/wp-json\/wp\/v2\/types\/product"}],"replies":[{"embeddable":true,"href":"https:\/\/nordicmart.andreevmaster.com\/sv\/wp-json\/wp\/v2\/comments?post=13716"}],"wp:featuredmedia":[{"embeddable":true,"href":"https:\/\/nordicmart.andreevmaster.com\/sv\/wp-json\/wp\/v2\/media\/41819"}],"wp:attachment":[{"href":"https:\/\/nordicmart.andreevmaster.com\/sv\/wp-json\/wp\/v2\/media?parent=13716"}],"wp:term":[{"taxonomy":"product_brand","embeddable":true,"href":"https:\/\/nordicmart.andreevmaster.com\/sv\/wp-json\/wp\/v2\/product_brand?post=13716"},{"taxonomy":"product_cat","embeddable":true,"href":"https:\/\/nordicmart.andreevmaster.com\/sv\/wp-json\/wp\/v2\/product_cat?post=13716"},{"taxonomy":"product_tag","embeddable":true,"href":"https:\/\/nordicmart.andreevmaster.com\/sv\/wp-json\/wp\/v2\/product_tag?post=13716"}],"curies":[{"name":"wp","href":"https:\/\/api.w.org\/{rel}","templated":true}]}}