{"id":13712,"date":"2026-02-27T00:18:59","date_gmt":"2026-02-27T00:18:59","guid":{"rendered":"https:\/\/nordicmart.andreevmaster.com\/product\/songmics-2-pack-tvattkorg-med-2-fack-morkgra\/"},"modified":"2026-02-27T08:12:00","modified_gmt":"2026-02-27T08:12:00","slug":"songmics-2-pack-tvattkorg-med-2-fack-morkgra","status":"publish","type":"product","link":"https:\/\/nordicmart.andreevmaster.com\/sv\/produkt\/songmics-2-pack-tvattkorg-med-2-fack-morkgra\/","title":{"rendered":"SONGMICS 2-pack tv\u00e4ttkorg med 2 fack m\u00f6rkgr\u00e5"},"content":{"rendered":"<p>SONGMICS tv\u00e4ttkorg med 2 fack, 90 liter, stor tv\u00e4ttkorg, tv\u00e4tts\u00e4ck, st\u00e5ende, hopf\u00e4llbar, tv\u00e4ttsorterare, 2 korta, 2 l\u00e5nga handtag, tv\u00e4ttstuga, sovrum, badrum, ljusgr\u00e5 LCB209G11<br \/>\nF\u00e4rg: M\u00f6rkgr\u00e5<br \/>\nMaterial: 200 g\/m\u00b2 polyestertyg, 170 g\/m\u00b2 PE-bel\u00e4ggning<br \/>\nStorlek per tv\u00e4ttp\u00e5se: 40 x 35 x 65 cm (L x B x H)<br \/>\nVikt per tv\u00e4ttp\u00e5se: 670 g<br \/>\nMax. statisk belastningskapacitet totalt per tv\u00e4ttp\u00e5se: 30 kg<\/p>\n","protected":false},"excerpt":{"rendered":"<p>SONGMICS tv\u00e4ttkorg med 2 fack, 90 liter, stor tv\u00e4ttkorg, tv\u00e4tts\u00e4ck, st\u00e5ende, hopf\u00e4llbar, tv\u00e4ttsorterare, 2 korta, 2 l\u00e5nga handtag, tv\u00e4ttstuga, sovrum, badrum, ljusgr\u00e5 LCB209G11<\/p>\n","protected":false},"featured_media":41815,"comment_status":"open","ping_status":"closed","template":"","meta":[],"product_brand":[],"product_cat":[33],"product_tag":[],"class_list":{"0":"post-13712","1":"product","2":"type-product","3":"status-publish","4":"has-post-thumbnail","6":"product_cat-okategoriserad","8":"first","9":"instock","10":"shipping-taxable","11":"purchasable","12":"product-type-simple"},"_links":{"self":[{"href":"https:\/\/nordicmart.andreevmaster.com\/sv\/wp-json\/wp\/v2\/product\/13712","targetHints":{"allow":["GET"]}}],"collection":[{"href":"https:\/\/nordicmart.andreevmaster.com\/sv\/wp-json\/wp\/v2\/product"}],"about":[{"href":"https:\/\/nordicmart.andreevmaster.com\/sv\/wp-json\/wp\/v2\/types\/product"}],"replies":[{"embeddable":true,"href":"https:\/\/nordicmart.andreevmaster.com\/sv\/wp-json\/wp\/v2\/comments?post=13712"}],"wp:featuredmedia":[{"embeddable":true,"href":"https:\/\/nordicmart.andreevmaster.com\/sv\/wp-json\/wp\/v2\/media\/41815"}],"wp:attachment":[{"href":"https:\/\/nordicmart.andreevmaster.com\/sv\/wp-json\/wp\/v2\/media?parent=13712"}],"wp:term":[{"taxonomy":"product_brand","embeddable":true,"href":"https:\/\/nordicmart.andreevmaster.com\/sv\/wp-json\/wp\/v2\/product_brand?post=13712"},{"taxonomy":"product_cat","embeddable":true,"href":"https:\/\/nordicmart.andreevmaster.com\/sv\/wp-json\/wp\/v2\/product_cat?post=13712"},{"taxonomy":"product_tag","embeddable":true,"href":"https:\/\/nordicmart.andreevmaster.com\/sv\/wp-json\/wp\/v2\/product_tag?post=13712"}],"curies":[{"name":"wp","href":"https:\/\/api.w.org\/{rel}","templated":true}]}}