{"id":13704,"date":"2026-02-27T00:18:57","date_gmt":"2026-02-27T00:18:57","guid":{"rendered":"https:\/\/nordicmart.andreevmaster.com\/product\/songmics-tvattkorg-90-l-hopfallbar-metalltradstativ-svart-kamelbrun\/"},"modified":"2026-02-27T08:11:59","modified_gmt":"2026-02-27T08:11:59","slug":"songmics-tvattkorg-90-l-hopfallbar-metalltradstativ-svart-kamelbrun","status":"publish","type":"product","link":"https:\/\/nordicmart.andreevmaster.com\/sv\/produkt\/songmics-tvattkorg-90-l-hopfallbar-metalltradstativ-svart-kamelbrun\/","title":{"rendered":"SONGMICS tv\u00e4ttkorg 90 L hopf\u00e4llbar Metalltr\u00e5dstativ svart-kamelbrun"},"content":{"rendered":"<p>SONGMICS tv\u00e4ttkorg 90 l, hopf\u00e4llbar tv\u00e4ttsamlare, avtagbar och tv\u00e4ttbar tv\u00e4ttp\u00e5se, metalltr\u00e5dstativ, f\u00f6r sovrum, badrum, tv\u00e4ttstuga, svartgr\u00e5 LCB190G01<br \/>\nF\u00e4rg: svart-kamelbrun<br \/>\nMaterial: st\u00e5l, bomull-polyesterblandning<br \/>\nStorlek: 48 x 33 x 58 cm (L x B x H)<br \/>\nVolym: 90 liter<br \/>\nVikt: 3,5 kg<br \/>\nMax. statisk belastningskapacitet f\u00f6r v\u00e4skan: 20 kg<br \/>\nMax. statisk belastningskapacitet f\u00f6r korgen: 30 kg<\/p>\n","protected":false},"excerpt":{"rendered":"<p>SONGMICS tv\u00e4ttkorg 90 l, hopf\u00e4llbar tv\u00e4ttsamlare, avtagbar och tv\u00e4ttbar tv\u00e4ttp\u00e5se, metalltr\u00e5dstativ, f\u00f6r sovrum, badrum, tv\u00e4ttstuga, svartgr\u00e5 LCB190G01<\/p>\n","protected":false},"featured_media":41807,"comment_status":"open","ping_status":"closed","template":"","meta":[],"product_brand":[],"product_cat":[33],"product_tag":[],"class_list":{"0":"post-13704","1":"product","2":"type-product","3":"status-publish","4":"has-post-thumbnail","6":"product_cat-okategoriserad","8":"first","9":"instock","10":"shipping-taxable","11":"purchasable","12":"product-type-simple"},"_links":{"self":[{"href":"https:\/\/nordicmart.andreevmaster.com\/sv\/wp-json\/wp\/v2\/product\/13704","targetHints":{"allow":["GET"]}}],"collection":[{"href":"https:\/\/nordicmart.andreevmaster.com\/sv\/wp-json\/wp\/v2\/product"}],"about":[{"href":"https:\/\/nordicmart.andreevmaster.com\/sv\/wp-json\/wp\/v2\/types\/product"}],"replies":[{"embeddable":true,"href":"https:\/\/nordicmart.andreevmaster.com\/sv\/wp-json\/wp\/v2\/comments?post=13704"}],"wp:featuredmedia":[{"embeddable":true,"href":"https:\/\/nordicmart.andreevmaster.com\/sv\/wp-json\/wp\/v2\/media\/41807"}],"wp:attachment":[{"href":"https:\/\/nordicmart.andreevmaster.com\/sv\/wp-json\/wp\/v2\/media?parent=13704"}],"wp:term":[{"taxonomy":"product_brand","embeddable":true,"href":"https:\/\/nordicmart.andreevmaster.com\/sv\/wp-json\/wp\/v2\/product_brand?post=13704"},{"taxonomy":"product_cat","embeddable":true,"href":"https:\/\/nordicmart.andreevmaster.com\/sv\/wp-json\/wp\/v2\/product_cat?post=13704"},{"taxonomy":"product_tag","embeddable":true,"href":"https:\/\/nordicmart.andreevmaster.com\/sv\/wp-json\/wp\/v2\/product_tag?post=13704"}],"curies":[{"name":"wp","href":"https:\/\/api.w.org\/{rel}","templated":true}]}}