{"id":13703,"date":"2026-02-27T00:18:57","date_gmt":"2026-02-27T00:18:57","guid":{"rendered":"https:\/\/nordicmart.andreevmaster.com\/product\/songmics-tvattkorg-med-tvattpase\/"},"modified":"2026-02-27T08:11:59","modified_gmt":"2026-02-27T08:11:59","slug":"songmics-tvattkorg-med-tvattpase","status":"publish","type":"product","link":"https:\/\/nordicmart.andreevmaster.com\/sv\/produkt\/songmics-tvattkorg-med-tvattpase\/","title":{"rendered":"SONGMICS tv\u00e4ttkorg med tv\u00e4ttp\u00e5se"},"content":{"rendered":"<p>Letar du efter en tv\u00e4ttkorg som g\u00f6r tv\u00e4ttdagen s\u00e5 enkel som m\u00f6jligt? Denna SONGMICS tv\u00e4ttkorg \u00e4r r\u00e4tt svar, eftersom den har allt du beh\u00f6ver: &#8211; Robust och rymlig: Med en kapacitet p\u00e5 90 liter och en b\u00e4rf\u00f6rm\u00e5ga p\u00e5 20 kg f\u00f6r p\u00e5sen och 30 kg f\u00f6r metallkorgen kan den rymma en hel del smutsig tv\u00e4tt. &#8211; Avtagbar och b\u00e4rbar: Med kardborreband och handtag kan du enkelt ta bort p\u00e5sen och l\u00e4gga den i tv\u00e4ttmaskinen. &#8211; Enkel att montera och platsbesparande: Tack vare den hopf\u00e4llbara designen kan korgen enkelt monteras ihop eller f\u00f6rvaras i ett h\u00f6rn n\u00e4r den inte anv\u00e4nds, s\u00e5 att den tar mindre plats. &#8211; Tv\u00e4ttbar och andningsbar: P\u00e5sen \u00e4r tillverkad av en blandning av bomull och polyester och \u00e4r maskintv\u00e4ttbar och andningsbar, s\u00e5 att lukten fr\u00e5n den smutsiga tv\u00e4tten kan sl\u00e4ppa ut. &#8211; M\u00e5ngsidig: Passar \u00e4ven som beh\u00e5llare f\u00f6r f\u00f6rvaring av s\u00e4ngkl\u00e4der eller handdukar. &#8211; L\u00e4tt att anpassa: Med sitt enkla utseende passar den l\u00e4tt in i stilen i ditt sovrum, tv\u00e4ttstuga eller badrum. Produktdetaljer: &#8211; F\u00e4rg: Svartgr\u00e5 &#8211; Material: St\u00e5l, bomull-polyesterblandning &#8211; Storlek: 48 x 33 x 58 cm (L x B x H) &#8211; Volym: 90 liter &#8211; Vikt: 3,5 kg &#8211; Maximal statisk b\u00e4rf\u00f6rm\u00e5ga f\u00f6r p\u00e5sen: 20 kg &#8211; Maximal statisk b\u00e4rf\u00f6rm\u00e5ga f\u00f6r korgen: 30 kg Leveransomfattning: &#8211; 1 x tv\u00e4ttkorg &#8211; 1 x bruksanvisning<\/p>\n","protected":false},"excerpt":{"rendered":"<p>SONGMICS tv\u00e4ttkorg 90 l, hopf\u00e4llbar tv\u00e4ttsamlare, avtagbar och tv\u00e4ttbar tv\u00e4ttp\u00e5se, metalltr\u00e5dstativ, f\u00f6r sovrum, badrum, tv\u00e4ttstuga, svartgr\u00e5 LCB190G01<\/p>\n","protected":false},"featured_media":41806,"comment_status":"open","ping_status":"closed","template":"","meta":[],"product_brand":[],"product_cat":[33],"product_tag":[],"class_list":{"0":"post-13703","1":"product","2":"type-product","3":"status-publish","4":"has-post-thumbnail","6":"product_cat-okategoriserad","8":"first","9":"instock","10":"shipping-taxable","11":"purchasable","12":"product-type-simple"},"_links":{"self":[{"href":"https:\/\/nordicmart.andreevmaster.com\/sv\/wp-json\/wp\/v2\/product\/13703","targetHints":{"allow":["GET"]}}],"collection":[{"href":"https:\/\/nordicmart.andreevmaster.com\/sv\/wp-json\/wp\/v2\/product"}],"about":[{"href":"https:\/\/nordicmart.andreevmaster.com\/sv\/wp-json\/wp\/v2\/types\/product"}],"replies":[{"embeddable":true,"href":"https:\/\/nordicmart.andreevmaster.com\/sv\/wp-json\/wp\/v2\/comments?post=13703"}],"wp:featuredmedia":[{"embeddable":true,"href":"https:\/\/nordicmart.andreevmaster.com\/sv\/wp-json\/wp\/v2\/media\/41806"}],"wp:attachment":[{"href":"https:\/\/nordicmart.andreevmaster.com\/sv\/wp-json\/wp\/v2\/media?parent=13703"}],"wp:term":[{"taxonomy":"product_brand","embeddable":true,"href":"https:\/\/nordicmart.andreevmaster.com\/sv\/wp-json\/wp\/v2\/product_brand?post=13703"},{"taxonomy":"product_cat","embeddable":true,"href":"https:\/\/nordicmart.andreevmaster.com\/sv\/wp-json\/wp\/v2\/product_cat?post=13703"},{"taxonomy":"product_tag","embeddable":true,"href":"https:\/\/nordicmart.andreevmaster.com\/sv\/wp-json\/wp\/v2\/product_tag?post=13703"}],"curies":[{"name":"wp","href":"https:\/\/api.w.org\/{rel}","templated":true}]}}