{"id":13700,"date":"2026-02-27T00:18:56","date_gmt":"2026-02-27T00:18:56","guid":{"rendered":"https:\/\/nordicmart.andreevmaster.com\/product\/songmics-tvattkorg-55-l-av-syntetrotting\/"},"modified":"2026-02-27T08:11:58","modified_gmt":"2026-02-27T08:11:58","slug":"songmics-tvattkorg-55-l-av-syntetrotting","status":"publish","type":"product","link":"https:\/\/nordicmart.andreevmaster.com\/sv\/produkt\/songmics-tvattkorg-55-l-av-syntetrotting\/","title":{"rendered":"SONGMICS tv\u00e4ttkorg 55 L av syntetrotting"},"content":{"rendered":"<p>SONGMICS smal tv\u00e4ttkorg, tv\u00e4ttsamlare 55 L, tv\u00e4ttl\u00e5da av syntetrotting, med lock och handtag, fl\u00e4tad, hopf\u00e4llbar, avtagbar tv\u00e4ttp\u00e5se, tv\u00e4ttstuga duvgr\u00e5 LCB164G01<br \/>\nF\u00e4rg: pastellgul<br \/>\nMaterial: St\u00e5lram, PP-plastrotting (polypropen), innerp\u00e5se av polyester-bomullstyg<br \/>\nStorlek: 46 x 20 x 61 cm (L x B x H)<br \/>\nVikt: 2,5 kg<br \/>\nMax. statisk totalbelastning: 15 kg<\/p>\n","protected":false},"excerpt":{"rendered":"<p>SONGMICS smal tv\u00e4ttkorg, tv\u00e4ttsamlare 55 L, tv\u00e4ttl\u00e5da av syntetrotting, med lock och handtag, fl\u00e4tad, hopf\u00e4llbar, avtagbar tv\u00e4ttp\u00e5se, tv\u00e4ttstuga duvgr\u00e5 LCB164G01<\/p>\n","protected":false},"featured_media":41803,"comment_status":"open","ping_status":"closed","template":"","meta":[],"product_brand":[],"product_cat":[33],"product_tag":[],"class_list":{"0":"post-13700","1":"product","2":"type-product","3":"status-publish","4":"has-post-thumbnail","6":"product_cat-okategoriserad","8":"first","9":"instock","10":"shipping-taxable","11":"purchasable","12":"product-type-simple"},"_links":{"self":[{"href":"https:\/\/nordicmart.andreevmaster.com\/sv\/wp-json\/wp\/v2\/product\/13700","targetHints":{"allow":["GET"]}}],"collection":[{"href":"https:\/\/nordicmart.andreevmaster.com\/sv\/wp-json\/wp\/v2\/product"}],"about":[{"href":"https:\/\/nordicmart.andreevmaster.com\/sv\/wp-json\/wp\/v2\/types\/product"}],"replies":[{"embeddable":true,"href":"https:\/\/nordicmart.andreevmaster.com\/sv\/wp-json\/wp\/v2\/comments?post=13700"}],"wp:featuredmedia":[{"embeddable":true,"href":"https:\/\/nordicmart.andreevmaster.com\/sv\/wp-json\/wp\/v2\/media\/41803"}],"wp:attachment":[{"href":"https:\/\/nordicmart.andreevmaster.com\/sv\/wp-json\/wp\/v2\/media?parent=13700"}],"wp:term":[{"taxonomy":"product_brand","embeddable":true,"href":"https:\/\/nordicmart.andreevmaster.com\/sv\/wp-json\/wp\/v2\/product_brand?post=13700"},{"taxonomy":"product_cat","embeddable":true,"href":"https:\/\/nordicmart.andreevmaster.com\/sv\/wp-json\/wp\/v2\/product_cat?post=13700"},{"taxonomy":"product_tag","embeddable":true,"href":"https:\/\/nordicmart.andreevmaster.com\/sv\/wp-json\/wp\/v2\/product_tag?post=13700"}],"curies":[{"name":"wp","href":"https:\/\/api.w.org\/{rel}","templated":true}]}}