{"id":13697,"date":"2026-02-27T00:18:55","date_gmt":"2026-02-27T00:18:55","guid":{"rendered":"https:\/\/nordicmart.andreevmaster.com\/product\/songmics-tvattkorg-med-lock-stor-kapacitet-black-svart\/"},"modified":"2026-02-27T08:11:58","modified_gmt":"2026-02-27T08:11:58","slug":"songmics-tvattkorg-med-lock-stor-kapacitet-black-svart","status":"publish","type":"product","link":"https:\/\/nordicmart.andreevmaster.com\/sv\/produkt\/songmics-tvattkorg-med-lock-stor-kapacitet-black-svart\/","title":{"rendered":"SONGMICS tv\u00e4ttkorg med lock, stor kapacitet, bl\u00e4ck svart"},"content":{"rendered":"<p>SONGMICS tv\u00e4ttkorg med lock, rund tv\u00e4ttkorg, 95 l, m\u00e5ngsidig, avtagbar tv\u00e4ttp\u00e5se, stor kapacitet, f\u00f6r tv\u00e4ttstuga, sovrum, vardagsrum, bl\u00e4ck svart LCB160B01<br \/>\nF\u00e4rg: Bl\u00e4ksvart<br \/>\nMaterial: St\u00e5l, MDF (medeldensitetsfiberplatta), 600D Oxford-tyg<br \/>\nStorlek: 46 x 46 x 61 cm (L x B x H)<br \/>\nVikt: 3,6 kg<br \/>\nMax. statisk belastningskapacitet f\u00f6r tv\u00e4tts\u00e4cken: 15 kg<br \/>\nMax. statisk belastningskapacitet f\u00f6r locket: 5 kg<\/p>\n","protected":false},"excerpt":{"rendered":"<p>SONGMICS tv\u00e4ttkorg med lock, rund tv\u00e4ttkorg, 95 l, m\u00e5ngsidig, avtagbar tv\u00e4ttp\u00e5se, stor kapacitet, f\u00f6r tv\u00e4ttstuga, sovrum, vardagsrum, bl\u00e4ck svart LCB160B01<\/p>\n","protected":false},"featured_media":41800,"comment_status":"open","ping_status":"closed","template":"","meta":[],"product_brand":[],"product_cat":[33],"product_tag":[],"class_list":{"0":"post-13697","1":"product","2":"type-product","3":"status-publish","4":"has-post-thumbnail","6":"product_cat-okategoriserad","8":"first","9":"instock","10":"shipping-taxable","11":"purchasable","12":"product-type-simple"},"_links":{"self":[{"href":"https:\/\/nordicmart.andreevmaster.com\/sv\/wp-json\/wp\/v2\/product\/13697","targetHints":{"allow":["GET"]}}],"collection":[{"href":"https:\/\/nordicmart.andreevmaster.com\/sv\/wp-json\/wp\/v2\/product"}],"about":[{"href":"https:\/\/nordicmart.andreevmaster.com\/sv\/wp-json\/wp\/v2\/types\/product"}],"replies":[{"embeddable":true,"href":"https:\/\/nordicmart.andreevmaster.com\/sv\/wp-json\/wp\/v2\/comments?post=13697"}],"wp:featuredmedia":[{"embeddable":true,"href":"https:\/\/nordicmart.andreevmaster.com\/sv\/wp-json\/wp\/v2\/media\/41800"}],"wp:attachment":[{"href":"https:\/\/nordicmart.andreevmaster.com\/sv\/wp-json\/wp\/v2\/media?parent=13697"}],"wp:term":[{"taxonomy":"product_brand","embeddable":true,"href":"https:\/\/nordicmart.andreevmaster.com\/sv\/wp-json\/wp\/v2\/product_brand?post=13697"},{"taxonomy":"product_cat","embeddable":true,"href":"https:\/\/nordicmart.andreevmaster.com\/sv\/wp-json\/wp\/v2\/product_cat?post=13697"},{"taxonomy":"product_tag","embeddable":true,"href":"https:\/\/nordicmart.andreevmaster.com\/sv\/wp-json\/wp\/v2\/product_tag?post=13697"}],"curies":[{"name":"wp","href":"https:\/\/api.w.org\/{rel}","templated":true}]}}