{"id":13693,"date":"2026-02-27T00:18:55","date_gmt":"2026-02-27T00:18:55","guid":{"rendered":"https:\/\/nordicmart.andreevmaster.com\/product\/songmics-tvattkorg-155-liter-med-4-fack-skiffergra\/"},"modified":"2026-02-27T08:11:57","modified_gmt":"2026-02-27T08:11:57","slug":"songmics-tvattkorg-155-liter-med-4-fack-skiffergra","status":"publish","type":"product","link":"https:\/\/nordicmart.andreevmaster.com\/sv\/produkt\/songmics-tvattkorg-155-liter-med-4-fack-skiffergra\/","title":{"rendered":"SONGMICS tv\u00e4ttkorg 155 liter med 4 fack, skiffergr\u00e5"},"content":{"rendered":"<p>SONGMICS tv\u00e4ttkorg, tv\u00e4ttsamlare 115 liter, tv\u00e4ttl\u00e5da, 2 fack, hopf\u00e4llbart X-stativ, individuella etiketter, f\u00f6r tv\u00e4ttstuga, sovrum, badrum, bl\u00e4ck svart LCB120B01<br \/>\nF\u00e4rg: Skiffergr\u00e5<br \/>\nMaterial: 600D Oxford-tyg, st\u00e5l<br \/>\nStorlek: 79,9 x 40 x 66 cm (L x B x H)<br \/>\nVikt: 1,9 kg<br \/>\nMax. statisk belastningskapacitet: 25 kg<\/p>\n","protected":false},"excerpt":{"rendered":"<p>SONGMICS tv\u00e4ttkorg, tv\u00e4ttsamlare 115 liter, tv\u00e4ttl\u00e5da, 2 fack, hopf\u00e4llbart X-stativ, individuella etiketter, f\u00f6r tv\u00e4ttstuga, sovrum, badrum, bl\u00e4ck svart LCB120B01<\/p>\n","protected":false},"featured_media":41796,"comment_status":"open","ping_status":"closed","template":"","meta":[],"product_brand":[],"product_cat":[33],"product_tag":[],"class_list":{"0":"post-13693","1":"product","2":"type-product","3":"status-publish","4":"has-post-thumbnail","6":"product_cat-okategoriserad","8":"first","9":"instock","10":"shipping-taxable","11":"purchasable","12":"product-type-simple"},"_links":{"self":[{"href":"https:\/\/nordicmart.andreevmaster.com\/sv\/wp-json\/wp\/v2\/product\/13693","targetHints":{"allow":["GET"]}}],"collection":[{"href":"https:\/\/nordicmart.andreevmaster.com\/sv\/wp-json\/wp\/v2\/product"}],"about":[{"href":"https:\/\/nordicmart.andreevmaster.com\/sv\/wp-json\/wp\/v2\/types\/product"}],"replies":[{"embeddable":true,"href":"https:\/\/nordicmart.andreevmaster.com\/sv\/wp-json\/wp\/v2\/comments?post=13693"}],"wp:featuredmedia":[{"embeddable":true,"href":"https:\/\/nordicmart.andreevmaster.com\/sv\/wp-json\/wp\/v2\/media\/41796"}],"wp:attachment":[{"href":"https:\/\/nordicmart.andreevmaster.com\/sv\/wp-json\/wp\/v2\/media?parent=13693"}],"wp:term":[{"taxonomy":"product_brand","embeddable":true,"href":"https:\/\/nordicmart.andreevmaster.com\/sv\/wp-json\/wp\/v2\/product_brand?post=13693"},{"taxonomy":"product_cat","embeddable":true,"href":"https:\/\/nordicmart.andreevmaster.com\/sv\/wp-json\/wp\/v2\/product_cat?post=13693"},{"taxonomy":"product_tag","embeddable":true,"href":"https:\/\/nordicmart.andreevmaster.com\/sv\/wp-json\/wp\/v2\/product_tag?post=13693"}],"curies":[{"name":"wp","href":"https:\/\/api.w.org\/{rel}","templated":true}]}}