{"id":13682,"date":"2026-02-27T00:18:52","date_gmt":"2026-02-27T00:18:52","guid":{"rendered":"https:\/\/nordicmart.andreevmaster.com\/product\/songmics-tvattkorg-i-bambu-72-l-brun\/"},"modified":"2026-02-27T08:11:55","modified_gmt":"2026-02-27T08:11:55","slug":"songmics-tvattkorg-i-bambu-72-l-brun","status":"publish","type":"product","link":"https:\/\/nordicmart.andreevmaster.com\/sv\/produkt\/songmics-tvattkorg-i-bambu-72-l-brun\/","title":{"rendered":"SONGMICS tv\u00e4ttkorg i bambu 72 L brun"},"content":{"rendered":"<p>Letar du efter en tv\u00e4ttkorg som \u00e4r snygg, tillverkad av naturmaterial, har lock och inte \u00e4r f\u00f6r dyr? D\u00e5 kommer denna tv\u00e4ttkorg fr\u00e5n Songmics garanterat att \u00f6vertyga dig. Den \u00e4r mycket robust och stabil, har en f\u00f6rvaringskapacitet p\u00e5 ca 72 l och fyller sin funktion perfekt. Med sitt bambutryck passar den bra i alla sovrum och ger en naturlig k\u00e4nsla i hemmet. Den \u00e4r mycket enkel att montera! Den \u00e4r klar p\u00e5 n\u00e5gra minuter och g\u00f6r ett gott intryck direkt. N\u00e4r den inte anv\u00e4nds kan korgen f\u00e4llas ihop igen. Songmics tv\u00e4ttkorg tar liten plats och passar perfekt i nischer, badrum, p\u00e5 balkongen, i sovrummet osv. Den kan inte bara anv\u00e4ndas f\u00f6r att f\u00f6rvara tv\u00e4tt, utan ocks\u00e5 f\u00f6r att f\u00f6rvara gosedjur, leksaker, rena kl\u00e4der, filtar osv. Med Songmics tv\u00e4ttkorg kommer du att ha gl\u00e4dje av ditt k\u00f6p i m\u00e5nga \u00e5r. Produktdetaljer: &#8211; M\u00e5tt: 40 x 60 x 30 cm (B x H x D) &#8211; Material: bambu &#8211; Vikt: 2,03 kg &#8211; F\u00e4rg: brun Leveransomfattning: &#8211; 1 x bambumatta &#8211; 1 x lock &#8211; 1 x metallring &#8211; 1 x bottenplatta &#8211; 1 x tv\u00e4ttp\u00e5se Anvisningar:  &#8211; 1. F\u00f6r att f\u00f6rhindra m\u00f6gel rekommenderas att tv\u00e4ttkorgen inte anv\u00e4nds i fuktiga, v\u00e5ta  milj\u00f6er!  &#8211; 2. Endast l\u00e4mplig f\u00f6r torr tv\u00e4tt. L\u00e4mna INTE v\u00e5t tv\u00e4tt i tv\u00e4ttkorgen!  &#8211; 3. L\u00e4gg inte tunga f\u00f6rem\u00e5l p\u00e5 den!<\/p>\n","protected":false},"excerpt":{"rendered":"<p>SONGMICS tv\u00e4ttkorg i bambu, hopf\u00e4llbar tv\u00e4ttkorg med lock och avtagbar tv\u00e4ttp\u00e5se i bomull, 72 l tv\u00e4ttl\u00e5da, tv\u00e4ttkista, 40 x 60 x 30 cm, brun, LCB10Z<\/p>\n","protected":false},"featured_media":41785,"comment_status":"open","ping_status":"closed","template":"","meta":[],"product_brand":[],"product_cat":[33],"product_tag":[],"class_list":{"0":"post-13682","1":"product","2":"type-product","3":"status-publish","4":"has-post-thumbnail","6":"product_cat-okategoriserad","8":"first","9":"instock","10":"shipping-taxable","11":"purchasable","12":"product-type-simple"},"_links":{"self":[{"href":"https:\/\/nordicmart.andreevmaster.com\/sv\/wp-json\/wp\/v2\/product\/13682","targetHints":{"allow":["GET"]}}],"collection":[{"href":"https:\/\/nordicmart.andreevmaster.com\/sv\/wp-json\/wp\/v2\/product"}],"about":[{"href":"https:\/\/nordicmart.andreevmaster.com\/sv\/wp-json\/wp\/v2\/types\/product"}],"replies":[{"embeddable":true,"href":"https:\/\/nordicmart.andreevmaster.com\/sv\/wp-json\/wp\/v2\/comments?post=13682"}],"wp:featuredmedia":[{"embeddable":true,"href":"https:\/\/nordicmart.andreevmaster.com\/sv\/wp-json\/wp\/v2\/media\/41785"}],"wp:attachment":[{"href":"https:\/\/nordicmart.andreevmaster.com\/sv\/wp-json\/wp\/v2\/media?parent=13682"}],"wp:term":[{"taxonomy":"product_brand","embeddable":true,"href":"https:\/\/nordicmart.andreevmaster.com\/sv\/wp-json\/wp\/v2\/product_brand?post=13682"},{"taxonomy":"product_cat","embeddable":true,"href":"https:\/\/nordicmart.andreevmaster.com\/sv\/wp-json\/wp\/v2\/product_cat?post=13682"},{"taxonomy":"product_tag","embeddable":true,"href":"https:\/\/nordicmart.andreevmaster.com\/sv\/wp-json\/wp\/v2\/product_tag?post=13682"}],"curies":[{"name":"wp","href":"https:\/\/api.w.org\/{rel}","templated":true}]}}