{"id":13681,"date":"2026-02-27T00:18:52","date_gmt":"2026-02-27T00:18:52","guid":{"rendered":"https:\/\/nordicmart.andreevmaster.com\/product\/songmics-tvattkorg-bambu-72-l\/"},"modified":"2026-02-27T08:11:55","modified_gmt":"2026-02-27T08:11:55","slug":"songmics-tvattkorg-bambu-72-l","status":"publish","type":"product","link":"https:\/\/nordicmart.andreevmaster.com\/sv\/produkt\/songmics-tvattkorg-bambu-72-l\/","title":{"rendered":"SONGMICS tv\u00e4ttkorg  Bambu 72 L"},"content":{"rendered":"<p>Anvisningar: F\u00f6r att undvika m\u00f6gel, anv\u00e4nd inte tv\u00e4ttkorgen i fuktiga milj\u00f6er, den b\u00f6r ventileras regelbundet. F\u00f6r att undvika att h\u00f6ljet deformeras, l\u00e4gg inte f\u00f6r mycket tv\u00e4tt i tv\u00e4ttkorgen. F\u00f6r att f\u00f6rl\u00e4nga livsl\u00e4ngden, \u00f6ppna inte metallringarna f\u00f6r mycket. Anv\u00e4nd en fuktig trasa f\u00f6r att reng\u00f6ra bambuh\u00f6ljet.Tv\u00e4ttp\u00e5sen \u00e4r tv\u00e4ttbar i 30 \u00b0C. Produktdetaljer: M\u00e5tt: 40 x 60 x 30 cm (B x H x D) Material: Bambu, tv\u00e4ttp\u00e5se av bomull F\u00e4rg: bambuf\u00e4rgad Vikt: 2,05 kg Leveransomfattning: 1 x tv\u00e4ttkorg 1 x bruksanvisning (DE, EN, FR, IT, ES)<\/p>\n","protected":false},"excerpt":{"rendered":"<p>SONGMICS tv\u00e4ttkorg i bambu, hopf\u00e4llbar tv\u00e4ttkorg med lock och avtagbar tv\u00e4ttp\u00e5se i bomull, 72 l tv\u00e4ttl\u00e5da, tv\u00e4ttkista, 40 x 60 x 30 cm, brun, LCB10Z<\/p>\n","protected":false},"featured_media":41784,"comment_status":"open","ping_status":"closed","template":"","meta":[],"product_brand":[],"product_cat":[33],"product_tag":[],"class_list":{"0":"post-13681","1":"product","2":"type-product","3":"status-publish","4":"has-post-thumbnail","6":"product_cat-okategoriserad","8":"first","9":"instock","10":"shipping-taxable","11":"purchasable","12":"product-type-simple"},"_links":{"self":[{"href":"https:\/\/nordicmart.andreevmaster.com\/sv\/wp-json\/wp\/v2\/product\/13681","targetHints":{"allow":["GET"]}}],"collection":[{"href":"https:\/\/nordicmart.andreevmaster.com\/sv\/wp-json\/wp\/v2\/product"}],"about":[{"href":"https:\/\/nordicmart.andreevmaster.com\/sv\/wp-json\/wp\/v2\/types\/product"}],"replies":[{"embeddable":true,"href":"https:\/\/nordicmart.andreevmaster.com\/sv\/wp-json\/wp\/v2\/comments?post=13681"}],"wp:featuredmedia":[{"embeddable":true,"href":"https:\/\/nordicmart.andreevmaster.com\/sv\/wp-json\/wp\/v2\/media\/41784"}],"wp:attachment":[{"href":"https:\/\/nordicmart.andreevmaster.com\/sv\/wp-json\/wp\/v2\/media?parent=13681"}],"wp:term":[{"taxonomy":"product_brand","embeddable":true,"href":"https:\/\/nordicmart.andreevmaster.com\/sv\/wp-json\/wp\/v2\/product_brand?post=13681"},{"taxonomy":"product_cat","embeddable":true,"href":"https:\/\/nordicmart.andreevmaster.com\/sv\/wp-json\/wp\/v2\/product_cat?post=13681"},{"taxonomy":"product_tag","embeddable":true,"href":"https:\/\/nordicmart.andreevmaster.com\/sv\/wp-json\/wp\/v2\/product_tag?post=13681"}],"curies":[{"name":"wp","href":"https:\/\/api.w.org\/{rel}","templated":true}]}}