{"id":13679,"date":"2026-02-27T00:18:51","date_gmt":"2026-02-27T00:18:51","guid":{"rendered":"https:\/\/nordicmart.andreevmaster.com\/product\/songmics-tvattkorg-i-imiterat-linne-60-l-gra\/"},"modified":"2026-02-27T08:11:54","modified_gmt":"2026-02-27T08:11:54","slug":"songmics-tvattkorg-i-imiterat-linne-60-l-gra","status":"publish","type":"product","link":"https:\/\/nordicmart.andreevmaster.com\/sv\/produkt\/songmics-tvattkorg-i-imiterat-linne-60-l-gra\/","title":{"rendered":"SONGMICS tv\u00e4ttkorg i imiterat linne 60 L gr\u00e5"},"content":{"rendered":"<p>Letar du efter en tv\u00e4ttkorg som ser snygg ut, har lock och inte \u00e4r f\u00f6r dyr? D\u00e5 kommer denna tv\u00e4ttkorg fr\u00e5n Songmics s\u00e4kert att \u00f6vertyga dig. Med en volym p\u00e5 60 liter rymmer korgen mycket och med locket st\u00e4ngt st\u00f6r den inte ens i sovrummet. Och trots sin l\u00e4tthet \u00e4r den stabil. Den tar ocks\u00e5 lite plats och passar perfekt i nischer, i badrum, p\u00e5 balkongen, i sovrummet etc. Den kan inte bara anv\u00e4ndas f\u00f6r att f\u00f6rvara tv\u00e4tt, utan ocks\u00e5 f\u00f6r att f\u00f6rvara gosedjur, leksaker, rena kl\u00e4der, filtar etc. Med Songmics tv\u00e4ttkorg f\u00e5r du en snygg design i din l\u00e4genhet. Produktdetaljer: &#8211; M\u00e5tt: 40 x 50 x 30 cm (B x H x D) &#8211; Material: kartong + imiterat linne + fleece-tyg + bandkant + bomullssn\u00f6re &#8211; F\u00e4rg: gr\u00e5 &#8211; Nettovikt: 2,25 kg Leveransomfattning: &#8211; 1 x tv\u00e4ttkorg Anvisningar:  &#8211; 1. F\u00f6r att f\u00f6rhindra m\u00f6gel rekommenderas att tv\u00e4ttkorgen inte anv\u00e4nds i fuktiga, v\u00e5ta  milj\u00f6er!  &#8211; 2. Endast l\u00e4mplig f\u00f6r torr tv\u00e4tt. L\u00e4mna INTE v\u00e5t tv\u00e4tt i tv\u00e4ttkorgen!  &#8211; 3. L\u00e4gg inte tunga f\u00f6rem\u00e5l p\u00e5 den!<\/p>\n","protected":false},"excerpt":{"rendered":"<p>SONGMICS tv\u00e4ttkorg 60 L, tv\u00e4ttkorg i imiterat linne, tv\u00e4ttkista med lock och handtag, hopf\u00e4llbar, gr\u00e5 LCB109<\/p>\n","protected":false},"featured_media":41782,"comment_status":"open","ping_status":"closed","template":"","meta":[],"product_brand":[],"product_cat":[33],"product_tag":[],"class_list":{"0":"post-13679","1":"product","2":"type-product","3":"status-publish","4":"has-post-thumbnail","6":"product_cat-okategoriserad","8":"first","9":"instock","10":"shipping-taxable","11":"purchasable","12":"product-type-simple"},"_links":{"self":[{"href":"https:\/\/nordicmart.andreevmaster.com\/sv\/wp-json\/wp\/v2\/product\/13679","targetHints":{"allow":["GET"]}}],"collection":[{"href":"https:\/\/nordicmart.andreevmaster.com\/sv\/wp-json\/wp\/v2\/product"}],"about":[{"href":"https:\/\/nordicmart.andreevmaster.com\/sv\/wp-json\/wp\/v2\/types\/product"}],"replies":[{"embeddable":true,"href":"https:\/\/nordicmart.andreevmaster.com\/sv\/wp-json\/wp\/v2\/comments?post=13679"}],"wp:featuredmedia":[{"embeddable":true,"href":"https:\/\/nordicmart.andreevmaster.com\/sv\/wp-json\/wp\/v2\/media\/41782"}],"wp:attachment":[{"href":"https:\/\/nordicmart.andreevmaster.com\/sv\/wp-json\/wp\/v2\/media?parent=13679"}],"wp:term":[{"taxonomy":"product_brand","embeddable":true,"href":"https:\/\/nordicmart.andreevmaster.com\/sv\/wp-json\/wp\/v2\/product_brand?post=13679"},{"taxonomy":"product_cat","embeddable":true,"href":"https:\/\/nordicmart.andreevmaster.com\/sv\/wp-json\/wp\/v2\/product_cat?post=13679"},{"taxonomy":"product_tag","embeddable":true,"href":"https:\/\/nordicmart.andreevmaster.com\/sv\/wp-json\/wp\/v2\/product_tag?post=13679"}],"curies":[{"name":"wp","href":"https:\/\/api.w.org\/{rel}","templated":true}]}}