{"id":13676,"date":"2026-02-27T00:18:51","date_gmt":"2026-02-27T00:18:51","guid":{"rendered":"https:\/\/nordicmart.andreevmaster.com\/product\/songmics-tvattkorg-med-3-fack\/"},"modified":"2026-02-27T08:11:54","modified_gmt":"2026-02-27T08:11:54","slug":"songmics-tvattkorg-med-3-fack","status":"publish","type":"product","link":"https:\/\/nordicmart.andreevmaster.com\/sv\/produkt\/songmics-tvattkorg-med-3-fack\/","title":{"rendered":"SONGMICS tv\u00e4ttkorg med 3 fack"},"content":{"rendered":"<p>F\u00f6r en smidig tv\u00e4ttdag: Ligger din smutsiga tv\u00e4tt utspridd \u00f6ver hela rummet s\u00e5 att du m\u00e5ste samla ihop den innan du kan ta den till tv\u00e4ttmaskinen? Eller uppt\u00e4cker du regelbundet fler kl\u00e4desplagg efter att din tv\u00e4tt redan snurrar glatt i tv\u00e4ttrumman? Om s\u00e5 \u00e4r fallet \u00e4r denna tv\u00e4ttkorg fr\u00e5n SONGMICS precis r\u00e4tt f\u00f6r dig! V\u00e4lkomna bambu i ditt hem: Bambu \u00e4r ett naturligt material som k\u00e4nnetecknas av sin h\u00f6ga stabilitet och sitt vackra, fr\u00e4scha utseende. Du beh\u00f6ver allts\u00e5 inte avst\u00e5 fr\u00e5n stil n\u00e4r du vill k\u00f6pa ett robust m\u00f6bel. F\u00f6ljer dig under m\u00e5nga \u00e5r: Metallramen och bottenplattan ger korgen ett stabilt st\u00f6d. Detta g\u00f6r att denna tv\u00e4ttkorg \u00e4r motst\u00e5ndskraftig mot deformationer och lovar god belastningskapacitet (upp till 25 kg) samt l\u00e5ng livsl\u00e4ngd. Produktdetaljer: &#8211; F\u00e4rg: Gr\u00e5 &#8211; Material: Bambu, bomull, plywood, metallram, ABS-kl\u00e4mma &#8211; Storlek: 60 x 40 x 61,5 cm (L x B x H) &#8211; Vikt: 3,7 kg &#8211; Max. statisk belastningsf\u00f6rm\u00e5ga: 25 kg Leveransomfattning: &#8211; 1 x tv\u00e4ttkorg &#8211; 1 x bruksanvisning SONGICs anvisningar: &#8211; F\u00f6rvara inte vassa f\u00f6rem\u00e5l i denna produkt f\u00f6r att undvika skador eller personskador.- Den maximala statiska belastningskapaciteten \u00e4r 25 kg. F\u00f6rvara inte tyngre f\u00f6rem\u00e5l i denna tv\u00e4ttkorg.<\/p>\n","protected":false},"excerpt":{"rendered":"<p>SONGMICS tv\u00e4ttkorg, tv\u00e4ttsamlare, av bambu, tv\u00e4ttkista med handtag, 3 fack, lock med clips, 150 l, hopf\u00e4llbar, f\u00f6r tv\u00e4ttstuga, sovrum, badrum, vit LCB091W01<\/p>\n","protected":false},"featured_media":41780,"comment_status":"open","ping_status":"closed","template":"","meta":[],"product_brand":[],"product_cat":[33],"product_tag":[],"class_list":{"0":"post-13676","1":"product","2":"type-product","3":"status-publish","4":"has-post-thumbnail","6":"product_cat-okategoriserad","8":"first","9":"instock","10":"shipping-taxable","11":"purchasable","12":"product-type-simple"},"_links":{"self":[{"href":"https:\/\/nordicmart.andreevmaster.com\/sv\/wp-json\/wp\/v2\/product\/13676","targetHints":{"allow":["GET"]}}],"collection":[{"href":"https:\/\/nordicmart.andreevmaster.com\/sv\/wp-json\/wp\/v2\/product"}],"about":[{"href":"https:\/\/nordicmart.andreevmaster.com\/sv\/wp-json\/wp\/v2\/types\/product"}],"replies":[{"embeddable":true,"href":"https:\/\/nordicmart.andreevmaster.com\/sv\/wp-json\/wp\/v2\/comments?post=13676"}],"wp:featuredmedia":[{"embeddable":true,"href":"https:\/\/nordicmart.andreevmaster.com\/sv\/wp-json\/wp\/v2\/media\/41780"}],"wp:attachment":[{"href":"https:\/\/nordicmart.andreevmaster.com\/sv\/wp-json\/wp\/v2\/media?parent=13676"}],"wp:term":[{"taxonomy":"product_brand","embeddable":true,"href":"https:\/\/nordicmart.andreevmaster.com\/sv\/wp-json\/wp\/v2\/product_brand?post=13676"},{"taxonomy":"product_cat","embeddable":true,"href":"https:\/\/nordicmart.andreevmaster.com\/sv\/wp-json\/wp\/v2\/product_cat?post=13676"},{"taxonomy":"product_tag","embeddable":true,"href":"https:\/\/nordicmart.andreevmaster.com\/sv\/wp-json\/wp\/v2\/product_tag?post=13676"}],"curies":[{"name":"wp","href":"https:\/\/api.w.org\/{rel}","templated":true}]}}