{"id":13673,"date":"2026-02-27T00:18:50","date_gmt":"2026-02-27T00:18:50","guid":{"rendered":"https:\/\/nordicmart.andreevmaster.com\/product\/songmics-handflatad-tvattkorg-med-3-fack\/"},"modified":"2026-02-27T08:11:53","modified_gmt":"2026-02-27T08:11:53","slug":"songmics-handflatad-tvattkorg-med-3-fack","status":"publish","type":"product","link":"https:\/\/nordicmart.andreevmaster.com\/sv\/produkt\/songmics-handflatad-tvattkorg-med-3-fack\/","title":{"rendered":"SONGMICS handfl\u00e4tad tv\u00e4ttkorg med 3 fack"},"content":{"rendered":"<p>Ett st\u00e4dat hem \u00e4r ett lyckligt hem: Det \u00e4r f\u00f6rst\u00e5s mycket bekv\u00e4mt att bara sl\u00e4nga smutsig tv\u00e4tt p\u00e5 golvet n\u00e4r man har tagit av sig kl\u00e4derna. Men det g\u00f6r inte bara ditt hem mer kaotiskt, du m\u00e5ste ocks\u00e5 samla ihop din smutsiga tv\u00e4tt p\u00e5 tv\u00e4ttdagen, vilket \u00e4r besv\u00e4rligt. Varf\u00f6r inte prova denna tv\u00e4ttkorg? Den har 3 fack och \u00e4r dessutom f\u00f6rsedd med ett lock. P\u00e5 s\u00e5 s\u00e4tt kan du inte bara sortera din smutsiga tv\u00e4tt, utan ocks\u00e5 h\u00e5lla den g\u00f6md. Du kan f\u00f6rv\u00e4nta dig f\u00f6ljande f\u00f6rdelar: Den handfl\u00e4tade ytan ger denna kista ett speciellt utseende. Tack vare ett robust metallstativ kommer denna tv\u00e4ttkorg att h\u00e5lla i m\u00e5nga \u00e5r.N\u00e4r du inte anv\u00e4nder korgen kan du f\u00e4lla ihop den och f\u00f6rvara den p\u00e5 ett utrymmesbesparande s\u00e4tt. De 3 p\u00e5sarna \u00e4r individuellt avtagbara och har dessutom handtag. Du kan tv\u00e4tta p\u00e5sarna i tv\u00e4ttmaskinen efter att du har tagit bort handtagen. Den enkla strukturen p\u00e5 denna kista g\u00f6r monteringen till en barnlek. Denna tv\u00e4ttkorg passar perfekt i tv\u00e4ttstugan, sovrummet, badrummet eller vardagsrummet. Produktdetaljer:F\u00e4rg: Gr\u00e5 Material: PP-plast (polypropen), metallstativ, bomull Storlek: 66 x 35 x 60,5 cm (L x B x H) Vikt: 5,4 kg Max. statisk belastningskapacitet: 27 kg Leveransomfattning: 1 x tv\u00e4ttkorg 1 x bruksanvisning (DE, EN, FR, ES, IT)<\/p>\n","protected":false},"excerpt":{"rendered":"<p>SONGMICS handfl\u00e4tad tv\u00e4ttkorg, tv\u00e4ttkorg i polyrotting, med 3 fack, lock och handtag, avtagbara p\u00e5sar, vardagsrum, sovrum, tv\u00e4ttstuga, gr\u00e5 LCB083G02<\/p>\n","protected":false},"featured_media":41777,"comment_status":"open","ping_status":"closed","template":"","meta":[],"product_brand":[],"product_cat":[33],"product_tag":[],"class_list":{"0":"post-13673","1":"product","2":"type-product","3":"status-publish","4":"has-post-thumbnail","6":"product_cat-okategoriserad","8":"first","9":"instock","10":"shipping-taxable","11":"purchasable","12":"product-type-simple"},"_links":{"self":[{"href":"https:\/\/nordicmart.andreevmaster.com\/sv\/wp-json\/wp\/v2\/product\/13673","targetHints":{"allow":["GET"]}}],"collection":[{"href":"https:\/\/nordicmart.andreevmaster.com\/sv\/wp-json\/wp\/v2\/product"}],"about":[{"href":"https:\/\/nordicmart.andreevmaster.com\/sv\/wp-json\/wp\/v2\/types\/product"}],"replies":[{"embeddable":true,"href":"https:\/\/nordicmart.andreevmaster.com\/sv\/wp-json\/wp\/v2\/comments?post=13673"}],"wp:featuredmedia":[{"embeddable":true,"href":"https:\/\/nordicmart.andreevmaster.com\/sv\/wp-json\/wp\/v2\/media\/41777"}],"wp:attachment":[{"href":"https:\/\/nordicmart.andreevmaster.com\/sv\/wp-json\/wp\/v2\/media?parent=13673"}],"wp:term":[{"taxonomy":"product_brand","embeddable":true,"href":"https:\/\/nordicmart.andreevmaster.com\/sv\/wp-json\/wp\/v2\/product_brand?post=13673"},{"taxonomy":"product_cat","embeddable":true,"href":"https:\/\/nordicmart.andreevmaster.com\/sv\/wp-json\/wp\/v2\/product_cat?post=13673"},{"taxonomy":"product_tag","embeddable":true,"href":"https:\/\/nordicmart.andreevmaster.com\/sv\/wp-json\/wp\/v2\/product_tag?post=13673"}],"curies":[{"name":"wp","href":"https:\/\/api.w.org\/{rel}","templated":true}]}}