{"id":13665,"date":"2026-02-27T00:18:48","date_gmt":"2026-02-27T00:18:48","guid":{"rendered":"https:\/\/nordicmart.andreevmaster.com\/product\/songmics-tvattkorg-90-liter-av-bambu-med-lock-naturfargad\/"},"modified":"2026-02-27T08:11:52","modified_gmt":"2026-02-27T08:11:52","slug":"songmics-tvattkorg-90-liter-av-bambu-med-lock-naturfargad","status":"publish","type":"product","link":"https:\/\/nordicmart.andreevmaster.com\/sv\/produkt\/songmics-tvattkorg-90-liter-av-bambu-med-lock-naturfargad\/","title":{"rendered":"SONGMICS tv\u00e4ttkorg 90 liter av bambu med lock naturf\u00e4rgad"},"content":{"rendered":"<p>SONGMICS tv\u00e4ttkorg, tv\u00e4ttsamlare i bambu, 90 liter, tv\u00e4ttp\u00e5se som kan tas ut och tv\u00e4ttas i maskin, med lock, handtag, f\u00f6r tv\u00e4ttstuga, sovrum, vardagsrum, naturf\u00e4rgad LCB067Y01<br \/>\nF\u00e4rg: Naturf\u00e4rgad<br \/>\nMaterial: Bambu, polyester-bomullsblandning, st\u00e5l, polyamid (nylon), PU-konstl\u00e4der, MDF (medeldensitetsfiberplatta), plast, bomull<br \/>\nStorlek: 49 x 33 x 61 cm (L x B x H)<br \/>\nVikt: 2,3 kg<br \/>\nMax. statisk belastningskapacitet: 10 kg<\/p>\n","protected":false},"excerpt":{"rendered":"<p>SONGMICS tv\u00e4ttkorg, tv\u00e4ttsamlare i bambu, 90 liter, tv\u00e4ttp\u00e5se som kan tas ut och tv\u00e4ttas i maskin, med lock, handtag, f\u00f6r tv\u00e4ttstuga, sovrum, vardagsrum, naturf\u00e4rgad LCB067Y01<\/p>\n","protected":false},"featured_media":41770,"comment_status":"open","ping_status":"closed","template":"","meta":[],"product_brand":[],"product_cat":[33],"product_tag":[],"class_list":{"0":"post-13665","1":"product","2":"type-product","3":"status-publish","4":"has-post-thumbnail","6":"product_cat-okategoriserad","8":"first","9":"instock","10":"shipping-taxable","11":"purchasable","12":"product-type-simple"},"_links":{"self":[{"href":"https:\/\/nordicmart.andreevmaster.com\/sv\/wp-json\/wp\/v2\/product\/13665","targetHints":{"allow":["GET"]}}],"collection":[{"href":"https:\/\/nordicmart.andreevmaster.com\/sv\/wp-json\/wp\/v2\/product"}],"about":[{"href":"https:\/\/nordicmart.andreevmaster.com\/sv\/wp-json\/wp\/v2\/types\/product"}],"replies":[{"embeddable":true,"href":"https:\/\/nordicmart.andreevmaster.com\/sv\/wp-json\/wp\/v2\/comments?post=13665"}],"wp:featuredmedia":[{"embeddable":true,"href":"https:\/\/nordicmart.andreevmaster.com\/sv\/wp-json\/wp\/v2\/media\/41770"}],"wp:attachment":[{"href":"https:\/\/nordicmart.andreevmaster.com\/sv\/wp-json\/wp\/v2\/media?parent=13665"}],"wp:term":[{"taxonomy":"product_brand","embeddable":true,"href":"https:\/\/nordicmart.andreevmaster.com\/sv\/wp-json\/wp\/v2\/product_brand?post=13665"},{"taxonomy":"product_cat","embeddable":true,"href":"https:\/\/nordicmart.andreevmaster.com\/sv\/wp-json\/wp\/v2\/product_cat?post=13665"},{"taxonomy":"product_tag","embeddable":true,"href":"https:\/\/nordicmart.andreevmaster.com\/sv\/wp-json\/wp\/v2\/product_tag?post=13665"}],"curies":[{"name":"wp","href":"https:\/\/api.w.org\/{rel}","templated":true}]}}