{"id":13652,"date":"2026-02-27T00:18:45","date_gmt":"2026-02-27T00:18:45","guid":{"rendered":"https:\/\/nordicmart.andreevmaster.com\/product\/songmics-tvattkorg-handflatad-brun\/"},"modified":"2026-02-27T08:11:49","modified_gmt":"2026-02-27T08:11:49","slug":"songmics-tvattkorg-handflatad-brun","status":"publish","type":"product","link":"https:\/\/nordicmart.andreevmaster.com\/sv\/produkt\/songmics-tvattkorg-handflatad-brun\/","title":{"rendered":"SONGMICS tv\u00e4ttkorg handfl\u00e4tad brun"},"content":{"rendered":"<p>Ett ordnat hem \u00e4r ett lyckligt hem: Det \u00e4r naturligtvis mycket bekv\u00e4mt att bara sl\u00e4nga smutsig tv\u00e4tt p\u00e5 golvet efter att man tagit av sig kl\u00e4derna. Detta g\u00f6r dock inte bara ditt hem mer kaotiskt, utan du m\u00e5ste ocks\u00e5 samla in din smutsiga tv\u00e4tt p\u00e5 tv\u00e4ttdagen, vilket \u00e4r besv\u00e4rligt.Med denna tv\u00e4ttkorg (90 liter) som m\u00e4ter 46 x 33 x 60 cm (L x B x H) kan du enkelt f\u00f6rvara din smutsiga tv\u00e4tt p\u00e5 ett st\u00e4lle. Tv\u00e4ttp\u00e5sen f\u00e4sts p\u00e5 korgen s\u00e5 att den inte kan glida ner. Den \u00e4r dessutom l\u00e4tt att ta ut och b\u00e4ra till tv\u00e4ttmaskinen. Handfl\u00e4tade m\u00f6bler med charm: Den handfl\u00e4tade korgen ger ditt hem en touch av klass. Tack vare den h\u00f6gkvalitativa syntetiska rottingen och metallramen beh\u00f6ver du inte oroa dig f\u00f6r att rost eller vatten ska skada din tv\u00e4ttkorg eller kl\u00e4derna som f\u00f6rvaras i den \u2013 inte ens i ett fuktigt rum som badrummet.Korgen \u00e4r ocks\u00e5 perfekt f\u00f6r f\u00f6rvaring av leksaker i barnrummet eller redskap i din verkstad och t\u00e5l en belastning p\u00e5 upp till 25 kg. Produktdetaljer: F\u00e4rg: Brun Material: PP-plastrotting, metallram, bomull Storlek: 46 x 33 x 60 cm (L x B x H) Vikt: 4 kg Max. statisk belastningskapacitet: 25 kg Leveransomfattning: 1 x tv\u00e4ttkorg 1 x beh\u00e5llare med tillbeh\u00f6r 1 x bruksanvisning (DE, EN, FR, ES, IT) SONGMICS Anm\u00e4rkningar: Produkten f\u00e5r inte komma i kontakt med vassa f\u00f6rem\u00e5l f\u00f6r att undvika skador.Produktens max. statiska belastningskapacitet \u00e4r 25 kg. F\u00f6rvara inte tyngre f\u00f6rem\u00e5l i kistan. Detta \u00e4r en handfl\u00e4tad produkt. Ibland kan det d\u00e4rf\u00f6r f\u00f6rekomma oj\u00e4mnheter i enskilda fl\u00e4tband och deras fogar, vilket dock inte p\u00e5verkar produktens anv\u00e4ndning.<\/p>\n","protected":false},"excerpt":{"rendered":"<p>SONGMICS tv\u00e4ttkorg handfl\u00e4tad, 90 L, tv\u00e4ttkorg i syntetrotting, med lock och handtag, hopf\u00e4llbar, tv\u00e4ttp\u00e5se avtagbar, brun LCB051K02<\/p>\n","protected":false},"featured_media":41758,"comment_status":"open","ping_status":"closed","template":"","meta":[],"product_brand":[],"product_cat":[33],"product_tag":[],"class_list":{"0":"post-13652","1":"product","2":"type-product","3":"status-publish","4":"has-post-thumbnail","6":"product_cat-okategoriserad","8":"first","9":"instock","10":"shipping-taxable","11":"purchasable","12":"product-type-simple"},"_links":{"self":[{"href":"https:\/\/nordicmart.andreevmaster.com\/sv\/wp-json\/wp\/v2\/product\/13652","targetHints":{"allow":["GET"]}}],"collection":[{"href":"https:\/\/nordicmart.andreevmaster.com\/sv\/wp-json\/wp\/v2\/product"}],"about":[{"href":"https:\/\/nordicmart.andreevmaster.com\/sv\/wp-json\/wp\/v2\/types\/product"}],"replies":[{"embeddable":true,"href":"https:\/\/nordicmart.andreevmaster.com\/sv\/wp-json\/wp\/v2\/comments?post=13652"}],"wp:featuredmedia":[{"embeddable":true,"href":"https:\/\/nordicmart.andreevmaster.com\/sv\/wp-json\/wp\/v2\/media\/41758"}],"wp:attachment":[{"href":"https:\/\/nordicmart.andreevmaster.com\/sv\/wp-json\/wp\/v2\/media?parent=13652"}],"wp:term":[{"taxonomy":"product_brand","embeddable":true,"href":"https:\/\/nordicmart.andreevmaster.com\/sv\/wp-json\/wp\/v2\/product_brand?post=13652"},{"taxonomy":"product_cat","embeddable":true,"href":"https:\/\/nordicmart.andreevmaster.com\/sv\/wp-json\/wp\/v2\/product_cat?post=13652"},{"taxonomy":"product_tag","embeddable":true,"href":"https:\/\/nordicmart.andreevmaster.com\/sv\/wp-json\/wp\/v2\/product_tag?post=13652"}],"curies":[{"name":"wp","href":"https:\/\/api.w.org\/{rel}","templated":true}]}}