{"id":13649,"date":"2026-02-27T00:18:45","date_gmt":"2026-02-27T00:18:45","guid":{"rendered":"https:\/\/nordicmart.andreevmaster.com\/product\/songmics-tvattkorg-i-imiterat-linne-85-l-gra\/"},"modified":"2026-02-27T08:11:49","modified_gmt":"2026-02-27T08:11:49","slug":"songmics-tvattkorg-i-imiterat-linne-85-l-gra","status":"publish","type":"product","link":"https:\/\/nordicmart.andreevmaster.com\/sv\/produkt\/songmics-tvattkorg-i-imiterat-linne-85-l-gra\/","title":{"rendered":"SONGMICS tv\u00e4ttkorg i imiterat linne 85 L gr\u00e5"},"content":{"rendered":"<p>F\u00f6r en smidig tv\u00e4ttdag: Ligger din smutsiga tv\u00e4tt utspridd \u00f6ver hela rummet s\u00e5 att du m\u00e5ste samla ihop den innan du kan ta den till tv\u00e4ttmaskinen? Eller uppt\u00e4cker du regelbundet fler kl\u00e4desplagg efter att din tv\u00e4tt redan snurrar glatt i tv\u00e4ttrumman? Om s\u00e5 \u00e4r fallet \u00e4r denna tv\u00e4ttkorg fr\u00e5n SONGMICS precis r\u00e4tt f\u00f6r dig!Hudv\u00e4nlig imiterad linne: Denna tv\u00e4ttkorg \u00e4r kl\u00e4dd med andningsbar imiterad linne i elegant gr\u00e5tt. Detta material s\u00e4kerst\u00e4ller god ventilation och passar dessutom till n\u00e4stan alla inredningsstilar. Skaffa denna tv\u00e4ttkorg idag s\u00e5 att den kan hj\u00e4lpa dig med tv\u00e4ttdagen! Produktdetaljer: F\u00e4rg: Svart Material: imiterat linne, MDF (medeldensitetsfiberplatta), bomull, non-woven-tyg Storlek: 36 x 36 x 66 cm (L x B x H) Vikt: 3,1 kg Max. statisk belastningskapacitet: 20 kg Leveransomfattning: 1 x tv\u00e4ttkorg 1 x bruksanvisning (DE, EN, FR, ES, IT) SONGMICS Anm\u00e4rkningar:Produkten f\u00e5r inte komma i kontakt med vassa f\u00f6rem\u00e5l f\u00f6r att undvika skador. Den maximala statiska belastningskapaciteten \u00e4r 20 kg. F\u00f6rvara inte f\u00f6r tunga f\u00f6rem\u00e5l i denna tv\u00e4ttkorg.<\/p>\n","protected":false},"excerpt":{"rendered":"<p>SONGMICS tv\u00e4ttkorg 85 L, tv\u00e4ttkorg i imiterat linne, tv\u00e4ttkista med magnetiskt lock och handtag, hopf\u00e4llbar, tv\u00e4ttp\u00e5se avtagbar, gr\u00e5 LCB01G<\/p>\n","protected":false},"featured_media":41755,"comment_status":"open","ping_status":"closed","template":"","meta":[],"product_brand":[],"product_cat":[33],"product_tag":[],"class_list":{"0":"post-13649","1":"product","2":"type-product","3":"status-publish","4":"has-post-thumbnail","6":"product_cat-okategoriserad","8":"first","9":"instock","10":"shipping-taxable","11":"purchasable","12":"product-type-simple"},"_links":{"self":[{"href":"https:\/\/nordicmart.andreevmaster.com\/sv\/wp-json\/wp\/v2\/product\/13649","targetHints":{"allow":["GET"]}}],"collection":[{"href":"https:\/\/nordicmart.andreevmaster.com\/sv\/wp-json\/wp\/v2\/product"}],"about":[{"href":"https:\/\/nordicmart.andreevmaster.com\/sv\/wp-json\/wp\/v2\/types\/product"}],"replies":[{"embeddable":true,"href":"https:\/\/nordicmart.andreevmaster.com\/sv\/wp-json\/wp\/v2\/comments?post=13649"}],"wp:featuredmedia":[{"embeddable":true,"href":"https:\/\/nordicmart.andreevmaster.com\/sv\/wp-json\/wp\/v2\/media\/41755"}],"wp:attachment":[{"href":"https:\/\/nordicmart.andreevmaster.com\/sv\/wp-json\/wp\/v2\/media?parent=13649"}],"wp:term":[{"taxonomy":"product_brand","embeddable":true,"href":"https:\/\/nordicmart.andreevmaster.com\/sv\/wp-json\/wp\/v2\/product_brand?post=13649"},{"taxonomy":"product_cat","embeddable":true,"href":"https:\/\/nordicmart.andreevmaster.com\/sv\/wp-json\/wp\/v2\/product_cat?post=13649"},{"taxonomy":"product_tag","embeddable":true,"href":"https:\/\/nordicmart.andreevmaster.com\/sv\/wp-json\/wp\/v2\/product_tag?post=13649"}],"curies":[{"name":"wp","href":"https:\/\/api.w.org\/{rel}","templated":true}]}}