{"id":13640,"date":"2026-02-27T00:18:43","date_gmt":"2026-02-27T00:18:43","guid":{"rendered":"https:\/\/nordicmart.andreevmaster.com\/product\/songmics-tvattkorg-med-lock\/"},"modified":"2026-02-27T08:11:47","modified_gmt":"2026-02-27T08:11:47","slug":"songmics-tvattkorg-med-lock","status":"publish","type":"product","link":"https:\/\/nordicmart.andreevmaster.com\/sv\/produkt\/songmics-tvattkorg-med-lock\/","title":{"rendered":"SONGMICS tv\u00e4ttkorg med lock"},"content":{"rendered":"<p>F\u00f6r en smidig tv\u00e4ttdag Ligger din smutsiga tv\u00e4tt utspridd \u00f6ver hela rummet, s\u00e5 att du m\u00e5ste samla ihop den innan du kan ta den till tv\u00e4ttmaskinen? Eller uppt\u00e4cker du regelbundet fler kl\u00e4desplagg efter att din tv\u00e4tt redan snurrar glatt i tv\u00e4ttrumman? Om ja, \u00e4r denna tv\u00e4ttkorg fr\u00e5n SONGMICS precis r\u00e4tt f\u00f6r dig!Hudv\u00e4nlig imiterad linne Denna tv\u00e4ttkorg \u00e4r kl\u00e4dd med andningsbar imiterad linne i elegant m\u00f6rkgr\u00e5tt. Detta material s\u00e4kerst\u00e4ller god ventilation och passar dessutom till n\u00e4stan alla inredningsstilar. Skaffa denna korg med lock redan idag s\u00e5 att den kan hj\u00e4lpa dig genom tv\u00e4ttdagen! Produktdetaljer: &#8211; F\u00e4rg: M\u00f6rkgr\u00e5 &#8211; Material: Linimitation, MDF (medeldensitetsfiberplatta), bomull, non-woven-storlek: 36 x 36 x 66 cm (L x B x H) &#8211; Vikt: 3,1 kg &#8211; Max. statisk belastningskapacitet: 20 kg Leveransomfattning: &#8211; 1 x tv\u00e4ttkorg &#8211; 1 x instruktioner SONGMICS Anm\u00e4rkningar:- Produkten f\u00e5r inte komma i kontakt med vassa f\u00f6rem\u00e5l f\u00f6r att undvika skador. &#8211; Den maximala statiska belastningskapaciteten \u00e4r 20 kg. F\u00f6rvara inte f\u00f6r tunga f\u00f6rem\u00e5l i denna tv\u00e4ttkorg.<\/p>\n","protected":false},"excerpt":{"rendered":"<p>SONGMICS tv\u00e4ttkorg 85 l, tv\u00e4ttkorg i imiterat linne, tv\u00e4ttkista med magnetlock och handtag, hopf\u00e4llbar, tv\u00e4ttp\u00e5se som kan tas ut, m\u00f6rkgr\u00e5 LCB001G02<\/p>\n","protected":false},"featured_media":41748,"comment_status":"open","ping_status":"closed","template":"","meta":[],"product_brand":[],"product_cat":[33],"product_tag":[],"class_list":{"0":"post-13640","1":"product","2":"type-product","3":"status-publish","4":"has-post-thumbnail","6":"product_cat-okategoriserad","8":"first","9":"instock","10":"shipping-taxable","11":"purchasable","12":"product-type-simple"},"_links":{"self":[{"href":"https:\/\/nordicmart.andreevmaster.com\/sv\/wp-json\/wp\/v2\/product\/13640","targetHints":{"allow":["GET"]}}],"collection":[{"href":"https:\/\/nordicmart.andreevmaster.com\/sv\/wp-json\/wp\/v2\/product"}],"about":[{"href":"https:\/\/nordicmart.andreevmaster.com\/sv\/wp-json\/wp\/v2\/types\/product"}],"replies":[{"embeddable":true,"href":"https:\/\/nordicmart.andreevmaster.com\/sv\/wp-json\/wp\/v2\/comments?post=13640"}],"wp:featuredmedia":[{"embeddable":true,"href":"https:\/\/nordicmart.andreevmaster.com\/sv\/wp-json\/wp\/v2\/media\/41748"}],"wp:attachment":[{"href":"https:\/\/nordicmart.andreevmaster.com\/sv\/wp-json\/wp\/v2\/media?parent=13640"}],"wp:term":[{"taxonomy":"product_brand","embeddable":true,"href":"https:\/\/nordicmart.andreevmaster.com\/sv\/wp-json\/wp\/v2\/product_brand?post=13640"},{"taxonomy":"product_cat","embeddable":true,"href":"https:\/\/nordicmart.andreevmaster.com\/sv\/wp-json\/wp\/v2\/product_cat?post=13640"},{"taxonomy":"product_tag","embeddable":true,"href":"https:\/\/nordicmart.andreevmaster.com\/sv\/wp-json\/wp\/v2\/product_tag?post=13640"}],"curies":[{"name":"wp","href":"https:\/\/api.w.org\/{rel}","templated":true}]}}